{"id":12334,"date":"2016-09-04T09:17:32","date_gmt":"2016-09-04T06:17:32","guid":{"rendered":"https:\/\/www.zimmernorth.co.il\/fr\/?page_id=12334"},"modified":"2016-09-04T09:22:23","modified_gmt":"2016-09-04T06:22:23","slug":"offrez-une-carte-cadeau","status":"publish","type":"page","link":"https:\/\/zimmernorth.co.il\/fr\/offrez-une-carte-cadeau\/","title":{"rendered":"Offrez une carte cadeau Mobile"},"content":{"rendered":"<p>[et_pb_section admin_label=\u00a0\u00bbsection\u00a0\u00bb][et_pb_row admin_label=\u00a0\u00bbrow\u00a0\u00bb][et_pb_column type=\u00a0\u00bb4_4&Prime;][et_pb_text admin_label=\u00a0\u00bb\u05d8\u05e7\u05e1\u05d8\u00a0\u00bb background_layout=\u00a0\u00bblight\u00a0\u00bb text_orientation=\u00a0\u00bbright\u00a0\u00bb disabled=\u00a0\u00bboff\u00a0\u00bb disabled_on=\u00a0\u00bb||on\u00a0\u00bb use_border_color=\u00a0\u00bboff\u00a0\u00bb border_color=\u00a0\u00bb#ffffff\u00a0\u00bb border_style=\u00a0\u00bbsolid\u00a0\u00bb]<\/p>\n<h1 dir=\"ltr\" style=\"text-align: left;\"><span style=\"color: #ffffff;\">.<\/span><\/h1>\n<h1 dir=\"ltr\" style=\"text-align: left;\">Offrez une carte cadeau !<\/h1>\n<p dir=\"ltr\" style=\"text-align: left;\">L\u2019anniversaire de mariage de vos parents, le mariage d\u2019un ami, une promotion ou juste une envie de faire plaisir ou de dire merci ? Faites-le avec une carte cadeau pour un s\u00e9jour \u00e0 Or Bereshit !<br \/>\nVous choisissez le montant du cadeau, vous nous appelez, et on s\u2019occupe du reste ! Nous imprimerons une carte personnalis\u00e9e avec votre message au nom des destinataires, nous vous l\u2019adresserons par email pour v\u00e9rification, et apr\u00e8s votre paiement, vous n\u2019aurez plus qu\u2019\u00e0 l\u2019offrir !<\/p>\n<p dir=\"ltr\" style=\"text-align: left;\">1. Exemple de carte cadeau pour un mariage ou un anniversaire de mariage<\/p>\n<p dir=\"ltr\" style=\"text-align: left;\"><img fetchpriority=\"high\" fetchpriority=\"high\" decoding=\"async\" class=\"alignnone wp-image-10750\" src=\"https:\/\/www.zimmernorth.co.il\/wp-content\/uploads\/2016\/06\/voucher-1-300x142.png\" alt=\"voucher 1\" width=\"400\" height=\"190\" srcset=\"https:\/\/zimmernorth.co.il\/wp-content\/uploads\/2016\/06\/voucher-1-300x142.png 300w, https:\/\/zimmernorth.co.il\/wp-content\/uploads\/2016\/06\/voucher-1.png 679w\" sizes=\"(max-width: 400px) 100vw, 400px\" \/><\/p>\n<p dir=\"ltr\" style=\"text-align: left;\">2. Exemple de carte cadeau pour un \u00e9v\u00e8nement particulier, f\u00eates ou amiti\u00e9<\/p>\n<p dir=\"ltr\" style=\"text-align: left;\"><img decoding=\"async\" class=\"alignnone wp-image-10753\" src=\"https:\/\/www.zimmernorth.co.il\/wp-content\/uploads\/2016\/06\/voucher-2-300x141.png\" alt=\"voucher 2\" width=\"400\" height=\"189\" srcset=\"https:\/\/zimmernorth.co.il\/wp-content\/uploads\/2016\/06\/voucher-2-300x141.png 300w, https:\/\/zimmernorth.co.il\/wp-content\/uploads\/2016\/06\/voucher-2.png 679w\" sizes=\"(max-width: 400px) 100vw, 400px\" \/><\/p>\n<p dir=\"ltr\" style=\"text-align: left;\">3. Exemple de carte cadeau pour toute autre occasion : pour dire merci, pour une naissance\u2026<\/p>\n<p dir=\"ltr\" style=\"text-align: left;\"><img decoding=\"async\" class=\"alignnone wp-image-10755\" src=\"https:\/\/www.zimmernorth.co.il\/wp-content\/uploads\/2016\/06\/voucher-3-300x142.png\" alt=\"voucher 3\" width=\"400\" height=\"189\" srcset=\"https:\/\/zimmernorth.co.il\/wp-content\/uploads\/2016\/06\/voucher-3-300x142.png 300w, https:\/\/zimmernorth.co.il\/wp-content\/uploads\/2016\/06\/voucher-3.png 678w\" sizes=\"(max-width: 400px) 100vw, 400px\" \/><\/p>\n<p dir=\"ltr\" style=\"text-align: left;\">Le prix des cartes varie selon le choix du chalet, le s\u00e9jour choisi, la p\u00e9riode et le nombre de nuits et commencent \u00e0 partir de 550 shekels. A cela vous pouvez ajouter des suppl\u00e9ments de votre choix : bouteille de vin, repas livr\u00e9, massage ou soin holistique, excursion ou atelier\u2026<br \/>\nMais vous pouvez offrir aussi un simple bon de r\u00e9duction, \u00e0 partir de 550 shekels, que le destinataire du cadeau compl\u00e8tera, selon ses pr\u00e9f\u00e9rences.<br \/>\nSelon le prix, nos cartes peuvent \u00eatre soumises \u00e0 des conditions de disponibilit\u00e9, et sont valables pour une p\u00e9riode illimit\u00e9e<br \/>\nLes tarifs de nos s\u00e9jours figurent dans la rubrique \u00ab carte cadeau \u00bb, accessible uniquement sur le site Or Bereshit sur ordinateur et non sur andro\u00efde.<\/p>\n<p dir=\"ltr\" style=\"text-align: left;\"><span style=\"color: #ffffff;\">.<\/span><\/p>\n<h3 dir=\"ltr\" style=\"text-align: left;\">Renseignements:<br \/>\n054-5747691 Salom<\/h3>\n<p>[\/et_pb_text][\/et_pb_column][\/et_pb_row][\/et_pb_section]<\/p>\n","protected":false},"excerpt":{"rendered":"<p>. Offrez une carte cadeau ! L\u2019anniversaire de mariage de vos parents, le mariage d\u2019un ami, une promotion ou juste une envie de faire plaisir ou de dire merci ? Faites-le avec une carte cadeau pour un s\u00e9jour \u00e0 Or Bereshit ! Vous choisissez le montant du cadeau, vous nous appelez, et on s\u2019occupe du [&hellip;]<\/p>\n","protected":false},"author":3,"featured_media":0,"parent":0,"menu_order":0,"comment_status":"closed","ping_status":"closed","template":"page-template-blank.php","meta":{"_acf_changed":false,"_et_pb_use_builder":"on","_et_pb_old_content":"<h1 dir=\"ltr\" style=\"text-align: left;\">Offrez une carte cadeau !<\/h1><p dir=\"ltr\" style=\"text-align: left;\">L\u2019anniversaire de mariage de vos parents, le mariage d\u2019un ami, une promotion ou juste une envie de faire plaisir ou de dire merci ? Faites-le avec une carte cadeau pour un s\u00e9jour \u00e0 Or Bereshit !<br \/>Vous choisissez le montant du cadeau, vous nous appelez, et on s\u2019occupe du reste ! Nous imprimerons une carte personnalis\u00e9e avec votre message au nom des destinataires, nous vous l\u2019adresserons par email pour v\u00e9rification, et apr\u00e8s votre paiement, vous n\u2019aurez plus qu\u2019\u00e0 l\u2019offrir !<\/p><p dir=\"ltr\" style=\"text-align: left;\">1. Exemple de carte cadeau pour un mariage ou un anniversaire de mariage<\/p><p dir=\"ltr\" style=\"text-align: left;\">2. Exemple de carte cadeau pour un \u00e9v\u00e8nement particulier, f\u00eates ou amiti\u00e9<\/p><p dir=\"ltr\" style=\"text-align: left;\">3. Exemple de carte cadeau pour toute autre occasion : pour dire merci, pour une naissance\u2026<\/p><p dir=\"ltr\" style=\"text-align: left;\">Le prix des cartes varie selon le choix du chalet, le s\u00e9jour choisi, la p\u00e9riode et le nombre de nuits et commencent \u00e0 partir de 550 shekels. A cela vous pouvez ajouter des suppl\u00e9ments de votre choix : bouteille de vin, repas livr\u00e9, massage ou soin holistique, excursion ou atelier\u2026<br \/>Mais vous pouvez offrir aussi un simple bon de r\u00e9duction, \u00e0 partir de 550 shekels, que le destinataire du cadeau compl\u00e8tera, selon ses pr\u00e9f\u00e9rences. <br \/>Selon le prix, nos cartes peuvent \u00eatre soumises \u00e0 des conditions de disponibilit\u00e9, et sont valables pour une p\u00e9riode illimit\u00e9e<br \/>Les tarifs de nos s\u00e9jours figurent dans la rubrique \u00ab carte cadeau \u00bb, accessible uniquement sur le site Or Bereshit sur ordinateur et non sur andro\u00efde. <\/p><h3 dir=\"ltr\" style=\"text-align: left;\">Renseignements: 054-5747691 Salom<\/h3>","_et_gb_content_width":"","_joinchat":[],"footnotes":"","_links_to":"","_links_to_target":""},"class_list":["post-12334","page","type-page","status-publish","hentry"],"acf":[],"aioseo_notices":[],"_links":{"self":[{"href":"https:\/\/zimmernorth.co.il\/fr\/wp-json\/wp\/v2\/pages\/12334","targetHints":{"allow":["GET"]}}],"collection":[{"href":"https:\/\/zimmernorth.co.il\/fr\/wp-json\/wp\/v2\/pages"}],"about":[{"href":"https:\/\/zimmernorth.co.il\/fr\/wp-json\/wp\/v2\/types\/page"}],"author":[{"embeddable":true,"href":"https:\/\/zimmernorth.co.il\/fr\/wp-json\/wp\/v2\/users\/3"}],"replies":[{"embeddable":true,"href":"https:\/\/zimmernorth.co.il\/fr\/wp-json\/wp\/v2\/comments?post=12334"}],"version-history":[{"count":0,"href":"https:\/\/zimmernorth.co.il\/fr\/wp-json\/wp\/v2\/pages\/12334\/revisions"}],"wp:attachment":[{"href":"https:\/\/zimmernorth.co.il\/fr\/wp-json\/wp\/v2\/media?parent=12334"}],"curies":[{"name":"wp","href":"https:\/\/api.w.org\/{rel}","templated":true}]}}