{"id":12222,"date":"2016-08-31T08:28:01","date_gmt":"2016-08-31T05:28:01","guid":{"rendered":"https:\/\/www.zimmernorth.co.il\/fr\/?page_id=12222"},"modified":"2016-08-31T08:40:39","modified_gmt":"2016-08-31T05:40:39","slug":"paiement-securise","status":"publish","type":"page","link":"https:\/\/zimmernorth.co.il\/fr\/paiement-securise\/","title":{"rendered":"Paiement s\u00e9curis\u00e9"},"content":{"rendered":"<h1 dir=\"ltr\" style=\"text-align: left;\">Paiement s\u00e9curis\u00e9<\/h1>\n<h4 dir=\"ltr\" style=\"text-align: left;\">\nSoyez assur\u00e9 que nous veillons avec le plus grand soin \u00e0 la protection et \u00e0 la confidentialit\u00e9 de toutes donn\u00e9es bancaires, personnelles, ou autre que vous nous communiquez.<\/h4>\n<h4 dir=\"ltr\" style=\"text-align: left;\"><img decoding=\"async\" class=\"alignleft wp-image-12224\" src=\"https:\/\/www.zimmernorth.co.il\/wp-content\/uploads\/2016\/08\/Paiement-s\u00e9curis\u00e9-300x300.png\" alt=\"Paiement s\u00e9curis\u00e9\" width=\"150\" height=\"150\" srcset=\"https:\/\/zimmernorth.co.il\/wp-content\/uploads\/2016\/08\/Paiement-s\u00e9curis\u00e9-300x300.png 300w, https:\/\/zimmernorth.co.il\/wp-content\/uploads\/2016\/08\/Paiement-s\u00e9curis\u00e9-150x150.png 150w, https:\/\/zimmernorth.co.il\/wp-content\/uploads\/2016\/08\/Paiement-s\u00e9curis\u00e9.png 600w\" sizes=\"(max-width: 150px) 100vw, 150px\" \/><\/h4>\n<p dir=\"ltr\" style=\"text-align: left;\">1. Votre carte de cr\u00e9dit n\u2019est pas d\u00e9bit\u00e9e mais uniquement v\u00e9rifi\u00e9e par mesure de pr\u00e9caution.<\/p>\n<p dir=\"ltr\" style=\"text-align: left;\">2. Nous ne stockons en aucun cas vos donn\u00e9es bancaires, qui sont h\u00e9berg\u00e9es chez notre prestataire de paiement en ligne s\u00e9curis\u00e9.<\/p>\n<p dir=\"ltr\" style=\"text-align: left;\">3. Nous vous garantissons que le transfert des informations de paiement que vous nous communiquez s\u2019effectue en toute s\u00e9curit\u00e9 selon le protocole de s\u00e9curit\u00e9 SSL.<\/p>\n<p dir=\"ltr\" style=\"text-align: left;\">4 Selon les normes les plus s\u00e9v\u00e8res de cryptage SSL et PCI.<\/p>\n<p dir=\"ltr\" style=\"text-align: left;\">5. Le cryptogramme (code de s\u00e9curit\u00e9 \u00e0 trois chiffres imprim\u00e9 au dos de la carte ou CVV) est demand\u00e9 conform\u00e9ment aux mesures de v\u00e9rification et de certification des soci\u00e9t\u00e9s de cr\u00e9dit pour certifier la d\u00e9tention physique de la carte de cr\u00e9dit apr\u00e8s identification du client.<\/p>\n","protected":false},"excerpt":{"rendered":"<p>Paiement s\u00e9curis\u00e9 Soyez assur\u00e9 que nous veillons avec le plus grand soin \u00e0 la protection et \u00e0 la confidentialit\u00e9 de toutes donn\u00e9es bancaires, personnelles, ou autre que vous nous communiquez. 1. Votre carte de cr\u00e9dit n\u2019est pas d\u00e9bit\u00e9e mais uniquement v\u00e9rifi\u00e9e par mesure de pr\u00e9caution. 2. Nous ne stockons en aucun cas vos donn\u00e9es bancaires, [&hellip;]<\/p>\n","protected":false},"author":3,"featured_media":0,"parent":0,"menu_order":0,"comment_status":"closed","ping_status":"closed","template":"","meta":{"_acf_changed":false,"_et_pb_use_builder":"","_et_pb_old_content":"","_et_gb_content_width":"","_joinchat":[],"footnotes":"","_links_to":"","_links_to_target":""},"class_list":["post-12222","page","type-page","status-publish","hentry"],"acf":[],"aioseo_notices":[],"_links":{"self":[{"href":"https:\/\/zimmernorth.co.il\/fr\/wp-json\/wp\/v2\/pages\/12222","targetHints":{"allow":["GET"]}}],"collection":[{"href":"https:\/\/zimmernorth.co.il\/fr\/wp-json\/wp\/v2\/pages"}],"about":[{"href":"https:\/\/zimmernorth.co.il\/fr\/wp-json\/wp\/v2\/types\/page"}],"author":[{"embeddable":true,"href":"https:\/\/zimmernorth.co.il\/fr\/wp-json\/wp\/v2\/users\/3"}],"replies":[{"embeddable":true,"href":"https:\/\/zimmernorth.co.il\/fr\/wp-json\/wp\/v2\/comments?post=12222"}],"version-history":[{"count":0,"href":"https:\/\/zimmernorth.co.il\/fr\/wp-json\/wp\/v2\/pages\/12222\/revisions"}],"wp:attachment":[{"href":"https:\/\/zimmernorth.co.il\/fr\/wp-json\/wp\/v2\/media?parent=12222"}],"curies":[{"name":"wp","href":"https:\/\/api.w.org\/{rel}","templated":true}]}}