{"id":12045,"date":"2016-08-29T14:37:57","date_gmt":"2016-08-29T11:37:57","guid":{"rendered":"https:\/\/www.zimmernorth.co.il\/fr\/?page_id=12045"},"modified":"2019-01-11T13:43:30","modified_gmt":"2019-01-11T11:43:30","slug":"sejours-ecotrip","status":"publish","type":"page","link":"https:\/\/zimmernorth.co.il\/fr\/sejours-ecotrip\/","title":{"rendered":"S\u00e9jours Evasion"},"content":{"rendered":"<h1 dir=\"ltr\" style=\"text-align: left;\">S\u00e9jours Ecotrip<\/h1>\n<h2 dir=\"ltr\" style=\"text-align: left;\">Amirim Evasion<\/h2>\n<h1 dir=\"ltr\"><img decoding=\"async\" class=\"alignright wp-image-12088\" src=\"https:\/\/www.zimmernorth.co.il\/wp-content\/uploads\/2016\/08\/ecotrip-265x300.png\" alt=\"ecotrip\" width=\"106\" height=\"120\" srcset=\"https:\/\/zimmernorth.co.il\/wp-content\/uploads\/2016\/08\/ecotrip-265x300.png 265w, https:\/\/zimmernorth.co.il\/wp-content\/uploads\/2016\/08\/ecotrip.png 300w\" sizes=\"(max-width: 106px) 100vw, 106px\" \/><\/h1>\n<p dir=\"ltr\" style=\"text-align: left;\">Envie d\u2019une escapade en amoureux, entre amis, en groupe ou en famille ? Nous avons s\u00e9lectionn\u00e9 des lieux authentiques et des prestations de grande qualit\u00e9 pour vous offrir des s\u00e9jours pleins de charme et de plaisirs en Galil\u00e9e.<br \/>\nIlot de bien-\u00eatre perch\u00e9 au-dessus du lac Kinnereth et des monts du Golan, Amirim est la destination la plus lumineuse pour rompre avec le quotidien et passer quelques jours de pur bonheur.<\/p>\n<p dir=\"ltr\"><a href=\"https:\/\/www.zimmernorth.co.il\/wp-content\/uploads\/2015\/02\/Home-Banner-7b.jpg\"><img fetchpriority=\"high\" fetchpriority=\"high\" decoding=\"async\" class=\"wp-image-11242 alignright\" src=\"https:\/\/www.zimmernorth.co.il\/wp-content\/uploads\/2015\/02\/Home-Banner-7b-300x112.jpg\" alt=\"Jpeg\" width=\"433\" height=\"162\" srcset=\"https:\/\/zimmernorth.co.il\/wp-content\/uploads\/2015\/02\/Home-Banner-7b-300x112.jpg 300w, https:\/\/zimmernorth.co.il\/wp-content\/uploads\/2015\/02\/Home-Banner-7b-768x288.jpg 768w, https:\/\/zimmernorth.co.il\/wp-content\/uploads\/2015\/02\/Home-Banner-7b.jpg 1004w\" sizes=\"(max-width: 433px) 100vw, 433px\" \/><\/a>Accueillis chaleureusement, h\u00e9berg\u00e9s dans des chalets de prestige en pension compl\u00e8te, nourris d\u2019une cuisine saine et raffin\u00e9e, vous renaitrez dans un espace d\u00e9di\u00e9 \u00e0 la s\u00e9r\u00e9nit\u00e9 et au confort tout en d\u00e9couvrant de nouvelles perspectives.<\/p>\n<p>Amirim Evasion, des th\u00e8mes au choix : Bien-\u00eatre, Nature, Artisanat, et bient\u00f4t Kabbalah, Aventure, Volontariat ou Gastronomie.<\/p>\n<h2 dir=\"ltr\" style=\"text-align: left;\">1. Evasion Bien-\u00eatre<\/h2>\n<p dir=\"ltr\" style=\"text-align: left;\"><img decoding=\"async\" class=\"alignright wp-image-10971\" src=\"https:\/\/www.zimmernorth.co.il\/wp-content\/uploads\/2016\/06\/Romantic-Cabin-18-300x171.jpg\" alt=\"Romantic Cabin (18)\" width=\"334\" height=\"191\" srcset=\"https:\/\/zimmernorth.co.il\/wp-content\/uploads\/2016\/06\/Romantic-Cabin-18-300x171.jpg 300w, https:\/\/zimmernorth.co.il\/wp-content\/uploads\/2016\/06\/Romantic-Cabin-18.jpg 700w\" sizes=\"(max-width: 334px) 100vw, 334px\" \/>Relaxation et douceurs holistiques au programme de ce s\u00e9jour dont vous reviendrez d\u00e9tendus et emplis de nouvelles forces.<br \/>\n&#8211; 2 jours et deux nuits en pension compl\u00e8te.<br \/>\n&#8211; Massage ou soin relaxant d\u2019une heure et demie au choix parmi une vaste s\u00e9lection.<br \/>\n&#8211; Consultation ou atelier sant\u00e9 aupr\u00e8s d\u2019experts en m\u00e9decines holistiques et nutrition.<\/p>\n<h2 dir=\"ltr\" style=\"text-align: left;\">2. Evasion Artisanat<\/h2>\n<p dir=\"ltr\" style=\"text-align: left;\"><img loading=\"lazy\" loading=\"lazy\" decoding=\"async\" class=\"alignright wp-image-11130\" src=\"https:\/\/www.zimmernorth.co.il\/wp-content\/uploads\/2016\/06\/Glass-Workshop-4-300x164.jpg\" alt=\"Glass Workshop 4\" width=\"332\" height=\"182\" srcset=\"https:\/\/zimmernorth.co.il\/wp-content\/uploads\/2016\/06\/Glass-Workshop-4-300x164.jpg 300w, https:\/\/zimmernorth.co.il\/wp-content\/uploads\/2016\/06\/Glass-Workshop-4.jpg 700w\" sizes=\"auto, (max-width: 332px) 100vw, 332px\" \/>Amateurs d\u2019artisanat d\u2019hier et d\u2019aujourd\u2019hui, de belles mati\u00e8res et de fait-main, vous d\u00e9couvrirez des cr\u00e9ateurs de tous horizons et d\u00e9velopperez votre cr\u00e9ativit\u00e9 lors d\u2019un atelier d\u2019initiation de votre choix.<br \/>\n&#8211; 2 jours et deux nuits en pension compl\u00e8te.<br \/>\n&#8211; Visite des ateliers d\u2019artisanat d\u2019Amirim et du Jardin des Sculptures.<br \/>\n&#8211; Atelier d\u2019artisanat au choix (vitrail, macram\u00e9, bijoux, mosa\u00efque etc..).<\/p>\n<h2 dir=\"ltr\" style=\"text-align: left;\">3. Evasion Nature<\/h2>\n<p dir=\"ltr\" style=\"text-align: left;\"><img loading=\"lazy\" loading=\"lazy\" decoding=\"async\" class=\"alignright wp-image-12048\" src=\"https:\/\/www.zimmernorth.co.il\/wp-content\/uploads\/2016\/08\/Evasion-Nature-300x169.jpg\" alt=\"Evasion Nature\" width=\"334\" height=\"188\" srcset=\"https:\/\/zimmernorth.co.il\/wp-content\/uploads\/2016\/08\/Evasion-Nature-300x169.jpg 300w, https:\/\/zimmernorth.co.il\/wp-content\/uploads\/2016\/08\/Evasion-Nature.jpg 500w\" sizes=\"auto, (max-width: 334px) 100vw, 334px\" \/>Vous avez la fibre \u00e9colo et une envie de retour aux plaisirs de la simplicit\u00e9 et de la nature? Ce s\u00e9jour vous surprendra et vous enrichira de nouvelles connaissances pratiques et humaines!<br \/>\n&#8211; 2 jours et deux nuits en pension compl\u00e8te.<br \/>\n&#8211; Visite du village \u00e9cologique Kadita et rencontre avec des r\u00e9sidents<br \/>\n&#8211; Atelier d\u2019\u00e9cologie pratique (\u00e9colo-glamour, cuisinez v\u00e9gane, recyclez-revivez etc\u2026)<\/p>\n<h2 dir=\"ltr\" style=\"text-align: left;\">4. Evasion Mystique<\/h2>\n<p dir=\"ltr\" style=\"text-align: left;\">La Kabbalah vous intrigue, la mystique vous int\u00e9resse ? Ce s\u00e9jour vous permettra de d\u00e9chiffrer les myst\u00e8res de cette science \u00e9sot\u00e9rique et d\u2019appr\u00e9hender sa pratique contemporaine.<br \/>\n&#8211; 2 jours et deux nuits en pension compl\u00e8te<br \/>\n&#8211; Visite guid\u00e9e sur la trace des kabbalistes de Galil\u00e9e<br \/>\n&#8211; Atelier d\u2019initiation \u00e0 l\u2019\u00e9tude des textes du Zohar<\/p>\n<h2 dir=\"ltr\" style=\"text-align: left;\">5. Evasion Aventure<\/h2>\n<p dir=\"ltr\" style=\"text-align: left;\">Envie de bouger et de jouer, envie de grands espaces et d\u2019action ? Vous adorerez ce programme \u00ab adr\u00e9naline \u00bb qui vous mettra au d\u00e9fi et ne laissera aucune place \u00e0 l\u2019ennui !<br \/>\n&#8211; 2 jours et deux nuits en pension compl\u00e8te<br \/>\n&#8211; Excursion en Jeep<br \/>\n&#8211; Jeu d\u2019\u00e9vasion grandeur nature<\/p>\n<h2 dir=\"ltr\" style=\"text-align: left;\">6. Evasion Gastronomie<\/h2>\n<p dir=\"ltr\" style=\"text-align: left;\">Bon vivant ou fin gourmet, si pour vous la recette d\u2019un s\u00e9jour r\u00e9ussi c\u2019est du vin de caract\u00e8re et une table gourmande \u2026 Vous vous r\u00e9galerez de ces vacances savoureuses et enivrantes !<br \/>\n&#8211; 2 jours et deux nuits en pension compl\u00e8te<br \/>\n&#8211; Visite des meilleurs vignobles de Galil\u00e9e avec d\u00e9gustation<br \/>\n&#8211; Repas gourmands du terroir avec champagne et vin<\/p>\n<h3 dir=\"ltr\" style=\"text-align: left;\"><span style=\"color: #ffffff;\">.<\/span><\/h3>\n<h3 dir=\"ltr\" style=\"text-align: left;\">Renseignements: 050-7329519 Liza<\/h3>\n<p><a href=\"https:\/\/www.zimmernorth.co.il\/wp-content\/uploads\/2016\/08\/Ecotrip.jpg\"><img loading=\"lazy\" loading=\"lazy\" decoding=\"async\" class=\"aligncenter wp-image-12306\" src=\"https:\/\/www.zimmernorth.co.il\/wp-content\/uploads\/2016\/08\/Ecotrip-214x300.jpg\" alt=\"Ecotrip\" width=\"600\" height=\"840\" srcset=\"https:\/\/zimmernorth.co.il\/wp-content\/uploads\/2016\/08\/Ecotrip-214x300.jpg 214w, https:\/\/zimmernorth.co.il\/wp-content\/uploads\/2016\/08\/Ecotrip-768x1076.jpg 768w, https:\/\/zimmernorth.co.il\/wp-content\/uploads\/2016\/08\/Ecotrip-731x1024.jpg 731w, https:\/\/zimmernorth.co.il\/wp-content\/uploads\/2016\/08\/Ecotrip-1080x1513.jpg 1080w, https:\/\/zimmernorth.co.il\/wp-content\/uploads\/2016\/08\/Ecotrip.jpg 1181w\" sizes=\"auto, (max-width: 600px) 100vw, 600px\" \/><\/a><\/p>\n","protected":false},"excerpt":{"rendered":"<p>S\u00e9jours Ecotrip Amirim Evasion Envie d\u2019une escapade en amoureux, entre amis, en groupe ou en famille ? Nous avons s\u00e9lectionn\u00e9 des lieux authentiques et des prestations de grande qualit\u00e9 pour vous offrir des s\u00e9jours pleins de charme et de plaisirs en Galil\u00e9e. Ilot de bien-\u00eatre perch\u00e9 au-dessus du lac Kinnereth et des monts du Golan, [&hellip;]<\/p>\n","protected":false},"author":3,"featured_media":0,"parent":0,"menu_order":0,"comment_status":"closed","ping_status":"closed","template":"page-english.php","meta":{"_acf_changed":false,"_et_pb_use_builder":"","_et_pb_old_content":"","_et_gb_content_width":"","_joinchat":[],"footnotes":"","_links_to":"","_links_to_target":""},"class_list":["post-12045","page","type-page","status-publish","hentry"],"acf":[],"aioseo_notices":[],"_links":{"self":[{"href":"https:\/\/zimmernorth.co.il\/fr\/wp-json\/wp\/v2\/pages\/12045","targetHints":{"allow":["GET"]}}],"collection":[{"href":"https:\/\/zimmernorth.co.il\/fr\/wp-json\/wp\/v2\/pages"}],"about":[{"href":"https:\/\/zimmernorth.co.il\/fr\/wp-json\/wp\/v2\/types\/page"}],"author":[{"embeddable":true,"href":"https:\/\/zimmernorth.co.il\/fr\/wp-json\/wp\/v2\/users\/3"}],"replies":[{"embeddable":true,"href":"https:\/\/zimmernorth.co.il\/fr\/wp-json\/wp\/v2\/comments?post=12045"}],"version-history":[{"count":0,"href":"https:\/\/zimmernorth.co.il\/fr\/wp-json\/wp\/v2\/pages\/12045\/revisions"}],"wp:attachment":[{"href":"https:\/\/zimmernorth.co.il\/fr\/wp-json\/wp\/v2\/media?parent=12045"}],"curies":[{"name":"wp","href":"https:\/\/api.w.org\/{rel}","templated":true}]}}