{"id":12032,"date":"2016-08-29T09:39:21","date_gmt":"2016-08-29T06:39:21","guid":{"rendered":"https:\/\/www.zimmernorth.co.il\/fr\/?page_id=12032"},"modified":"2016-08-30T13:23:50","modified_gmt":"2016-08-30T10:23:50","slug":"videos","status":"publish","type":"page","link":"https:\/\/zimmernorth.co.il\/fr\/videos\/","title":{"rendered":"Vid\u00e9os Mobile"},"content":{"rendered":"<p>[et_pb_section admin_label=\u00a0\u00bbsection\u00a0\u00bb][et_pb_row admin_label=\u00a0\u00bbrow\u00a0\u00bb][et_pb_column type=\u00a0\u00bb4_4&Prime;][et_pb_text admin_label=\u00a0\u00bb\u05d8\u05e7\u05e1\u05d8\u00a0\u00bb background_layout=\u00a0\u00bblight\u00a0\u00bb text_orientation=\u00a0\u00bbright\u00a0\u00bb use_border_color=\u00a0\u00bboff\u00a0\u00bb border_color=\u00a0\u00bb#ffffff\u00a0\u00bb border_style=\u00a0\u00bbsolid\u00a0\u00bb disabled=\u00a0\u00bboff\u00a0\u00bb disabled_on=\u00a0\u00bb||on\u00a0\u00bb]<\/p>\n<h4 dir=\"ltr\" style=\"text-align: center;\"><span style=\"color: #ffffff;\">.<\/span><\/h4>\n<h3 dir=\"ltr\" style=\"text-align: center;\">Le Chalet\u00a0Provence<br \/>\n<iframe src=\"https:\/\/www.youtube.com\/embed\/P9rpyqskV48?feature=oembed&amp;rel=0&amp;wmode=opaque\" width=\"500\" height=\"281\" frameborder=\"0\" allowfullscreen=\"allowfullscreen\"><\/iframe><\/h3>\n<h3 dir=\"ltr\" style=\"text-align: center;\">Le Chalet romantique<br \/>\n<iframe src=\"https:\/\/www.youtube.com\/embed\/UHhwdnB-hS0?feature=oembed&amp;rel=0&amp;wmode=opaque\" width=\"500\" height=\"281\" frameborder=\"0\" allowfullscreen=\"allowfullscreen\"><\/iframe><\/h3>\n<h3 dir=\"ltr\" style=\"text-align: center;\">La Suite enchant\u00e9e<br \/>\n<iframe src=\"https:\/\/www.youtube.com\/embed\/l1FBskr7ncI?feature=oembed&amp;rel=0&amp;wmode=opaque\" width=\"500\" height=\"281\" frameborder=\"0\" allowfullscreen=\"allowfullscreen\"><\/iframe><\/h3>\n<h3 dir=\"ltr\" style=\"text-align: center;\">Les vitraux de Debbie, galerie, atelier et boutique<iframe src=\"https:\/\/www.youtube.com\/embed\/b6b3B_LwCVA?feature=oembed&amp;rel=0&amp;wmode=opaque\" width=\"500\" height=\"281\" frameborder=\"0\" allowfullscreen=\"allowfullscreen\"><\/iframe><\/h3>\n<h3 dir=\"ltr\" style=\"text-align: center;\">Performances musicales \u00e0 Amirim<iframe src=\"https:\/\/www.youtube.com\/embed\/IVIdho3Ee2I?feature=oembed&amp;rel=0&amp;wmode=opaque\" width=\"500\" height=\"281\" frameborder=\"0\" allowfullscreen=\"allowfullscreen\"><\/iframe><\/h3>\n<h3 dir=\"ltr\" style=\"text-align: center;\">Il neige \u00e0 Amirim \u00e0 Or Bereshit<iframe src=\"https:\/\/www.youtube.com\/embed\/bM-1b_qYXok?feature=oembed&amp;rel=0&amp;wmode=opaque\" width=\"500\" height=\"281\" frameborder=\"0\" allowfullscreen=\"allowfullscreen\"><\/iframe><\/h3>\n<p>[\/et_pb_text][\/et_pb_column][\/et_pb_row][\/et_pb_section]<\/p>\n","protected":false},"excerpt":{"rendered":"<p>. Le Chalet\u00a0Provence Le Chalet romantique La Suite enchant\u00e9e Les vitraux de Debbie, galerie, atelier et boutique Performances musicales \u00e0 Amirim Il neige \u00e0 Amirim \u00e0 Or Bereshit<\/p>\n","protected":false},"author":3,"featured_media":0,"parent":0,"menu_order":0,"comment_status":"closed","ping_status":"closed","template":"page-template-blank.php","meta":{"_acf_changed":false,"_et_pb_use_builder":"on","_et_pb_old_content":"<p>11111111111111<\/p><div class=\"custom-embed\" data-save_ratio=\"16:9\"><iframe src=\"https:\/\/www.youtube.com\/embed\/NfcB8LH5XFY?feature=oembed&rel=0&wmode=opaque\" width=\"500\" height=\"281\" frameborder=\"0\" allowfullscreen=\"allowfullscreen\"><\/iframe><\/div>","_et_gb_content_width":"","_joinchat":[],"footnotes":"","_links_to":"","_links_to_target":""},"class_list":["post-12032","page","type-page","status-publish","hentry"],"acf":[],"aioseo_notices":[],"_links":{"self":[{"href":"https:\/\/zimmernorth.co.il\/fr\/wp-json\/wp\/v2\/pages\/12032","targetHints":{"allow":["GET"]}}],"collection":[{"href":"https:\/\/zimmernorth.co.il\/fr\/wp-json\/wp\/v2\/pages"}],"about":[{"href":"https:\/\/zimmernorth.co.il\/fr\/wp-json\/wp\/v2\/types\/page"}],"author":[{"embeddable":true,"href":"https:\/\/zimmernorth.co.il\/fr\/wp-json\/wp\/v2\/users\/3"}],"replies":[{"embeddable":true,"href":"https:\/\/zimmernorth.co.il\/fr\/wp-json\/wp\/v2\/comments?post=12032"}],"version-history":[{"count":0,"href":"https:\/\/zimmernorth.co.il\/fr\/wp-json\/wp\/v2\/pages\/12032\/revisions"}],"wp:attachment":[{"href":"https:\/\/zimmernorth.co.il\/fr\/wp-json\/wp\/v2\/media?parent=12032"}],"curies":[{"name":"wp","href":"https:\/\/api.w.org\/{rel}","templated":true}]}}