{"id":11506,"date":"2016-08-20T20:47:51","date_gmt":"2016-08-20T17:47:51","guid":{"rendered":"https:\/\/www.zimmernorth.co.il\/fr\/?page_id=11506"},"modified":"2019-01-16T12:19:51","modified_gmt":"2019-01-16T10:19:51","slug":"nos-offres-speciales","status":"publish","type":"page","link":"https:\/\/zimmernorth.co.il\/fr\/nos-offres-speciales\/","title":{"rendered":"Nos offres sp\u00e9ciales"},"content":{"rendered":"<h1 dir=\"ltr\" style=\"text-align: left;\">Nos offres sp\u00e9ciales<\/h1>\n<h3 dir=\"ltr\" style=\"text-align: left;\">3\u00e8me nuit \u00e0 prix r\u00e9duit pour les couples<\/h3>\n<p dir=\"ltr\" style=\"text-align: left;\">\u2022 <strong>En semaine<\/strong> : 1950 shekels (au lieu de 1800 shekels) par couple pour 3 nuits.\u00a0(soit une r\u00e9duction de\u00a0150\u00a0shekels)<br \/>\n\u2022 <strong>Weekend<\/strong> :\u00a0 \u00a0 \u00a0 2200 shekels (au lieu de 2350 shekels) par couple pour 3 nuits.\u00a0(soit une r\u00e9duction de 150\u00a0shekels)<\/p>\n<h3 dir=\"ltr\" style=\"text-align: left;\">Gratuit pour les enfants en semaine !<\/h3>\n<p dir=\"ltr\" style=\"text-align: left;\">Pour les familles \u2013 si vous commandez deux ou trois nuits dans la Suite Enchant\u00e9e avec chambre d\u2019enfants et piscine priv\u00e9e en \u00e9t\u00e9, le suppl\u00e9ment est offert pour deux enfants !<br \/>\n\u2022 2 nuits en semaine, pour un couple + 2 enfants : 1300 shekels\u00a0(au lieu de 1700 shekels) soit une r\u00e9duction de 400 shekels !<br \/>\n\u2022 3 nuits en semaine, pour un couple + 2 enfants : 2150 shekels\u00a0(au lieu de 2550 shekels) soit une r\u00e9duction de 400 shekels !<\/p>\n<h3 dir=\"ltr\" style=\"text-align: left;\">Conditions g\u00e9n\u00e9rales:<\/h3>\n<p dir=\"ltr\" style=\"text-align: left;\">\u2022 En semaine : dimanche, lundi, mardi, mercredi et samedi.<br \/>\n\u2022 Weekend : jeudi, vendredi<br \/>\n\u2022 Les offres sp\u00e9ciales sont valables durant toute l\u2019ann\u00e9e sauf en pleine saison (juillet, aout, f\u00eates et vacances scolaires)<br \/>\n\u2022 Est consid\u00e9r\u00e9 \u00ab b\u00e9b\u00e9 \u00bb un petit de moins de deux ans, et \u00ab enfant \u00bb de deux \u00e0 douze ans.<br \/>\n\u2022 Nos piscines priv\u00e9es ne \u05e9sont pas couvertes, leur taille est de 3 m\u00e8tres de diam\u00e8tre pour le Chalet Romantique ou le Chalet des Amoureux, et de 4 m\u00e8tres sur 2 pour la Suite Enchant\u00e9e.<br \/>\n\u2022 Les offres sp\u00e9ciales et les coupons ne sont pas cumulables.<\/p>\n","protected":false},"excerpt":{"rendered":"<p>Nos offres sp\u00e9ciales 3\u00e8me nuit \u00e0 prix r\u00e9duit pour les couples \u2022 En semaine : 1950 shekels (au lieu de 1800 shekels) par couple pour 3 nuits.\u00a0(soit une r\u00e9duction de\u00a0150\u00a0shekels) \u2022 Weekend :\u00a0 \u00a0 \u00a0 2200 shekels (au lieu de 2350 shekels) par couple pour 3 nuits.\u00a0(soit une r\u00e9duction de 150\u00a0shekels) Gratuit pour les enfants [&hellip;]<\/p>\n","protected":false},"author":3,"featured_media":0,"parent":0,"menu_order":0,"comment_status":"closed","ping_status":"closed","template":"","meta":{"_acf_changed":false,"_et_pb_use_builder":"","_et_pb_old_content":"","_et_gb_content_width":"","_joinchat":[],"footnotes":"","_links_to":"","_links_to_target":""},"class_list":["post-11506","page","type-page","status-publish","hentry"],"acf":[],"aioseo_notices":[],"_links":{"self":[{"href":"https:\/\/zimmernorth.co.il\/fr\/wp-json\/wp\/v2\/pages\/11506","targetHints":{"allow":["GET"]}}],"collection":[{"href":"https:\/\/zimmernorth.co.il\/fr\/wp-json\/wp\/v2\/pages"}],"about":[{"href":"https:\/\/zimmernorth.co.il\/fr\/wp-json\/wp\/v2\/types\/page"}],"author":[{"embeddable":true,"href":"https:\/\/zimmernorth.co.il\/fr\/wp-json\/wp\/v2\/users\/3"}],"replies":[{"embeddable":true,"href":"https:\/\/zimmernorth.co.il\/fr\/wp-json\/wp\/v2\/comments?post=11506"}],"version-history":[{"count":2,"href":"https:\/\/zimmernorth.co.il\/fr\/wp-json\/wp\/v2\/pages\/11506\/revisions"}],"predecessor-version":[{"id":14415,"href":"https:\/\/zimmernorth.co.il\/fr\/wp-json\/wp\/v2\/pages\/11506\/revisions\/14415"}],"wp:attachment":[{"href":"https:\/\/zimmernorth.co.il\/fr\/wp-json\/wp\/v2\/media?parent=11506"}],"curies":[{"name":"wp","href":"https:\/\/api.w.org\/{rel}","templated":true}]}}