{"id":11484,"date":"2016-08-20T17:25:46","date_gmt":"2016-08-20T14:25:46","guid":{"rendered":"https:\/\/www.zimmernorth.co.il\/fr\/?page_id=11484"},"modified":"2016-08-31T09:26:08","modified_gmt":"2016-08-31T06:26:08","slug":"vegan-friendly","status":"publish","type":"page","link":"https:\/\/zimmernorth.co.il\/fr\/vegan-friendly\/","title":{"rendered":"Vegan friendly"},"content":{"rendered":"<h1 dir=\"ltr\" style=\"text-align: left;\">Vegan friendly \u2013 Des chalets con\u00e7us pour les v\u00e9ganes\u00a0!<\/h1>\n<p dir=\"ltr\" style=\"text-align: left;\"><img decoding=\"async\" class=\"alignleft wp-image-7703\" src=\"https:\/\/zimmernorth.co.il\/wp-content\/uploads\/2015\/02\/VeganFriendly.png\" alt=\"VeganFriendly\" width=\"75\" height=\"75\" \/>Si vous \u00eates v\u00e9gane, vous trouverez tout le confort possible dans nos chalets con\u00e7us dans le respect de la nature et des animaux. Nous proposons des repas v\u00e9g\u00e9taliens et des prestations garanties \u00ab\u00a0sans souffrance animale\u00a0\u00bb. Nos chalets sont reconnus et certifi\u00e9s par la fondation isra\u00e9lienne officielle , ce qui implique notre engagement dans les domaines suivants\u00a0:<\/p>\n<h2 dir=\"ltr\" style=\"text-align: left;\">Alimentation v\u00e9g\u00e9talienne<\/h2>\n<ul dir=\"ltr\" style=\"text-align: left;\">\n<li>Des chalets fournis en lait de soja, friandises v\u00e9g\u00e9taliennes, fruits et confitures maison.<\/li>\n<li>Un petit-d\u00e9jeuner v\u00e9g\u00e9talien exquis (en suppl\u00e9ment),<\/li>\n<\/ul>\n<p dir=\"ltr\" style=\"text-align: left;\"><a href=\"https:\/\/www.zimmernorth.co.il\/fr\/petit-dejeuner\/\">voir rubrique petit-d\u00e9jeuner.<\/a><\/p>\n<ul dir=\"ltr\" style=\"text-align: left;\">\n<li>Des d\u00e9jeuners et d\u00eeners v\u00e9g\u00e9taliens de chefs livr\u00e9s au chalet (en suppl\u00e9ment)<\/li>\n<\/ul>\n<h3 dir=\"ltr\" style=\"text-align: left;\">Ethique<\/h3>\n<ul dir=\"ltr\" style=\"text-align: left;\">\n<li>Des produits d\u2019hygi\u00e8ne et d\u2019entretien naturels, tels que savons, shampoing, bain moussant, huile de massages, liquide vaisselle, totalement v\u00e9g\u00e9taliens et non test\u00e9s sur les animaux, sans suppl\u00e9ment dans tous nos chalets.<\/li>\n<li>Une literie et une d\u00e9coration \u2013 matelas, couvertures, tapis, draps, articles de d\u00e9coration etc\u2026- sans laine, plume, cuir ou toute autre mati\u00e8re d\u2019origine animale.<\/li>\n<\/ul>\n<h3 dir=\"ltr\" style=\"text-align: left;\">Ecologie et respect de l\u2019environnement<\/h3>\n<p dir=\"ltr\" style=\"text-align: left;\">Selon nous, un mode de vie v\u00e9gane implique forc\u00e9ment un respect de l\u2019environnement et des efforts \u00e9cologiques afin de pr\u00e9server l\u2019habitat naturel et la survie des esp\u00e8ces. Voil\u00e0 pourquoi \u00e0 Or Bereshit, nous nous effor\u00e7ons de recycler et d\u2019apporter notre modeste contribution \u00e0 la sauvegarde de la plan\u00e8te.<\/p>\n<h3 dir=\"ltr\" style=\"text-align: left;\">Recyclage et usage de mat\u00e9riaux \u00e9cologiques<\/h3>\n<p dir=\"ltr\" style=\"text-align: left;\"><img fetchpriority=\"high\" fetchpriority=\"high\" decoding=\"async\" class=\"size-full wp-image-7762 alignright\" src=\"https:\/\/zimmernorth.co.il\/wp-content\/uploads\/2015\/02\/Recycling-Family.png\" alt=\"Recycling Family\" width=\"299\" height=\"169\" \/>Membres du projet, nous transmettons aux centres de recyclage bouteilles en plastique, en verre, emballages cartons, papier, piles \u00e9lectriques, m\u00e9taux etc\u2026 et nous vous invitons \u00e0 nous laisser vos d\u00e9chets recyclables.<\/p>\n<p dir=\"ltr\" style=\"text-align: left;\">Nous nous effor\u00e7ons aussi d\u2019adopter autant que possible l\u2019usage d\u2019articles jetables tels que sacs, vaisselles et accessoires en mati\u00e8res biod\u00e9gradables.<\/p>\n<p dir=\"ltr\" style=\"text-align: left;\">L\u2019eau des piscines et jacuzzi est bien entendue r\u00e9utilis\u00e9e pour l\u2019arrosage des jardins.<\/p>\n<h3 dir=\"ltr\" style=\"text-align: left;\">Amirim\u00a0: un village v\u00e9gata*ien en Galil\u00e9e unique en son genre<\/h3>\n<p dir=\"ltr\" style=\"text-align: left;\"><img decoding=\"async\" class=\"alignleft wp-image-11972\" src=\"https:\/\/zimmernorth.co.il\/wp-content\/uploads\/2016\/08\/amirim-English-logo.png\" alt=\"amirim English logo\" width=\"170\" height=\"118\" \/>Fond\u00e9 en 1958 par un petit groupe d\u2019id\u00e9alistes membres de la Soci\u00e9t\u00e9 v\u00e9g\u00e9tarienne et v\u00e9g\u00e9talienne, et adeptes d\u2019un mode de vie ax\u00e9 sur la sant\u00e9, l\u2019agriculture bio et le respect la vie et de la nature, Amirim refuse l\u2019exploitation et le commerce des animaux.<\/p>\n<p dir=\"ltr\" style=\"text-align: left;\">Les maisons de vieilles pierres nich\u00e9es au c\u0153ur de jardins verdoyants, les chemins pastoraux, le chant des oiseaux et des cigales, les senteurs de lavande et de sauge, la vue \u00e0 couper le souffle sur la Galil\u00e9e conf\u00e8rent au village un charme et une s\u00e9r\u00e9nit\u00e9 qu\u2019aucune usine ou exploitation agricole animale ne vient troubler par ses nuisances sonores, olfactives ou visuelles.<\/p>\n<p dir=\"ltr\" style=\"text-align: left;\">A Amirim vous trouverez plusieurs restaurants, traiteurs et salons de th\u00e9 v\u00e9g\u00e9tariens ou v\u00e9g\u00e9taliens, ainsi que des galeries d\u2019artisanat \u00e9cologique, des concerts et des soir\u00e9es culturelles, des boutiques vintage et recyclage, des coop\u00e9ratives de nourriture bio, des excursions en v\u00e9hicules tout terrain, ainsi que de nombreuses prestations de soins holistiques et massages.<\/p>\n<p dir=\"ltr\" style=\"text-align: left;\">Les r\u00e9sidents et les h\u00f4tes d\u2019Amirim s\u2019engagent \u00e0 respecter les principes du mode de vie v\u00e9g\u00e9tariens et l\u2019esprit \u00e9cologique des lieux, d\u2019autant que le r\u00e8glement local interdit la consommation de viande ou de poisson \u00e0 l\u2019int\u00e9rieur des fronti\u00e8res du village, aussi bien dans les sites priv\u00e9s que publics.<\/p>\n<p dir=\"ltr\" style=\"text-align: left;\">L\u2019\u00e9co-village Amirim souhaite s\u2019inscrire comme une \u00ab\u00a0localit\u00e9 verte\u00a0\u00bb et ses habitants \u0153uvrent pour l\u2019obtention d\u2019une reconnaissance officielle par les autorit\u00e9s. Dans cet objectif, ils veillent assid\u00fbment au recyclage des d\u00e9chets et des eaux, \u00e0 l\u2019utilisation d\u2019engrais organiques, \u00e0 l\u2019usage d\u2019\u00e9nergie renouvelable et au d\u00e9veloppement de permaculture.<\/p>\n","protected":false},"excerpt":{"rendered":"<p>Vegan friendly \u2013 Des chalets con\u00e7us pour les v\u00e9ganes\u00a0! Si vous \u00eates v\u00e9gane, vous trouverez tout le confort possible dans nos chalets con\u00e7us dans le respect de la nature et des animaux. Nous proposons des repas v\u00e9g\u00e9taliens et des prestations garanties \u00ab\u00a0sans souffrance animale\u00a0\u00bb. Nos chalets sont reconnus et certifi\u00e9s par la fondation isra\u00e9lienne officielle [&hellip;]<\/p>\n","protected":false},"author":3,"featured_media":0,"parent":0,"menu_order":0,"comment_status":"closed","ping_status":"closed","template":"","meta":{"_acf_changed":false,"_et_pb_use_builder":"","_et_pb_old_content":"","_et_gb_content_width":"","_joinchat":[],"footnotes":"","_links_to":"","_links_to_target":""},"class_list":["post-11484","page","type-page","status-publish","hentry"],"acf":[],"aioseo_notices":[],"_links":{"self":[{"href":"https:\/\/zimmernorth.co.il\/fr\/wp-json\/wp\/v2\/pages\/11484","targetHints":{"allow":["GET"]}}],"collection":[{"href":"https:\/\/zimmernorth.co.il\/fr\/wp-json\/wp\/v2\/pages"}],"about":[{"href":"https:\/\/zimmernorth.co.il\/fr\/wp-json\/wp\/v2\/types\/page"}],"author":[{"embeddable":true,"href":"https:\/\/zimmernorth.co.il\/fr\/wp-json\/wp\/v2\/users\/3"}],"replies":[{"embeddable":true,"href":"https:\/\/zimmernorth.co.il\/fr\/wp-json\/wp\/v2\/comments?post=11484"}],"version-history":[{"count":0,"href":"https:\/\/zimmernorth.co.il\/fr\/wp-json\/wp\/v2\/pages\/11484\/revisions"}],"wp:attachment":[{"href":"https:\/\/zimmernorth.co.il\/fr\/wp-json\/wp\/v2\/media?parent=11484"}],"curies":[{"name":"wp","href":"https:\/\/api.w.org\/{rel}","templated":true}]}}