{"id":11465,"date":"2016-08-19T19:51:14","date_gmt":"2016-08-19T16:51:14","guid":{"rendered":"https:\/\/www.zimmernorth.co.il\/fr\/?page_id=11465"},"modified":"2019-01-11T15:19:11","modified_gmt":"2019-01-11T13:19:11","slug":"questions-frequentes","status":"publish","type":"page","link":"https:\/\/zimmernorth.co.il\/fr\/questions-frequentes\/","title":{"rendered":"Questions fr\u00e9quentes"},"content":{"rendered":"<h2 dir=\"ltr\" style=\"text-align: left;\"><span style=\"color: #8d2231;\"><strong>Questions fr\u00e9quentes<\/strong><\/span><\/h2>\n<p dir=\"ltr\" style=\"text-align: left;\">Nous avons rassembl\u00e9s les questions les plus fr\u00e9quemment pos\u00e9es, mais si toutefois vous n\u2019avez pas trouv\u00e9 la bonne r\u00e9ponse, n\u2019h\u00e9sitez pas \u00e0 nous contacter par email ou t\u00e9l\u00e9phone.<\/p>\n<h3 dir=\"ltr\" style=\"text-align: left;\"><span style=\"color: #8d2231;\">Quels sont les avantages de nos chalets\u00a0?<\/span><\/h3>\n<p dir=\"ltr\" style=\"text-align: left;\">Au nombre de trois seulement, isol\u00e9s dans un coin de verdure, ils offrent une parfaite intimit\u00e9, et leur emplacement \u2013 le plus \u00e9lev\u00e9 du village \u2013 permet une vue imprenable sur le lac Kinneret, le Mont Arbel et les sommets de Galil\u00e9e.<\/p>\n<p dir=\"ltr\" style=\"text-align: left;\">Entretenus avec soin et d\u00e9cor\u00e9s avec amour jusqu\u2019au moindre d\u00e9tail, ils ont \u00e9t\u00e9 con\u00e7us pour vous offrir confort et plaisir absolus.<\/p>\n<p dir=\"ltr\" style=\"text-align: left;\">Par ailleurs, le village Amirim est enti\u00e8rement d\u00e9di\u00e9 \u00e0 la vill\u00e9giature et au bien-\u00eatre. Situ\u00e9 au c\u0153ur de la Galil\u00e9e, il est proche des plus belles destinations et attractions touristiques.<\/p>\n<p dir=\"ltr\" style=\"text-align: left;\">L\u2019h\u00e9bergement dans nos chalets est con\u00e7u dans une \u00e9thique du respect de la nature et des animaux et convient parfaitement aux v\u00e9ganes puisqu\u2019il n\u2019y est fait usage d\u2019aucun mat\u00e9riel ou produit d\u2019origine animale (literie, produits d\u2019entretien et d\u2019hygi\u00e8ne, nourriture v\u00e9g\u00e9tarienne\u2026).<\/p>\n<p dir=\"ltr\" style=\"text-align: left;\">Enfin notre accueil sera toujours chaleureux et pr\u00e9venant, il en va de notre engagement personnel\u00a0!<\/p>\n<h3 dir=\"ltr\" style=\"text-align: left;\"><span style=\"color: #8d2231;\">A qui conviennent nos chalets\u00a0?<\/span><\/h3>\n<p dir=\"ltr\" style=\"text-align: left;\">Pour un s\u00e9jour romantique, une parenth\u00e8se dans la routine, ou un cong\u00e9 familial, nos cong\u00e9s sont parfaits pour les gens qui s\u2019aiment et qui aiment la vie. Notre devise\u00a0: une exp\u00e9rience parfaite pour les amoureux\u00a0!<\/p>\n<h3 dir=\"ltr\" style=\"text-align: left;\"><span style=\"color: #8d2231;\">Est-il possible de r\u00e9server pour une nuit seulement\u00a0?<\/span><\/h3>\n<p dir=\"ltr\" style=\"text-align: left;\">G\u00e9n\u00e9ralement oui en semaine, et sous r\u00e9serve de disponibilit\u00e9, m\u00eame en weekend. Consultez-nous pour v\u00e9rifier !<\/p>\n<h3 dir=\"ltr\" style=\"text-align: left;\"><span style=\"color: #8d2231;\">Comment confirmer ma r\u00e9servation et quels sont les moyens de paiement\u00a0?<\/span><\/h3>\n<p dir=\"ltr\" style=\"text-align: left;\">Votre r\u00e9servation est assur\u00e9e d\u00e8s lors que vous nous transmettez un num\u00e9ro de carte de cr\u00e9dit. Le paiement peut s\u2019effectuer en esp\u00e8ces ou en ch\u00e8que \u00e0 l\u2019arriv\u00e9e au chalet.<\/p>\n<h3 dir=\"ltr\" style=\"text-align: left;\"><span style=\"color: #8d2231;\">Puis-je annuler ou modifier ma r\u00e9servation\u00a0?<\/span><\/h3>\n<p dir=\"ltr\" style=\"text-align: left;\">C\u2019est possible et facile, selon les conditions indiqu\u00e9es dans notre police d\u2019annulation, \u00e0 consulter avant d\u2019effectuer un changement.<\/p>\n<h3 dir=\"ltr\" style=\"text-align: left;\"><span style=\"color: #8d2231;\">Est-il possible de f\u00eater un \u00e9v\u00e8nement dans les chalets\u00a0?<\/span><\/h3>\n<p dir=\"ltr\" style=\"text-align: left;\">Avec plaisir\u00a0! Si vous nous pr\u00e9venez \u00e0 l\u2019avance\u00a0 nous serons ravis de d\u00e9corer le chalet pour vos anniversaires, demande en mariage, lune de miel ou toute autre joie que vous souhaitez c\u00e9l\u00e9brer ici.<\/p>\n<h3 dir=\"ltr\" style=\"text-align: left;\"><span style=\"color: #8d2231;\">Est-il possible d\u2019obtenir un couchage suppl\u00e9mentaire pour enfant\u00a0?<\/span><\/h3>\n<p dir=\"ltr\" style=\"text-align: left;\">Nos chalets sont destin\u00e9s aux amoureux, toutefois nous pouvons accueillir des couples avec un ou deux enfants\/b\u00e9b\u00e9s dans nos chalets. Pr\u00e9venez-nous afin que nous puissions am\u00e9nager le chalet en cons\u00e9quent.<\/p>\n<h3 dir=\"ltr\" style=\"text-align: left;\"><span style=\"color: #8d2231;\">Peut-on trouver synagogue et <em>mikv\u00e9<\/em> \u00e0 proximit\u00e9\u00a0?<\/span><\/h3>\n<p dir=\"ltr\" style=\"text-align: left;\">Le <em>moshav<\/em> Amirim propose un accueil parfait aux personnes religieuses\u00a0; un mikv\u00e9 et trois synagogues (dont une \u00e0 Shefer au village voisin) se trouvent \u00e0 faible distance \u00e0 pied de nos chalets.<\/p>\n<h3 dir=\"ltr\" style=\"text-align: left;\"><span style=\"color: #8d2231;\">O\u00f9 se trouvent vos chalets et comment y arrive-t-on\u00a0?<\/span><\/h3>\n<p dir=\"ltr\" style=\"text-align: left;\">Nous sommes situ\u00e9s dans le <em>moshav<\/em> Amirim en Haute Galil\u00e9e, auquel on acc\u00e8de par la route 886 au nord depuis le carrefour Tsomet Hananya en direction de Safed\/Meron. Il est \u00e9galement possible d\u2019emprunter les transports publics, l\u2019arr\u00eat de bus est \u00e0 six minutes \u00e0 pied de nos chalets et si vous le souhaitez nous viendrons vous chercher en voiture<\/p>\n<h3 dir=\"ltr\" style=\"text-align: left;\"><span style=\"color: #8d2231;\">Quelles sont les principales attractions et activit\u00e9s d\u2019Amirim et sa r\u00e9gion\u00a0?<\/span><\/h3>\n<p dir=\"ltr\" style=\"text-align: left;\">Amirim et les environs offrent aux touristes un large \u00e9ventail de loisirs les plus divers &#8211;\u00a0 gastronomie, soins holistiques, artisanat, galeries, ateliers, sites touristiques et excursions<\/p>\n<h3 dir=\"ltr\" style=\"text-align: left;\"><span style=\"color: #8d2231;\">Peut-on se connecter \u00e0 Internet et \u00e0 quel prix\u00a0?<\/span><\/h3>\n<p dir=\"ltr\" style=\"text-align: left;\">Nous avons une excellente connexion wifi sans suppl\u00e9ment de prix.<\/p>\n<h3 dir=\"ltr\" style=\"text-align: left;\"><span style=\"color: #8d2231;\">Quelles sont les horaires d\u2019arriv\u00e9e et de d\u00e9part du chalet\u00a0?<\/span><\/h3>\n<p dir=\"ltr\" style=\"text-align: left;\">Les chalets sont disponibles \u00e0 partir de 15 heures et le d\u00e9part doit se faire avant midi. Toutefois, vous pouvez nous pr\u00e9venir pour un changement de ces horaires.<\/p>\n<h3 dir=\"ltr\" style=\"text-align: left;\"><span style=\"color: #8d2231;\">Est-ce que les serviettes de bain sont fournies\u00a0?<\/span><\/h3>\n<p dir=\"ltr\" style=\"text-align: left;\">Bien entendu, et au besoin vous pouvez en obtenir d\u2019autres sur simple demande.<\/p>\n<h3 dir=\"ltr\" style=\"text-align: left;\"><span style=\"color: #8d2231;\">Est-il possible de cuisiner au chalet\u00a0?<\/span><\/h3>\n<p dir=\"ltr\" style=\"text-align: left;\">Nos chalets sont \u00e9quip\u00e9s d\u2019un coin cuisine avec r\u00e9frig\u00e9rateur, four \u00e0 micro-ondes, toasteur et vaisselle.<\/p>\n<h3 dir=\"ltr\" style=\"text-align: left;\"><span style=\"color: #8d2231;\">Est-ce que les repas sont compris dans le prix\u00a0?<\/span><\/h3>\n<p dir=\"ltr\" style=\"text-align: left;\">Non, mais il est possible de commander petit-d\u00e9jeuner et d\u00eener dans votre chalet \u2013 nous vous indiquerons les meilleures adresses.<\/p>\n<h3 dir=\"ltr\" style=\"text-align: left;\"><span style=\"color: #8d2231;\">Est-il possible de faire un barbecue sur la terrasse du chalet\u00a0?<\/span><\/h3>\n<p dir=\"ltr\" style=\"text-align: left;\">Amirim est un <em>moshav<\/em> v\u00e9g\u00e9tarien et la consommation de viande ou de poisson est interdite \u00e0 l\u2019int\u00e9rieur du <em>moshav<\/em>, aussi bien dans les lieux priv\u00e9s que publics &#8211; il est donc strictement interdit de faire un barbecue. Si vous y tenez vraiment, vous trouverez des sites adapt\u00e9s dans les parcs voisins.<\/p>\n<h3 dir=\"ltr\" style=\"text-align: left;\"><span style=\"color: #8d2231;\">O\u00f9 peut-on faire des achats\u00a0?<\/span><\/h3>\n<p dir=\"ltr\" style=\"text-align: left;\">Une \u00e9picerie bien fournie se trouve au centre du moshav, mais vous pouvez aussi vous rendre dans les localit\u00e9s voisines, Safed ou Carmiel o\u00f9 se trouve un grand centre commercial, \u00e0 environ un quart d\u2019heure de route d\u2019Amirim.<\/p>\n<h3 dir=\"ltr\" style=\"text-align: left;\"><span style=\"color: #8d2231;\">Quelles attractions sont accessibles aux h\u00f4tes des chalets\u00a0?<\/span><\/h3>\n<p dir=\"ltr\" style=\"text-align: left;\">Outre votre piscine priv\u00e9e au chalet, la piscine semi-olympique du moshav est ouverte aux h\u00f4tes des chalets. Pr\u00e9cisez \u00e0 votre arriv\u00e9e que vous \u00eates h\u00e9berg\u00e9s \u00e0 Or Bereshit. Il y a par ailleurs un parc de jeux pour les enfants et le Jardin des sculptures au centre du moshav.<\/p>\n<h3 dir=\"ltr\" style=\"text-align: left;\"><span style=\"color: #8d2231;\">Peut-on s\u00e9journer avec un chien au chalet\u00a0?<\/span><\/h3>\n<p dir=\"ltr\" style=\"text-align: left;\">H\u00e9las nos chalets ne sont pas adapt\u00e9s aux animaux domestiques.<\/p>\n<h3 dir=\"ltr\" style=\"text-align: left;\"><span style=\"color: #8d2231;\">Peut-on commander des soins au chalet\u00a0?<\/span><\/h3>\n<p dir=\"ltr\" style=\"text-align: left;\">Nous vous le recommandons vivement\u00a0! Les meilleurs soins holistiques et massages sont prodigu\u00e9s \u00e0 Amirim et nous vous proposons une\u00a0 s\u00e9lection de qualit\u00e9<\/p>\n<h3 dir=\"ltr\" style=\"text-align: left;\"><span style=\"color: #8d2231;\">D\u2019autres questions\u00a0? N\u2019h\u00e9sitez pas \u00e0 nous contacter\u00a0!<\/span><\/h3>\n<p dir=\"ltr\" style=\"text-align: left;\"><strong>Tel\u00a0<\/strong>: 054-5747691 Shalom<br \/>\n<strong>Email\u00a0<\/strong>:\u00a0<strong><a href=\"shalom384@gmail.com\">shalom384@gmail.com<\/a>\u00a0<\/strong><\/p>\n","protected":false},"excerpt":{"rendered":"<p>Questions fr\u00e9quentes Nous avons rassembl\u00e9s les questions les plus fr\u00e9quemment pos\u00e9es, mais si toutefois vous n\u2019avez pas trouv\u00e9 la bonne r\u00e9ponse, n\u2019h\u00e9sitez pas \u00e0 nous contacter par email ou t\u00e9l\u00e9phone. Quels sont les avantages de nos chalets\u00a0? Au nombre de trois seulement, isol\u00e9s dans un coin de verdure, ils offrent une parfaite intimit\u00e9, et leur [&hellip;]<\/p>\n","protected":false},"author":3,"featured_media":0,"parent":0,"menu_order":0,"comment_status":"closed","ping_status":"closed","template":"","meta":{"_acf_changed":false,"_et_pb_use_builder":"","_et_pb_old_content":"","_et_gb_content_width":"","_joinchat":[],"footnotes":"","_links_to":"","_links_to_target":""},"class_list":["post-11465","page","type-page","status-publish","hentry"],"acf":[],"aioseo_notices":[],"_links":{"self":[{"href":"https:\/\/zimmernorth.co.il\/fr\/wp-json\/wp\/v2\/pages\/11465","targetHints":{"allow":["GET"]}}],"collection":[{"href":"https:\/\/zimmernorth.co.il\/fr\/wp-json\/wp\/v2\/pages"}],"about":[{"href":"https:\/\/zimmernorth.co.il\/fr\/wp-json\/wp\/v2\/types\/page"}],"author":[{"embeddable":true,"href":"https:\/\/zimmernorth.co.il\/fr\/wp-json\/wp\/v2\/users\/3"}],"replies":[{"embeddable":true,"href":"https:\/\/zimmernorth.co.il\/fr\/wp-json\/wp\/v2\/comments?post=11465"}],"version-history":[{"count":0,"href":"https:\/\/zimmernorth.co.il\/fr\/wp-json\/wp\/v2\/pages\/11465\/revisions"}],"wp:attachment":[{"href":"https:\/\/zimmernorth.co.il\/fr\/wp-json\/wp\/v2\/media?parent=11465"}],"curies":[{"name":"wp","href":"https:\/\/api.w.org\/{rel}","templated":true}]}}