{"id":11363,"date":"2016-08-15T13:01:22","date_gmt":"2016-08-15T10:01:22","guid":{"rendered":"https:\/\/www.zimmernorth.co.il\/fr\/?page_id=11363"},"modified":"2019-01-11T13:41:20","modified_gmt":"2019-01-11T11:41:20","slug":"amirim","status":"publish","type":"page","link":"https:\/\/zimmernorth.co.il\/fr\/amirim\/","title":{"rendered":"Amirim"},"content":{"rendered":"<h1 dir=\"ltr\" style=\"text-align: left;\">Partir \u00e0 Amirim et se sentir \u00e0 l\u2019\u00e9tranger\u2026<\/h1>\n<p dir=\"ltr\" style=\"text-align: left;\"><span style=\"font-size: 12pt;\">Gr\u00e2ce aux nouvelles routes ouvertes ces derni\u00e8res ann\u00e9es, Amirim est d\u00e9sormais plus rapide et plus facile d\u2019acc\u00e8s. D\u00e8s que vous atteindrez les premiers vallons de la Haute Galil\u00e9e, ouvrez la fen\u00eatre et laissez-vous gagner par l\u2019ivresse des grands espaces verts et de l\u2019air pur des montagnes. M\u00eame la lumi\u00e8re vous semblera plus lumineuse ici !<\/span><br \/>\n<span style=\"font-size: 12pt;\">Chant des cigales et champs de lavande, ciel clair et vent doux sur les collines : avec ses airs de Toscane et ses parfums de Provence, la Galil\u00e9e enchante ses visiteurs. La r\u00e9gion, riche de tr\u00e9sors historiques, synagogues antiques, caveau de saints, vestiges romains, byzantins ou ottomans, nich\u00e9s au c\u0153ur de vall\u00e9es verdoyantes parcourues de ruisseaux, offre aux touristes de nombreuses activit\u00e9s. Villages et kibbutzim pastoraux proposent des prestations de tr\u00e8s haute qualit\u00e9 et de belles options d\u2019h\u00e9bergement. C\u2019est le cas d\u2019Amirim, petit hameau paradisiaque perch\u00e9 \u00e0 600 m\u00e8tres d\u2019altitude, entre la ville mystique de Safed et les rives bleues du Kinneret.<\/span><\/p>\n<p><a href=\"https:\/\/zimmernorth.co.il\/wp-content\/uploads\/2015\/02\/Home-Banner-7b.jpg\"><img fetchpriority=\"high\" fetchpriority=\"high\" decoding=\"async\" class=\"size-full wp-image-11242\" src=\"https:\/\/zimmernorth.co.il\/wp-content\/uploads\/2015\/02\/Home-Banner-7b.jpg\" alt=\"\" width=\"1004\" height=\"376\" srcset=\"https:\/\/zimmernorth.co.il\/wp-content\/uploads\/2015\/02\/Home-Banner-7b.jpg 1004w, https:\/\/zimmernorth.co.il\/wp-content\/uploads\/2015\/02\/Home-Banner-7b-300x112.jpg 300w, https:\/\/zimmernorth.co.il\/wp-content\/uploads\/2015\/02\/Home-Banner-7b-768x288.jpg 768w\" sizes=\"(max-width: 1004px) 100vw, 1004px\" \/><\/a><\/p>\n<p dir=\"ltr\" style=\"text-align: left;\"><span style=\"font-size: 12pt;\">Amirim appartient au Conseil r\u00e9gional de Marom HaGalil, Haute Galilee, R\u00e9gion Nord.<\/span><br \/>\n<span style=\"font-size: 12pt;\">Dans cette r\u00e9gion se trouvent notamment les sites suivants:<\/span><span style=\"font-size: 12pt;\">Kibutzim : Parod, Moran, Inbar<\/span><br \/>\n<span style=\"font-size: 12pt;\">Moshavim : Amirim, Abirim, Dovev, Dalton, Chazon, Tfchot, Kfar Shamai, Kerem Bein Zimra, Meron, Kfar Choshen, Shazor, Shefer.<\/span><br \/>\n<span style=\"font-size: 12pt;\">Villes : Safed, Carmiel, Saint Jean d\u2019Acres (Ako), Rosh Hanikra, Naharya\u2026<\/span><br \/>\n<span style=\"font-size: 12pt;\">Implantations communautaires : Or Haganuz, Biriyah, Bar Yochai, Calanit, Kfar Chananya, Livnim, Umukah, Kditah.<\/span><br \/>\n<span style=\"font-size: 12pt;\">Villages Tcherkesses ou Circassiens : Raichaniya, Beith kama<\/span><br \/>\n<span style=\"font-size: 12pt;\">Villages druzes : Ein el Asad, Pekiin, Beit Jan.<\/span><\/p>\n<h3 dir=\"ltr\" style=\"text-align: left;\">Si vous avez bien profit\u00e9 de votre chalet et souhaitez sortir \u00e0 la d\u00e9couverte des environs, voici quelques suggestions :<\/h3>\n<p dir=\"ltr\" style=\"text-align: left;\">http:\/\/france-israel-amities-echanges.over-blog.com\/article-amirim-escapade-verte-en-galilee-115825634.html<\/p>\n<h3 dir=\"ltr\" style=\"text-align: left;\">D\u00e9couvrir Amirim<\/h3>\n<p dir=\"ltr\" style=\"text-align: left;\"><span style=\"font-size: 12pt;\">Amirim est un village v\u00e9g\u00e9tarien\/v\u00e9g\u00e9talien enti\u00e8rement d\u00e9di\u00e9 \u00e0 la vill\u00e9giature. Nich\u00e9 au c\u0153ur de for\u00eats verdoyantes, aucune exploitation agricole ne vient troubler l\u2019air et le calme ambiants. Cr\u00e9e dans les ann\u00e9es 50 par une poign\u00e9e de rescap\u00e9s de la Shoah, ceux-ci choisirent bien avant l\u2019heure d\u2019opter pour une \u00e9thique refusant l\u2019exploitation animale et privil\u00e9giant un mode de vie \u00e9cologique. Leurs convictions, leurs efforts et leur enthousiasme engendr\u00e8rent l\u2019une des plus belles r\u00e9ussites en mati\u00e8re de qualit\u00e9 de vie et de prosp\u00e9rit\u00e9 puisqu\u2019aujourd\u2019hui Amirim est le seul moshav offrant de telles perspectives touristiques.<\/span><br \/>\n<span style=\"font-size: 12pt;\">Relaxation, romantisme, s\u00e9r\u00e9nit\u00e9 et nature sont les mots d\u2019ordre de ce village pastoral unique. En amoureux, en famille, entre amis, en groupe ou en solo, Amirim offre de nombreuses options d\u2019h\u00e9bergement de tr\u00e8s haute qualit\u00e9.<\/span><\/p>\n<h3 dir=\"ltr\" style=\"text-align: left;\">Cliquez ici pour agrandir la carte d\u2019Amirim<\/h3>\n<p dir=\"ltr\" style=\"text-align: left;\"><span style=\"font-size: 12pt;\">&#8211; <strong>Le Jardin des sculptures<\/strong> se trouve \u00e0 quelques minutes des chalets Or Bereshit. Plant\u00e9es au c\u0153ur d\u2019un parc naturel, une vingtaine de sculptures originales, offertes au village Amirim par le Mus\u00e9e d\u2019Isra\u00ebl de J\u00e9rusalem, sont visibles en journ\u00e9es et toute la nuit, sous un \u00e9clairage artistique. \u0152uvres d\u2019artistes isra\u00e9liens et internationaux, tels que David Plombo, Emile Jilioli, Ettore Colla, ou encore Dinah Rekanati \u2026 c\u2019est une ballade incontournable lors de votre visite !<\/span><\/p>\n<p dir=\"ltr\" style=\"text-align: left;\"><span style=\"font-size: 12pt;\"><strong>&#8211; Deux belv\u00e9d\u00e8res<\/strong> \u00e0 couper le souffle pour admirer le lac de Galil\u00e9e, Nahal Amoud, Tzouk Arbel, la forteresse de Shefer, les montagnes de Kfir et les Hauteurs du Golan.<\/span><\/p>\n<p dir=\"ltr\" style=\"text-align: left;\"><span style=\"font-size: 12pt;\"><strong>Mitzp\u00e9 Menahem<\/strong> ainsi nomm\u00e9 \u00e0 la m\u00e9moire du Capitaine Menahem Kashtan, pilote et r\u00e9sident du moshav, tomb\u00e9 au combat lors de la Guerre de Kippour en 1973, est situ\u00e9 \u00e0 l\u2019est du moshav aux coins des rues Haoranim et Mitzp\u00e9 Menahem. Surgi des buissons face \u00e0 la vue, un monument g\u00e9ant sous forme d\u2019avion de combat point\u00e9 vers le ciel, est constitu\u00e9 de pi\u00e8ces m\u00e9talliques dont certaines proviennent de l\u2019avion original du d\u00e9funt combattant.<\/span><br \/>\n<span style=\"font-size: 12pt;\"><strong>Mizp\u00e9 Kinneret<\/strong> se trouve \u00e0 quelques centaines de m\u00e8tres de l\u00e0 et la vue \u00e9blouissante sur toute la Galil\u00e9e et le Golan s\u2019\u00e9tend jusqu\u2019aux pays voisins. En \u00e9t\u00e9, tous les vendredis au coucher du soleil, son amphith\u00e9\u00e2tre accueille des musiciens pour de merveilleux concerts en plein air. Pour appr\u00e9cier pleinement cette exp\u00e9rience en sons et lumi\u00e8res nous vous conseillons d\u2019apporter une petite couverture et un gilet car les soir\u00e9es en haute Galil\u00e9e sont fra\u00eeches m\u00eame en plein \u00e9t\u00e9. Pour y aller : tout au bout de la route principale qui traverse le village depuis son entr\u00e9e.<\/span><\/p>\n<h3 dir=\"ltr\" style=\"text-align: left;\"><span style=\"font-size: 12pt;\">3 ballades pour appr\u00e9cier pleinement Amirim<\/span><\/h3>\n<p dir=\"ltr\" style=\"text-align: left;\"><span style=\"font-size: 12pt;\">\u00c0 quelques minutes des chalets, vous trouverez 3 circuits pour de tr\u00e8s agr\u00e9ables promenades.<\/span><br \/>\n<span style=\"font-size: 12pt;\"><strong>Le chemin secret<\/strong>: une tr\u00e8s belle route bois\u00e9e avec des paysages magnifiques qui vous conduira jusqu\u2019au belv\u00e9d\u00e8re Mitzp\u00e9 Kinneret.<\/span><br \/>\n<span style=\"font-size: 12pt;\"><strong>Le chemin forestier<\/strong>: au nord du moshav, au bout de la rue Haalonim, vous trouverez un parcours superbe pour admirer Amirim, le Mont Meiron, le lac du Kinneret, le sud du Golan et les collines de Basse Galil\u00e9e.<\/span><br \/>\n<span style=\"font-size: 12pt;\"><strong>La grotte des ch\u00e8vres<\/strong>: \u00e0 demi couverte, cette caverne offre une vue panoramique sur le lac du Kinneret, Nahal Amoud, Achbara, et Tzouk Arbel \u00e0 droite de Tib\u00e9riade.<\/span><\/p>\n<h3 dir=\"ltr\" style=\"text-align: left;\">O\u00f9 manger \u00e0 Amirim<\/h3>\n<p dir=\"ltr\" style=\"text-align: left;\"><span style=\"font-size: 12pt;\">&#8211; Lehem Beit 77, un restaurant v\u00e9g\u00e9tarien et une boulangerie o\u00f9 l\u2019on pr\u00e9pare du bon pain aux farines compl\u00e8tes. Tel : 04-6980984<\/span><br \/>\n<span style=\"font-size: 12pt;\">&#8211; Hamakom shel Ishay, pour d\u00e9guster le meilleur et le plus sain des falafel, avec un houmous et des salades exquises ! Tel : 050-3713712<\/span><\/p>\n<h3 dir=\"ltr\" style=\"text-align: left;\">Artistes, artisans et autres attractions \u00e0 Amirim<\/h3>\n<p dir=\"ltr\" style=\"text-align: left;\"><span style=\"font-size: 12pt;\">Plusieurs artisans de grand talent vous invitent dans leurs ateliers<\/span><br \/>\n<span style=\"font-size: 12pt;\"><strong>Les vitraux de Debbie<\/strong>: <a href=\"https:\/\/www.zimmernorth.co.il\/fr\/les-vitraux-de-debbie\/\">Cliquez ici pour plus d\u2019informations\u00a0<\/a><\/span><br \/>\n<span style=\"font-size: 12pt;\"><strong>La galerie de Carmit<\/strong>: peintures acryliques et huiles, sc\u00e8nes de Galil\u00e9e et d\u2019Isra\u00ebl. Rehov HaOranim 93, Carmit Cardo, Tel: 054-6556095.<\/span><br \/>\n<span style=\"font-size: 12pt;\"><strong>Galerie d\u2019art et juda\u00efca Sharir<\/strong>: peintures, cadeaux, articles Judaica et objets fait main, c\u00e9ramique, tableaux et bijoux. Etti Sharir. Rehov Mitzpe Menachem, Tel: 050-2986285<\/span><br \/>\n<span style=\"font-size: 12pt;\"><strong>Beit 77:<\/strong>\u00a0p\u00e2tisserie boulangerie, artisanat de bois et boutique de produits naturels: aux c\u00f4t\u00e9s d\u2019objets d\u2019artisanat divers, en bois ou en tissus recycl\u00e9, vous pourrez acheter de multiples produits cosm\u00e9tiques ou alimentaires naturels et organiques. Tel : 04-6980984<\/span><\/p>\n<p dir=\"ltr\" style=\"text-align: left;\"><span style=\"font-size: 12pt;\"><strong>Projet Musique\u00a0<\/strong>: un studio d\u2019enregistrement o\u00f9 les professionnels trouveront une ambiance totalement diff\u00e9rente &#8211; pour les musiciens, les chanteurs ou les groupes qui souhaitent se d\u00e9connecter des studios citadins et du bruit de la ville pour jouer en paix, dans le calme total. Quant aux amateurs, voici l\u2019occasion pour eux d\u2019enregistrer un projet, en solo, en duo ou en famille, gr\u00e2ce \u00e0 un vaste choix de karaok\u00e9. Le studio est ouvert toute la semaine.<\/span><br \/>\n<span style=\"font-size: 12pt;\">Adi Drucker 057-4881255 \/ 04-6990501<\/span><\/p>\n<p dir=\"ltr\" style=\"text-align: left;\"><span style=\"font-size: 12pt;\"><strong>Taroth\u00e9rapie<\/strong> : que vous r\u00e9serve le sort ? Nehama, sp\u00e9cialiste du tarot, vous tire les cartes\u2026 Nechama 052-3716939.<\/span><\/p>\n<p dir=\"ltr\" style=\"text-align: left;\"><span style=\"font-size: 12pt;\"><strong>Concerts et r\u00e9citals \u00e0 Hemdat Yamim<\/strong> : Sur ce site majestueux \u00e0 l\u2019acoustique et la vue incroyables, perch\u00e9s sur une pointe du Mont Meiron \u00e0 800 m\u00e8tres d\u2019altitude, vous assisterez \u00e0 des concerts de rock, jazz, musique classique ou ethnique. Durant toute l\u2019ann\u00e9e ou lors de festivals, \u00e7a swingue chez la famille Tavior \u00e0 qui appartient ce domaine fabuleux et o\u00f9 artistes isra\u00e9liens et \u00e9trangers se produisent face \u00e0 la vue \u00e9poustouflante Renseignements : 04-6989483. http:\/\/www.hemdatyamim.com\/<\/span><\/p>\n<p dir=\"ltr\" style=\"text-align: left;\"><span style=\"font-size: 12pt;\"><strong>La piscine d\u2019Amirim<\/strong> : Au c\u0153ur d\u2019un wadi verdoyant et \u00e0 l\u2019ombre des grands arbres, la superbe piscine priv\u00e9e du moshav est ouverte gratuitement aux h\u00f4tes des chalets Or Bereshit. Bassin ombrag\u00e9 pour les enfants, chaises longues et parasols pour les parents et buvette pour tous, vous passerez des moments rafraichissants sur ce site pastoral. Se renseigner pour les horaires d\u2019ouverture. Heures s\u00e9par\u00e9es hommes femmes en \u00e9t\u00e9.<\/span><\/p>\n<p dir=\"ltr\" style=\"text-align: left;\"><span style=\"font-size: 12pt;\"><strong>Epicerie<\/strong> : Vous trouverez tout le n\u00e9cessaire dans cette superette largement \u00e9quip\u00e9e en produits du quotidien, bio ou non, ainsi qu\u2019en fruits, l\u00e9gumes, boissons et glaces. Rehov Haoranim, pr\u00e8s des bureaux du moshav. Tel : 04-8262212<\/span><\/p>\n<p dir=\"ltr\" style=\"text-align: left;\"><span style=\"font-size: 12pt;\"><strong>Synagogue et Mikv\u00e9<\/strong>: Amirim est un moshav o\u00f9 cohabitent la\u00efcs et religieux, toutes tendances confondues. La synagogue orthodoxe fonctionne le shabbat durant toute l\u2019ann\u00e9e ainsi qu\u2019en semaine pendant l\u2019\u00e9t\u00e9 apr\u00e8s la p\u00e9riode de Tisha B\u00e9av. Elle se trouve Rehov Harimonim \u00e0 une vingtaine de minutes \u00e0 pied des chalets Or Bereshit. Une seconde synagogue, situ\u00e9e au d\u00e9but de notre rue fonctionne \u00e9galement le shabbat, les f\u00eates et au quotidien en \u00e9t\u00e9. Enfin non loin, au moshav Shefer situ\u00e9 \u00e0 quelques minutes \u00e0 pied des chalets, se trouve une synagogue fonctionnelle tout au long de l\u2019ann\u00e9e.<\/span><br \/>\n<span style=\"font-size: 12pt;\">Un mikv\u00e9 pour femmes se trouve \u00e0 Amirim ; les hommes peuvent se rendre dans la localit\u00e9 voisine, \u00e0 Bar Yoha\u00ef, \u00e0 quelques minutes en voiture d\u2019Amirim, voire \u00e0 Safed, au fameux mikv\u00e9 du Ari zal.<\/span><\/p>\n<p dir=\"ltr\" style=\"text-align: left;\"><span style=\"font-size: 12pt;\"><strong>Soins et massages<\/strong>: nous vous recommandons vivement de commander un massage directement dans votre chalet pour pouvoir pleinement vous relaxer apr\u00e8s le d\u00e9part de ces professionnels hautement qualifi\u00e9s.<\/span><br \/>\n<span style=\"font-size: 12pt;\">Cliquez ici pour plus d\u2019infos sur les massages.<\/span><\/p>\n<p dir=\"ltr\" style=\"text-align: left;\"><a href=\"http:\/\/france-israel-amities-echanges.over-blog.com\/article-amirim-escapade-verte-en-galilee-115825634.html\">http:\/\/france-israel-amities-echanges.over-blog.com\/article-amirim-escapade-verte-en-galilee-115825634.html<\/a><\/p>\n","protected":false},"excerpt":{"rendered":"<p>Partir \u00e0 Amirim et se sentir \u00e0 l\u2019\u00e9tranger\u2026 Gr\u00e2ce aux nouvelles routes ouvertes ces derni\u00e8res ann\u00e9es, Amirim est d\u00e9sormais plus rapide et plus facile d\u2019acc\u00e8s. D\u00e8s que vous atteindrez les premiers vallons de la Haute Galil\u00e9e, ouvrez la fen\u00eatre et laissez-vous gagner par l\u2019ivresse des grands espaces verts et de l\u2019air pur des montagnes. M\u00eame [&hellip;]<\/p>\n","protected":false},"author":3,"featured_media":0,"parent":0,"menu_order":0,"comment_status":"closed","ping_status":"closed","template":"","meta":{"_acf_changed":false,"_et_pb_use_builder":"","_et_pb_old_content":"","_et_gb_content_width":"","_joinchat":[],"footnotes":"","_links_to":"","_links_to_target":""},"class_list":["post-11363","page","type-page","status-publish","hentry"],"acf":[],"aioseo_notices":[],"_links":{"self":[{"href":"https:\/\/zimmernorth.co.il\/fr\/wp-json\/wp\/v2\/pages\/11363","targetHints":{"allow":["GET"]}}],"collection":[{"href":"https:\/\/zimmernorth.co.il\/fr\/wp-json\/wp\/v2\/pages"}],"about":[{"href":"https:\/\/zimmernorth.co.il\/fr\/wp-json\/wp\/v2\/types\/page"}],"author":[{"embeddable":true,"href":"https:\/\/zimmernorth.co.il\/fr\/wp-json\/wp\/v2\/users\/3"}],"replies":[{"embeddable":true,"href":"https:\/\/zimmernorth.co.il\/fr\/wp-json\/wp\/v2\/comments?post=11363"}],"version-history":[{"count":0,"href":"https:\/\/zimmernorth.co.il\/fr\/wp-json\/wp\/v2\/pages\/11363\/revisions"}],"wp:attachment":[{"href":"https:\/\/zimmernorth.co.il\/fr\/wp-json\/wp\/v2\/media?parent=11363"}],"curies":[{"name":"wp","href":"https:\/\/api.w.org\/{rel}","templated":true}]}}