{"id":11351,"date":"2016-08-15T12:41:33","date_gmt":"2016-08-15T09:41:33","guid":{"rendered":"https:\/\/www.zimmernorth.co.il\/fr\/?page_id=11351"},"modified":"2019-01-11T15:07:23","modified_gmt":"2019-01-11T13:07:23","slug":"bien-etre-et-massages","status":"publish","type":"page","link":"https:\/\/zimmernorth.co.il\/fr\/bien-etre-et-massages\/","title":{"rendered":"Bien-\u00eatre et massages"},"content":{"rendered":"<h2 dir=\"ltr\" style=\"text-align: left;\"><strong>Bien-\u00eatre et massages \u00e0 Or Bereshit<\/strong><\/h2>\n<p dir=\"ltr\" style=\"text-align: left;\">Lorsque vous s\u00e9journez \u00e0 Or Bereshit, vous n\u2019avez qu\u2019un seul imp\u00e9ratif\u00a0: d\u00e9stresser et vous relaxer\u00a0! Oubli\u00e9s les soucis du quotidien, le travail et les obligations, place \u00e0 la s\u00e9r\u00e9nit\u00e9 et au bien-\u00eatre\u00a0! Pour ce faire, nous avons s\u00e9lectionn\u00e9 les meilleurs experts de la r\u00e9gion qui arriveront jusqu\u2019\u00e0 vous au chalet. Vous pourrez choisir votre massage, pour une ou deux personnes, simultan\u00e9ment par deux masseurs, ou \u00e0 la suite l\u2019un de l\u2019autre. Le r\u00e8glement s\u2019effectue en esp\u00e8ces directement aupr\u00e8s du th\u00e9rapeute, les tarifs indiqu\u00e9s sont pour une personne.<\/p>\n<h3 dir=\"ltr\" style=\"text-align: left;\"><strong>Massage su\u00e9dois<\/strong><\/h3>\n<p dir=\"ltr\" style=\"text-align: left;\">Inspir\u00e9 du massage su\u00e9dois aux huiles essentielles et de techniques de shiatsu, ce soin met l\u2019accent sur les zones douloureuses et la d\u00e9tente g\u00e9n\u00e9rale, pour une meilleure circulation sanguine et un renouvellement \u00e9nerg\u00e9tique. Le massage su\u00e9dois est la solution la plus rapide pour soulager les courbatures et \u00e9vacuer stress et tensions musculaires.<br \/>\n<span style=\"color: #8d2231;\"><strong>60 minutes = 250 shekel<\/strong><\/span><\/p>\n<h3 dir=\"ltr\" style=\"text-align: left;\"><strong>Shiatsu japonais <\/strong><\/h3>\n<p dir=\"ltr\" style=\"text-align: left;\">Effectu\u00e9 sur un matelas pos\u00e9 au sol ou sur une table de massage, il s\u2019effectue sans huile et le patient reste v\u00eatu. Le massage shiatsu d\u00e9livre nombre de bienfaits, son objectif \u00e9tant d&rsquo;\u00e9liminer les blocages et de lib\u00e9rer l&rsquo;\u00e9nergie pour permettre au corps de retrouver stabilit\u00e9 et sant\u00e9.\u00a0 Les pressions effectu\u00e9es sur les points r\u00e9flexes du cr\u00e2ne \u00e0 la pointe des pieds, agissent sur la plupart des troubles physiques et psychologiques de l&rsquo;individu. Le massage shiatsu est source d&rsquo;apaisement, de vitalit\u00e9, de dynamisme et de sant\u00e9.<br \/>\n<strong><span style=\"color: #8d2231;\">60 minutes = 250 shekel<\/span><\/strong><\/p>\n<h3 dir=\"ltr\" style=\"text-align: left;\"><strong>Aromath\u00e9rapie<\/strong><\/h3>\n<p dir=\"ltr\" style=\"text-align: left;\">Les massages aux huiles essentielles sont pratiqu\u00e9s depuis l&rsquo;antiquit\u00e9. Parce qu&rsquo;ils allient les bienfaits des massages eux-m\u00eames aux bienfaits des huiles essentielles, ils procurent, selon les huiles utilis\u00e9es, d\u00e9tente, tonicit\u00e9, soulagement, protection immunitaire, plaisir&#8230;\u00a0Ce massage doux est pratiqu\u00e9 avec les huiles de votre choix, et peut soulager douleurs, sinusites, grippe et plus encore.<br \/>\n<span style=\"color: #8d2231;\"><strong>60 minutes = 250 shekel<\/strong><\/span><br \/>\n<span style=\"color: #8d2231;\"><strong>75 minutes = 280 shekel<\/strong><\/span><\/p>\n<h3 dir=\"ltr\" style=\"text-align: left;\"><strong>Massage polarit\u00e9<\/strong><\/h3>\n<p dir=\"ltr\" style=\"text-align: left;\">Alliance parfaite entre le massage traditionnel chinois, les m\u00e9thodes Ayurv\u00e9diques et le massage \u00e9gyptien ancestral, le massage polarit\u00e9 permet de ressourcer et d\u2019harmoniser l\u2019\u00e9nergie du corps et de l\u2019esprit.\u00a0 Cette harmonisation qui anime les forces naturelles d\u2019auto gu\u00e9rison permet entre autres\u00a0d\u2019avoir un sommeil r\u00e9parateur, une meilleure digestion, soulager les tensions, diminuer l\u2019anxi\u00e9t\u00e9, la fatigue, le stress et\u00a0la d\u00e9pression. Le massage se focalise sur le visage, la t\u00eate, les mains, les pieds et le patient reste v\u00eatu.<br \/>\n<strong><span style=\"color: #8d2231;\">45 minutes = 200 shekel<\/span><\/strong><\/p>\n<h3 dir=\"ltr\" style=\"text-align: left;\"><strong>Massage sp\u00e9cial grossesse<\/strong><\/h3>\n<p dir=\"ltr\" style=\"text-align: left;\"><span style=\"line-height: 1.7em;\">V\u00e9ritable source de d\u00e9tente, il offre \u00e0 la future maman un moyen de vivre avec s\u00e9r\u00e9nit\u00e9 sa grossesse tout en lui facilitant la d\u00e9livrance lors de l&rsquo;accouchement. Il s&rsquo;av\u00e8re incontournable pour lutter contre les g\u00eanes physiques et \u00e9motives survenant lors de la grossesse, notamment les douleurs dorsales, articulaires et musculaires, et les troubles du sommeil. Il convient aux femmes enceintes de plus de 13 semaines et peut s\u2019effectuer avec ou sans huiles de massage.<br \/>\n<\/span><span style=\"color: #8d2231;\"><strong>60 minutes = 250 shekel<\/strong><\/span><br \/>\n<span style=\"color: #8d2231;\"><strong>75 minutes = 280 shekel<\/strong><\/span><\/p>\n<h3 dir=\"ltr\" style=\"text-align: left;\"><strong>Massage combin\u00e9<\/strong><\/h3>\n<p dir=\"ltr\" style=\"text-align: left;\">Con\u00e7u sur mesure en fonction du niveau de stress corporel, ce massage combine les techniques su\u00e9doises aux huiles essentielles, des m\u00e9thodes de r\u00e9flexologie, des \u00e9l\u00e9ments de shiatsu et l\u2019usage de pierres chaudes. Pour un moment intense de bien-\u00eatre et de relaxation.<br \/>\n<span style=\"color: #8d2231;\"><strong>60 minutes = 300 shekel<\/strong><\/span><\/p>\n<h3 dir=\"ltr\" style=\"text-align: left;\"><strong>Massage Royal<\/strong><\/h3>\n<p dir=\"ltr\" style=\"text-align: left;\">L\u2019ultime soin de bien-\u00eatre pour une profonde r\u00e9g\u00e9n\u00e9ration, ce massage fait usage d\u2019huile d\u2019amande douce chaude, d\u2019huiles aromatiques et de pierres chaudes. Ce massage profond d\u00e9livre de toutes ses tensions le corps, qui pour finir sera envelopp\u00e9 de serviettes chaudes parfum\u00e9es \u00e0 la lavande. Id\u00e9al en hiver, c\u2019est le soin de ceux qui savent qu\u2019on ne vit qu\u2019une seule fois\u2026.<br \/>\n<span style=\"color: #8d2231;\"><strong>90 minutes = 400 shekels<\/strong><\/span><\/p>\n","protected":false},"excerpt":{"rendered":"<p>Bien-\u00eatre et massages \u00e0 Or Bereshit Lorsque vous s\u00e9journez \u00e0 Or Bereshit, vous n\u2019avez qu\u2019un seul imp\u00e9ratif\u00a0: d\u00e9stresser et vous relaxer\u00a0! Oubli\u00e9s les soucis du quotidien, le travail et les obligations, place \u00e0 la s\u00e9r\u00e9nit\u00e9 et au bien-\u00eatre\u00a0! Pour ce faire, nous avons s\u00e9lectionn\u00e9 les meilleurs experts de la r\u00e9gion qui arriveront jusqu\u2019\u00e0 vous au [&hellip;]<\/p>\n","protected":false},"author":3,"featured_media":0,"parent":0,"menu_order":0,"comment_status":"closed","ping_status":"closed","template":"","meta":{"_acf_changed":false,"_et_pb_use_builder":"","_et_pb_old_content":"","_et_gb_content_width":"","_joinchat":[],"footnotes":"","_links_to":"","_links_to_target":""},"class_list":["post-11351","page","type-page","status-publish","hentry"],"acf":[],"aioseo_notices":[],"_links":{"self":[{"href":"https:\/\/zimmernorth.co.il\/fr\/wp-json\/wp\/v2\/pages\/11351","targetHints":{"allow":["GET"]}}],"collection":[{"href":"https:\/\/zimmernorth.co.il\/fr\/wp-json\/wp\/v2\/pages"}],"about":[{"href":"https:\/\/zimmernorth.co.il\/fr\/wp-json\/wp\/v2\/types\/page"}],"author":[{"embeddable":true,"href":"https:\/\/zimmernorth.co.il\/fr\/wp-json\/wp\/v2\/users\/3"}],"replies":[{"embeddable":true,"href":"https:\/\/zimmernorth.co.il\/fr\/wp-json\/wp\/v2\/comments?post=11351"}],"version-history":[{"count":0,"href":"https:\/\/zimmernorth.co.il\/fr\/wp-json\/wp\/v2\/pages\/11351\/revisions"}],"wp:attachment":[{"href":"https:\/\/zimmernorth.co.il\/fr\/wp-json\/wp\/v2\/media?parent=11351"}],"curies":[{"name":"wp","href":"https:\/\/api.w.org\/{rel}","templated":true}]}}