{"id":11342,"date":"2016-08-15T12:19:36","date_gmt":"2016-08-15T09:19:36","guid":{"rendered":"https:\/\/www.zimmernorth.co.il\/fr\/?page_id=11342"},"modified":"2021-05-30T14:43:16","modified_gmt":"2021-05-30T11:43:16","slug":"petit-dejeuner","status":"publish","type":"page","link":"https:\/\/zimmernorth.co.il\/fr\/petit-dejeuner\/","title":{"rendered":"Petit d\u00e9jeuner"},"content":{"rendered":"<h2 dir=\"ltr\" style=\"text-align: left;\"><span style=\"color: #8d2231;\">Petit d\u00e9jeuner \u00e0 Or Bereshit<\/span><\/h2>\n<p dir=\"ltr\" style=\"text-align: left;\">Vous pouvez choisir de commander en suppl\u00e9ment un d\u00e9licieux petit d\u00e9jeuner pour deux qui vous sera livr\u00e9 dans votre chalet et que vous pourrez d\u00e9guster \u00e0 l\u2019int\u00e9rieur ou sur votre terrasse.<\/p>\n<h3 dir=\"ltr\" style=\"text-align: left;\"><span style=\"color: #8d2231;\">Plusieurs options sont propos\u00e9es:<\/span><\/h3>\n<p dir=\"ltr\" style=\"text-align: left;\">Le traditionnel petit-d\u00e9jeuner isra\u00e9lien avec des \u0153ufs \u2013 au choix en omelette, durs, au plat, aux herbes.\u00a0Un petit-d\u00e9jeuner de style oriental avec shakshouka, ou plus british avec pancakes, sirop d\u2019\u00e9rables et confitures.\u00a0Et bien s\u00fbr, le plus raffin\u00e9 et le plus sain \u2013 le petit-d\u00e9jeuner v\u00e9g\u00e9talien, avec salade taboul\u00e9 aux fines herbes et blinis exquis.<\/p>\n<p dir=\"ltr\" style=\"text-align: left;\">N\u2019oubliez pas de pr\u00e9ciser suffisamment \u00e0 l\u2019avance si vous souhaitez un petit-d\u00e9jeuner certifi\u00e9 casher, sans gluten ou toute autre requ\u00eate alimentaire.<\/p>\n<p><img fetchpriority=\"high\" fetchpriority=\"high\" decoding=\"async\" class=\"alignleft wp-image-11348 \" src=\"https:\/\/zimmernorth.co.il\/wp-content\/uploads\/2015\/07\/50.jpg\" alt=\"\" width=\"560\" height=\"320\" srcset=\"https:\/\/zimmernorth.co.il\/wp-content\/uploads\/2015\/07\/50.jpg 700w, https:\/\/zimmernorth.co.il\/wp-content\/uploads\/2015\/07\/50-300x171.jpg 300w\" sizes=\"(max-width: 560px) 100vw, 560px\" \/><\/p>\n<div dir=\"ltr\" style=\"clear: both;\">\n<table class=\"alignleft\" style=\"width: 297px; height: 1004px;\" border=\"1\" cellspacing=\"1\" cellpadding=\"1\">\n<tbody>\n<tr>\n<td style=\"width: 91px; text-align: left; background-color: #ffffff;\">\n<h4 style=\"text-align: center;\"><span style=\"color: #8d2231;\">Galil\u00e9en<\/span><\/h4>\n<\/td>\n<td style=\"width: 93px; text-align: left; background-color: #ffffff;\">\n<h4 style=\"text-align: center;\"><span style=\"color: #a52a2a;\"><strong><span style=\"font-size: 16px;\">\u00a0<\/span><\/strong><\/span><span style=\"color: #8d2231;\">Oriental<\/span><\/h4>\n<\/td>\n<td style=\"width: 95px; text-align: left; background-color: #ffffff;\">\n<h4 style=\"text-align: center;\"><span style=\"color: #8d2231;\">V\u00e9g\u00e9talien<\/span><\/h4>\n<\/td>\n<\/tr>\n<tr>\n<td style=\"width: 91px; text-align: left; background-color: #ffffff;\"><span style=\"font-size: 14px;\"><span style=\"line-height: 20.7999992370605px;\">\u0152ufs au choix\u00a0: au plat, durs, brouill\u00e9s ou omelette nature ou aux herbes\u2026<\/span><\/span><\/td>\n<td style=\"width: 93px; text-align: left; background-color: #ffffff;\"><span style=\"font-size: 14px;\">Shakshuka (piment\u00e9e ou non)\u00a0 <\/span><\/td>\n<td style=\"width: 95px; text-align: left; background-color: #ffffff;\"><span style=\"font-size: 14px;\">D\u00e9licieux pancakes au lait d\u2019amande et farine compl\u00e8te<\/span><\/td>\n<\/tr>\n<tr>\n<td style=\"width: 91px; text-align: left; background-color: #ffffff;\">Panier de petits pains maison<\/td>\n<td style=\"width: 93px; text-align: left; background-color: #ffffff;\"><span style=\"font-size: 14px;\">Panier pita et pains maison<\/span><\/td>\n<td style=\"width: 95px; text-align: left; background-color: #ffffff;\">Confitures, silan (coulis de dates) et sirop d\u2019\u00e9rable<\/td>\n<\/tr>\n<tr>\n<td style=\"width: 91px; text-align: left; background-color: #ffffff;\">Salade fraiche<\/td>\n<td style=\"width: 93px; text-align: left; background-color: #ffffff;\">Salade fraiche<\/td>\n<td style=\"width: 95px; text-align: left; background-color: #ffffff;\">Salade fraiche<\/td>\n<\/tr>\n<tr>\n<td style=\"width: 91px; text-align: left; background-color: #ffffff;\"><span style=\"font-size: 14px; line-height: 20.7999992370605px;\"> Laban\u00e9 au zaatar<\/span><\/td>\n<td style=\"width: 93px; text-align: left; background-color: #ffffff;\">Laban\u00e9 au zaatar<\/td>\n<td style=\"width: 95px; text-align: left; background-color: #ffffff;\">Taboul\u00e9<\/td>\n<\/tr>\n<tr>\n<td style=\"width: 91px; text-align: left; background-color: #ffffff;\"><span style=\"font-size: 14px;\"> Fromages du terroir <\/span><\/td>\n<td style=\"width: 93px; text-align: left; background-color: #ffffff;\"><\/td>\n<td style=\"width: 95px; text-align: left; background-color: #ffffff;\">Halva (friandise au s\u00e9same)<\/td>\n<\/tr>\n<tr>\n<td style=\"width: 91px; text-align: left; background-color: #ffffff;\">Tahini<\/td>\n<td style=\"width: 93px; text-align: left; background-color: #ffffff;\">Tahini<\/td>\n<td style=\"width: 95px; text-align: left; background-color: #ffffff;\"><span style=\"font-size: 14px;\">Tahini <\/span><\/td>\n<\/tr>\n<tr>\n<td style=\"width: 91px; text-align: left; background-color: #ffffff;\">Olives<\/td>\n<td style=\"width: 93px; text-align: left; background-color: #ffffff;\"><span style=\"font-size: 14px;\"> Olives<\/span><\/td>\n<td style=\"width: 95px; text-align: left; background-color: #ffffff;\"><span style=\"font-size: 14px;\"><span style=\"line-height: 20.7999992370605px;\">Olives<\/span><\/span><\/td>\n<\/tr>\n<tr>\n<td style=\"width: 91px; text-align: left; background-color: #ffffff;\">Salades, p\u00e2t\u00e9s v\u00e9g\u00e9taux et tartinades<\/td>\n<td style=\"width: 93px; text-align: left; background-color: #ffffff;\">Salades, p\u00e2t\u00e9s v\u00e9g\u00e9taux et tartinades<\/td>\n<td style=\"width: 95px; text-align: left; background-color: #ffffff;\"><span style=\"font-size: 14px;\">Salades, p\u00e2t\u00e9s v\u00e9g\u00e9taux et tartinades\u00a0\u00a0 <\/span><\/td>\n<\/tr>\n<tr>\n<td style=\"width: 91px; text-align: left; background-color: #ffffff;\"><span style=\"font-size: 14px;\">Yaourt et c\u00e9r\u00e9ales<\/span><\/td>\n<td style=\"width: 93px; text-align: left; background-color: #ffffff;\"><span style=\"font-size: 14px;\">Yaourt et c\u00e9r\u00e9ales<\/span><\/td>\n<td style=\"width: 95px; text-align: left; background-color: #ffffff;\">Fruits secs<\/td>\n<\/tr>\n<tr>\n<td style=\"width: 91px; text-align: left; background-color: #ffffff;\"><span style=\"font-size: 14px;\">Confitures maison<\/span><\/td>\n<td style=\"width: 93px; text-align: left; background-color: #ffffff;\"><span style=\"font-size: 14px;\">Confitures maison<\/span><\/td>\n<td style=\"width: 95px; text-align: left; background-color: #ffffff;\">Confitures maison<\/td>\n<\/tr>\n<tr>\n<td style=\"width: 91px; text-align: left; background-color: #ffffff;\"><span style=\"font-size: 14px;\"><span style=\"line-height: 20.7999992370605px;\">Beetroot, avocado and other seasonal vegetables<\/span><\/span><\/td>\n<td style=\"width: 93px; text-align: left; background-color: #ffffff;\"><span style=\"font-size: 14px;\"><span style=\"line-height: 20.7999992370605px;\">\u00a0\u00a0<\/span><\/span><\/td>\n<td style=\"width: 95px; text-align: left; background-color: #ffffff;\"><\/td>\n<\/tr>\n<tr>\n<td style=\"width: 91px; text-align: left; background-color: #ffffff;\"><span style=\"font-size: 14px;\"> Oranges press\u00e9es<\/span><\/td>\n<td style=\"width: 93px; text-align: left; background-color: #ffffff;\"><span style=\"font-size: 14px;\"> Oranges press\u00e9es<\/span><\/td>\n<td style=\"width: 95px; text-align: left; background-color: #ffffff;\"><span style=\"font-size: 14px;\">Oranges press\u00e9es<\/span><\/td>\n<\/tr>\n<tr>\n<td style=\"width: 91px; text-align: left; background-color: #ffffff;\"><span style=\"font-size: 14px;\">\u00a0\u00a0<\/span><\/td>\n<td style=\"width: 93px; text-align: left; background-color: #ffffff;\"><span style=\"font-size: 14px;\"><span style=\"line-height: 20.7999992370605px;\">\u00a0<\/span><\/span><\/td>\n<td style=\"width: 95px; text-align: left; background-color: #ffffff;\"><\/td>\n<\/tr>\n<tr>\n<td style=\"width: 91px; text-align: left; background-color: #ffffff;\"><strong><span style=\"font-size: 16px;\">\u00a0 130 s<\/span><span style=\"font-size: 13px; line-height: 20.7999992370605px;\">hekel<\/span><\/strong><\/td>\n<td style=\"width: 93px; text-align: left; background-color: #ffffff;\"><strong><span style=\"font-size: 16px;\">\u00a0<\/span><\/strong><strong style=\"font-size: 13px; line-height: 20.7999992370605px;\"><span style=\"font-size: 16px;\">\u00a0130 <\/span><\/strong><strong style=\"font-size: 13px; line-height: 20.7999992370605px;\"><span style=\"font-size: 16px;\">s<\/span><\/strong><strong style=\"font-size: 13px; line-height: 20.7999992370605px;\"><span style=\"line-height: 20.7999992370605px;\">hekel<\/span><\/strong><\/td>\n<td style=\"width: 95px; text-align: left; background-color: #ffffff;\"><strong style=\"font-size: 13px; line-height: 20.7999992370605px;\"><span style=\"font-size: 16px;\">140 <strong style=\"font-size: 13px; line-height: 20.7999992370605px;\"><span style=\"font-size: 16px;\">s<\/span><span style=\"line-height: 20.7999992370605px;\">hekel<\/span><\/strong><\/span><\/strong><\/td>\n<\/tr>\n<\/tbody>\n<\/table>\n<\/div>\n","protected":false},"excerpt":{"rendered":"<p>Petit d\u00e9jeuner \u00e0 Or Bereshit Vous pouvez choisir de commander en suppl\u00e9ment un d\u00e9licieux petit d\u00e9jeuner pour deux qui vous sera livr\u00e9 dans votre chalet et que vous pourrez d\u00e9guster \u00e0 l\u2019int\u00e9rieur ou sur votre terrasse. Plusieurs options sont propos\u00e9es: Le traditionnel petit-d\u00e9jeuner isra\u00e9lien avec des \u0153ufs \u2013 au choix en omelette, durs, au plat, [&hellip;]<\/p>\n","protected":false},"author":3,"featured_media":0,"parent":0,"menu_order":0,"comment_status":"closed","ping_status":"closed","template":"","meta":{"_acf_changed":false,"_et_pb_use_builder":"","_et_pb_old_content":"","_et_gb_content_width":"","_joinchat":[],"footnotes":"","_links_to":"","_links_to_target":""},"class_list":["post-11342","page","type-page","status-publish","hentry"],"acf":[],"aioseo_notices":[],"_links":{"self":[{"href":"https:\/\/zimmernorth.co.il\/fr\/wp-json\/wp\/v2\/pages\/11342","targetHints":{"allow":["GET"]}}],"collection":[{"href":"https:\/\/zimmernorth.co.il\/fr\/wp-json\/wp\/v2\/pages"}],"about":[{"href":"https:\/\/zimmernorth.co.il\/fr\/wp-json\/wp\/v2\/types\/page"}],"author":[{"embeddable":true,"href":"https:\/\/zimmernorth.co.il\/fr\/wp-json\/wp\/v2\/users\/3"}],"replies":[{"embeddable":true,"href":"https:\/\/zimmernorth.co.il\/fr\/wp-json\/wp\/v2\/comments?post=11342"}],"version-history":[{"count":1,"href":"https:\/\/zimmernorth.co.il\/fr\/wp-json\/wp\/v2\/pages\/11342\/revisions"}],"predecessor-version":[{"id":16202,"href":"https:\/\/zimmernorth.co.il\/fr\/wp-json\/wp\/v2\/pages\/11342\/revisions\/16202"}],"wp:attachment":[{"href":"https:\/\/zimmernorth.co.il\/fr\/wp-json\/wp\/v2\/media?parent=11342"}],"curies":[{"name":"wp","href":"https:\/\/api.w.org\/{rel}","templated":true}]}}