{"id":11315,"date":"2016-08-15T12:10:00","date_gmt":"2016-08-15T09:10:00","guid":{"rendered":"https:\/\/www.zimmernorth.co.il\/fr\/?page_id=11315"},"modified":"2024-10-07T15:37:12","modified_gmt":"2024-10-07T12:37:12","slug":"le-chalet-des-amoureux","status":"publish","type":"page","link":"https:\/\/zimmernorth.co.il\/fr\/le-chalet-des-amoureux\/","title":{"rendered":"Le Chalet des amoureux"},"content":{"rendered":"<p>[et_pb_section fb_built=\u00a0\u00bb1&Prime; _builder_version=\u00a0\u00bb4.16&Prime; global_colors_info=\u00a0\u00bb{}\u00a0\u00bb][et_pb_row _builder_version=\u00a0\u00bb4.16&Prime; background_size=\u00a0\u00bbinitial\u00a0\u00bb background_position=\u00a0\u00bbtop_left\u00a0\u00bb background_repeat=\u00a0\u00bbrepeat\u00a0\u00bb global_colors_info=\u00a0\u00bb{}\u00a0\u00bb][et_pb_column type=\u00a0\u00bb4_4&Prime; _builder_version=\u00a0\u00bb4.16&Prime; custom_padding=\u00a0\u00bb|||\u00a0\u00bb global_colors_info=\u00a0\u00bb{}\u00a0\u00bb custom_padding__hover=\u00a0\u00bb|||\u00a0\u00bb][et_pb_text _builder_version=\u00a0\u00bb4.16&Prime; custom_margin_tablet=\u00a0\u00bb\u00a0\u00bb custom_margin_phone=\u00a0\u00bb15px|||\u00a0\u00bb custom_margin_last_edited=\u00a0\u00bbon|phone\u00a0\u00bb global_colors_info=\u00a0\u00bb{}\u00a0\u00bb]<\/p>\n<h1 dir=\"ltr\" style=\"text-align: center;\">Le Chalet\u00a0Provence<\/h1>\n<p>[\/et_pb_text][et_pb_text disabled_on=\u00a0\u00bb|on|on\u00a0\u00bb admin_label=\u00a0\u00bb\u05d8\u05e7\u05e1\u05d8 \u05dc\u05e0\u05d9\u05d3\u00a0\u00bb _builder_version=\u00a0\u00bb4.16&Prime; custom_margin_tablet=\u00a0\u00bb\u00a0\u00bb custom_margin_phone=\u00a0\u00bb-20px|||\u00a0\u00bb custom_margin_last_edited=\u00a0\u00bbon|phone\u00a0\u00bb global_colors_info=\u00a0\u00bb{}\u00a0\u00bb]<\/p>\n<p dir=\"ltr\" style=\"text-align: left;\">Avec ses murs de lambris blanc, ses vieilles pierres, ses poutres apparentes et ses vitraux bleu lavande, le Chalet Provence vous invite \u00e0 go\u00fbter au charme champ\u00eatre de la Galil\u00e9e. La vue sur le bleu du Kinnereth, la chemin\u00e9e au feu de bois, la piscine chauff\u00e9e sur la terrasse bord\u00e9e de verdure et le vaste jacuzzi \u00e0 l\u2019int\u00e9rieur feront de votre s\u00e9jour une escapade amoureuse au romantisme absolu\u00a0!<\/p>\n<p>[\/et_pb_text][\/et_pb_column][\/et_pb_row][et_pb_row column_structure=\u00a0\u00bb3_5,2_5&Prime; _builder_version=\u00a0\u00bb4.16&Prime; custom_margin=\u00a0\u00bb-110px|||\u00a0\u00bb custom_margin_tablet=\u00a0\u00bb\u00a0\u00bb custom_margin_phone=\u00a0\u00bb\u00a0\u00bb custom_margin_last_edited=\u00a0\u00bbon|desktop\u00a0\u00bb global_colors_info=\u00a0\u00bb{}\u00a0\u00bb][et_pb_column type=\u00a0\u00bb3_5&Prime; _builder_version=\u00a0\u00bb4.16&Prime; custom_padding=\u00a0\u00bb|||\u00a0\u00bb global_colors_info=\u00a0\u00bb{}\u00a0\u00bb custom_padding__hover=\u00a0\u00bb|||\u00a0\u00bb][et_pb_gallery gallery_ids=\u00a0\u00bb16271,16295,16292,16283,16289,16277,16274,16286,16280,16021,15921,15924,16018,16015,15933,15944,15941,16268&Prime; fullwidth=\u00a0\u00bbon\u00a0\u00bb _builder_version=\u00a0\u00bb4.23.4&Prime; auto=\u00a0\u00bbon\u00a0\u00bb auto_speed=\u00a0\u00bb3000&Prime; hover_enabled=\u00a0\u00bb0&Prime; global_colors_info=\u00a0\u00bb{}\u00a0\u00bb custom_margin=\u00a0\u00bb20px||||false|false\u00a0\u00bb sticky_enabled=\u00a0\u00bb0&Prime;][\/et_pb_gallery][et_pb_text _builder_version=\u00a0\u00bb4.23.4&Prime; custom_margin_tablet=\u00a0\u00bb\u00a0\u00bb custom_margin_phone=\u00a0\u00bb20px||||false|false\u00a0\u00bb custom_margin_last_edited=\u00a0\u00bbon|phone\u00a0\u00bb hover_enabled=\u00a0\u00bb0&Prime; global_colors_info=\u00a0\u00bb{}\u00a0\u00bb sticky_enabled=\u00a0\u00bb0&Prime;]<\/p>\n<h2 dir=\"ltr\" style=\"text-align: left;\">Dans le Chalet Provence\u00a0vous trouverez\u00a0:<\/h2>\n<ul dir=\"ltr\" style=\"text-align: left;\">\n<li>Une terrasse en teck avec vue merveilleuse sur la Galil\u00e9e<\/li>\n<li>Une piscine priv\u00e9e de 2.5 X 5 m\u00e8tres de diam\u00e8tre chauff\u00e9e en hiver<\/li>\n<li>Un jacuzzi \u00e9clair\u00e9 aux bougies<\/li>\n<li>Une chemin\u00e9e pour se lover au coin du feu en hiver<\/li>\n<li>Un grand lit double avec draperie de qualit\u00e9<\/li>\n<li>Une salle de bain \u00e9quip\u00e9e d\u2019une douche pluie de for\u00eat<\/li>\n<li>Peignoirs et draps de bains \u00e9pais pour chaque convive<\/li>\n<li>T\u00e9l\u00e9vision grand \u00e9cran, dvd, c\u00e2bles, vid\u00e9oth\u00e8que<\/li>\n<li>Coin salon confortable, jeux de soci\u00e9t\u00e9, magazines<\/li>\n<li>Machine \u00e0 expresso et capsules<\/li>\n<li>Cuisine \u00e9quip\u00e9e avec four \u00e0 micro-ondes et r\u00e9frig\u00e9rateur bien garni<\/li>\n<li>Biscuits, crackers, lait, beurre, confiture, yaourts<\/li>\n<li>Vin et chocolats fins, fruits de saison<\/li>\n<\/ul>\n<h2 dir=\"ltr\" style=\"text-align: left;\"><strong>Vous pouvez commander dans votre chalet, en suppl\u00e9ment\u00a0:<\/strong><\/h2>\n<ul dir=\"ltr\" style=\"text-align: left;\">\n<li>Un d\u00e9licieux petit d\u00e9jeuner<\/li>\n<li>Des repas exquis<\/li>\n<li>Des massages et des soins esth\u00e9tiques professionnels<strong>\u00a0<\/strong><\/li>\n<\/ul>\n<h2 dir=\"ltr\" style=\"text-align: left;\"><strong>Par ailleurs, vous trouverez \u00e0 proximit\u00e9 de votre chalet, dans le village et les environs\u00a0:<\/strong><\/h2>\n<ul dir=\"ltr\">\n<li style=\"text-align: left;\">L\u2019atelier-galerie de vitraux de Debbie, o\u00f9 vous trouverez des cr\u00e9ations originales pour vos cadeaux ou participer \u00e0 un atelier d\u2019initiation de 2-3 heures (\u00e0 r\u00e9server \u00e0 l\u2019avance).<\/li>\n<li style=\"text-align: left;\">L\u2019acc\u00e8s gratuit en saison \u00e0 la superbe piscine du village<\/li>\n<li style=\"text-align: left;\">Le Jardin des sculptures exposant des pi\u00e8ces de collection du Mus\u00e9e d\u2019Isra\u00ebl<\/li>\n<li style=\"text-align: left;\">Galeries d\u2019art, restaurants (v\u00e9g\u00e9ta*ien), spa et m\u00e9decines alternatives<\/li>\n<li style=\"text-align: left;\">De tr\u00e8s belles balades, belv\u00e9d\u00e8res, circuits et r\u00e9serves naturelles<\/li>\n<li style=\"text-align: left;\">Des excursions en v\u00e9hicule tout terrain, des ateliers cuisine, sant\u00e9 et bien-\u00eatre<\/li>\n<li style=\"text-align: left;\">Synagogues, mikv\u00e9, cours de Torah et restauration casher<\/li>\n<\/ul>\n<h3><\/h3>\n<p>[\/et_pb_text][et_pb_text admin_label=\u00a0\u00bb\u05ea\u05de\u05d5\u05e0\u05d4\u00a0\u00bb _builder_version=\u00a0\u00bb4.16&Prime; global_colors_info=\u00a0\u00bb{}\u00a0\u00bb]<\/p>\n<h3><a href=\"https:\/\/zimmernorth.co.il\/wp-content\/uploads\/2021\/12\/3333.jpg\"><img fetchpriority=\"high\" fetchpriority=\"high\" decoding=\"async\" class=\"alignnone wp-image-16268 size-full\" src=\"https:\/\/zimmernorth.co.il\/wp-content\/uploads\/2021\/12\/3333.jpg\" alt=\"\" width=\"1002\" height=\"640\" srcset=\"https:\/\/zimmernorth.co.il\/wp-content\/uploads\/2021\/12\/3333.jpg 1002w, https:\/\/zimmernorth.co.il\/wp-content\/uploads\/2021\/12\/3333-300x192.jpg 300w, https:\/\/zimmernorth.co.il\/wp-content\/uploads\/2021\/12\/3333-768x491.jpg 768w\" sizes=\"(max-width: 1002px) 100vw, 1002px\" \/><\/a><\/h3>\n<p>[\/et_pb_text][\/et_pb_column][et_pb_column type=\u00a0\u00bb2_5&Prime; _builder_version=\u00a0\u00bb4.16&Prime; custom_padding=\u00a0\u00bb|||\u00a0\u00bb global_colors_info=\u00a0\u00bb{}\u00a0\u00bb custom_padding__hover=\u00a0\u00bb|||\u00a0\u00bb][et_pb_text disabled_on=\u00a0\u00bbon||\u00a0\u00bb admin_label=\u00a0\u00bb\u05d8\u05e7\u05e1\u05d8 \u05dc\u05de\u05d7\u05e9\u05d1\u00a0\u00bb _builder_version=\u00a0\u00bb4.16&Prime; global_colors_info=\u00a0\u00bb{}\u00a0\u00bb]<\/p>\n<p dir=\"ltr\" style=\"text-align: left;\">Avec ses murs de lambris blanc, ses vieilles pierres, ses poutres apparentes et ses vitraux bleu lavande, le Chalet Provence vous invite \u00e0 go\u00fbter au charme champ\u00eatre de la Galil\u00e9e. La vue sur le bleu du Kinnereth, la chemin\u00e9e au feu de bois, la piscine chauff\u00e9e sur la terrasse bord\u00e9e de verdure et le vaste jacuzzi \u00e0 l\u2019int\u00e9rieur feront de votre s\u00e9jour une escapade amoureuse au romantisme absolu\u00a0!<\/p>\n<p>[\/et_pb_text][\/et_pb_column][\/et_pb_row][\/et_pb_section]<\/p>\n","protected":false},"excerpt":{"rendered":"<p>Le Chalet\u00a0Provence Avec ses murs de lambris blanc, ses vieilles pierres, ses poutres apparentes et ses vitraux bleu lavande, le Chalet Provence vous invite \u00e0 go\u00fbter au charme champ\u00eatre de la Galil\u00e9e. La vue sur le bleu du Kinnereth, la chemin\u00e9e au feu de bois, la piscine chauff\u00e9e sur la terrasse bord\u00e9e de verdure et [&hellip;]<\/p>\n","protected":false},"author":3,"featured_media":0,"parent":0,"menu_order":0,"comment_status":"closed","ping_status":"closed","template":"","meta":{"_acf_changed":false,"_et_pb_use_builder":"on","_et_pb_old_content":"<h1>\u05d4\u05d1\u05e7\u05ea\u05d4 \u05dc\u05d0\u05d5\u05d4\u05d1\u05d9\u05dd - \u05e6\u05d9\u05de\u05e8 \u05d1\u05e6\u05e4\u05d5\u05df \u05d1\u05d0\u05de\u05d9\u05e8\u05d9\u05dd<\/h1><h2>\u05d1\u05e7\u05ea\u05ea \u05e2\u05e5 \u05de\u05d1\u05d5\u05d3\u05d3\u05ea \u05d1\u05d7\u05d5\u05e8\u05e9 \u05d8\u05d1\u05e2\u05d9 \u05e2\u05dd \u05d1\u05e8\u05d9\u05db\u05d4 \u05e4\u05e8\u05d8\u05d9\u05ea \u05de\u05d7\u05d5\u05de\u05de\u05ea \u05db\u05dc \u05d4\u05e9\u05e0\u05d4, \u05e6\u05d5\u05e4\u05d4 \u05dc\u05db\u05e0\u05e8\u05ea<\/h2><p><a href=\"https:\/\/zimmernorth.co.il\/\u05de\u05d7\u05d9\u05e8\u05d9\u05dd\/\"><img class=\"alignright size-full wp-image-1538\" style=\"width: 166px; float: left; height: 70px; margin-left: 10px; margin-right: 10px; border: 0px solid;\" title=\"\u05dc\u05d7\u05e5 \u05dc\u05de\u05d7\u05d9\u05e8\u05d5\u05df \u05d5\u05d4\u05d6\u05de\u05e0\u05d4 - \u05d0\u05d5\u05e8 \u05d1\u05e8\u05d0\u05e9\u05d9\u05ea \u05e6\u05d9\u05de\u05e8\u05d9\u05dd \u05d1\u05d0\u05de\u05d9\u05e8\u05d9\u05dd\" src=\"https:\/\/zimmernorth.co.il\/wp-content\/uploads\/2012\/03\/Rates-and-Booking.png\" alt=\"\" \/><\/a>\u05d0\u05dd \u05d7\u05dc\u05de\u05ea\u05dd \u05e2\u05dc \u05d7\u05d5\u05e4\u05e9\u05d4 \u05d2\u05dc\u05d9\u05dc\u05d9\u05ea \u05d9\u05e8\u05d5\u05e7\u05d4 \u05d5\u05de\u05d5\u05e9\u05dc\u05de\u05ea, \u05de\u05d5\u05dc \u05e0\u05d5\u05e3 \u05d4\u05db\u05e0\u05e8\u05ea \u05d4\u05db\u05d7\u05d5\u05dc\u05d4 \u05d5\u05d4\u05e8\u05d9 \u05d4\u05d2\u05dc\u05d9\u05dc \u05d4\u05d9\u05e8\u05d5\u05e7\u05d9\u05dd, \u05d4\u05e8\u05d9 \u05e9\u05de\u05ea\u05d7\u05dd \u05d4\u05e1\u05d5\u05d5\u05d9\u05d8\u05d5\u05ea \u05e6\u05d9\u05de\u05e8\u05d9\u05dd \u05d0\u05d5\u05e8 \u05d1\u05e8\u05d0\u05e9\u05d9\u05ea\u00a0\u05d1\u05e6\u05e4\u05d5\u05df \u05d4\u05d9\u05e0\u05d5 \u05d4\u05de\u05e7\u05d5\u05dd \u05d4\u05de\u05d5\u05e9\u05dc\u05dd \u05e2\u05d1\u05d5\u05e8\u05db\u05dd.<br \/>\u05d4\u05e6\u05d9\u05de\u05e8\u00a0\u05d1\u05e7\u05ea\u05ea \u05e2\u05e5 \u05e8\u05d5\u05de\u05e0\u05d8\u05d9\u05ea,\u00a0\u05de\u05d1\u05d5\u05d3\u05d3 \u05d5\u05de\u05d5\u05e7\u05e3 \u05e0\u05d5\u05e4\u05d9\u05dd \u05d9\u05e8\u05d5\u05e7\u05d9\u05dd \u05de\u05e8\u05d4\u05d9\u05d1\u05d9\u05dd, \u05d4\u05de\u05d1\u05d8\u05d9\u05d7\u05d9\u05dd \u05dc\u05db\u05dd \u05d7\u05d5\u05e4\u05e9\u05d4 \u05de\u05d5\u05e9\u05dc\u05de\u05ea.<\/p><p>\u05d4\u05e1\u05d5\u05d5\u05d9\u05d8\u05d4 \u05de\u05d1\u05d7\u05d5\u05e5 \u05d1\u05e7\u05ea\u05ea \u05e2\u05e5, \u05de\u05d1\u05e4\u05e0\u05d9\u05dd \u05d4\u05d1\u05e7\u05ea\u05d4 \u05dc\u05d1\u05e0\u05d4 \u05d1\u05e1\u05d9\u05d2\u05e0\u05d5\u05df \u05e4\u05e8\u05d5\u05d1\u05e0\u05e1 \u05de\u05e2\u05d5\u05e6\u05d1\u05ea \u05d1\u05e7\u05e4\u05d9\u05d3\u05d4 \u05e2\u05dd \u05e0\u05d2\u05d9\u05e2\u05d5\u05ea \u05d0\u05d4\u05d1\u05d4 \u05d5\u05e8\u05d5\u05de\u05e0\u05d8\u05d9\u05e7\u05d4 \u05d1\u05db\u05dc \u05e4\u05d9\u05e0\u05d4 \u05e4\u05e8\u05d7\u05d9\u05dd \u05e8\u05d9\u05d7\u05e0\u05d9\u05d9\u05dd, \u05e0\u05e8\u05d5\u05ea \u05e8\u05d5\u05de\u05e0\u05d8\u05d9\u05d9\u05dd \u05dc\u05d4\u05e2\u05e9\u05e8\u05ea \u05d4\u05d0\u05d5\u05d5\u05d9\u05e8\u05d4, \u05e1\u05dc\u05e1\u05dc\u05ea \u05e4\u05d9\u05e8\u05d5\u05ea, \u05e7\u05e4\u05d4 \u05d0\u05e1\u05e4\u05e8\u05e1\u05d5 \u05d5\u05de\u05d1\u05d7\u05e8 \u05e4\u05d9\u05e0\u05d5\u05e7\u05d9\u05dd \u05de\u05ea\u05d5\u05e7\u05d9\u05dd.<\/p><h3>\u05d2\u05dc\u05e8\u05d9\u05d9\u05ea \u05ea\u05de\u05d5\u05e0\u05d5\u05ea \u05d4\u05d1\u05e7\u05ea\u05d4 \u05dc\u05d0\u05d5\u05d4\u05d1\u05d9\u05dd:<\/h3><p>[g-slider gid=\"9131\" width=\"100%\" height=\"60%\"]<\/p><h3>\u05d1\u05d1\u05e7\u05ea\u05d4 \u05dc\u05d0\u05d5\u05d4\u05d1\u05d9\u05dd \/ \u05e1\u05d5\u05d5\u05d9\u05d8\u05d4 \u05ea\u05de\u05e6\u05d0\u05d5:<\/h3><table style=\"width: 250px;\" border=\"0\" cellspacing=\"1\" cellpadding=\"1\" align=\"left\"><tbody><tr><td><h3><a href=\"https:\/\/zimmernorth.co.il\/wp-content\/uploads\/2012\/02\/Zimmer-North-Lovers-Cabin-2500.png\"><img class=\"alignleft size-full wp-image-4090\" style=\"width: 250px; float: left; height: 119px; border: 1px solid;\" title=\"Love-cabin-at-or-bereshit-1\" src=\"https:\/\/zimmernorth.co.il\/wp-content\/uploads\/2012\/02\/Zimmer-North-Lovers-Cabin-2500.png\" alt=\"\" \/><\/a><\/h3><\/td><\/tr><tr><td style=\"text-align: center;\">\u00a0\u00a0 \u05dc\u05d7\u05e5 \u05dc\u05d4\u05d2\u05d3\u05dc\u05d4<\/td><\/tr><\/tbody><\/table><p>\u2666\u00a0 \u05de\u05e8\u05e4\u05e1\u05ea \u05de\u05e8\u05d5\u05e6\u05e4\u05ea \u05d3\u05e7, \u05e2\u05dd \u05e4\u05d9\u05e0\u05ea \u05d9\u05e9\u05d9\u05d1\u05d4 \u05e0\u05d5\u05d7\u05d4 \u05d5\u05e0\u05d5\u05e3\u00a0\u05d9\u05e8\u05d5\u05e7<br \/>\u05d5\u05e2\u05d5\u05e6\u05e8 \u05e0\u05e9\u05d9\u05de\u05d4\u00a0\u05dc\u05db\u05d9\u05e0\u05e8\u05ea<br \/>\u2666 \u00a0<span style=\"line-height: 20.7999992370605px;\">\u05d1\u05e8\u05d9\u05db\u05d4 \u05e4\u05e8\u05d8\u05d9\u05ea \u05d1\u05e7\u05d5\u05d8\u05e8 3 \u05de\u05d8\u05e8 \u05dc\u05e9\u05db\u05e9\u05d5\u05da \u05de\u05d7\u05d5\u05de\u05de\u05ea \u05db\u05dc \u05d4\u05e9\u05e0\u05d4<\/span><br \/><span style=\"line-height: 20.7999992370605px;\">\u00a0\u00a0 \u00a0 \u00a0\u00a0<\/span><span style=\"line-height: 20.7999992370605px;\">(\u05d4\u05d1\u05e8\u05d9\u05db\u05d4 \u05dc\u05d0 \u05de\u05e7\u05d5\u05e8\u05d4 \u05d5\u05d1\u05d9\u05de\u05d9\u05dd \u05e7\u05e8\u05d9\u05dd \u05de\u05d0\u05d5\u05d3 \u05dc\u05d0 \u05e0\u05d9\u05ea\u05df \u05dc\u05d4\u05db\u05e0\u05e1 \u05dc\u05d1\u05e8\u05d9\u05db\u05d4)<\/span><br \/>\u2666\u00a0 \u05d0\u05d7 \/ \u05e7\u05de\u05d9\u05df \u05e2\u05e6\u05d9\u05dd \u05dc\u05d7\u05d5\u05e8\u05e3 \u05e8\u05d5\u05de\u05e0\u05d8\u05d9 \u05d5\u05de\u05d6\u05d2\u05df<br \/>\u2666\u00a0\u00a0\u05d2'\u05e7\u05d5\u05d6\u05d9 \u05d6\u05d5\u05d2\u05d9 \u05e2\u05d2\u05d5\u05dc \u05d5\u05d2\u05d3\u05d5\u05dc \u05de\u05d5\u05e7\u05e3 \u05e0\u05e8\u05d5\u05ea<br \/>\u2666\u00a0 \u05de\u05d6\u05d2\u05df<br \/>\u2666\u00a0 \u05d7\u05d3\u05e8 \u05e8\u05d7\u05e6\u05d4 \u05de\u05e8\u05d5\u05d5\u05d7\u00a0\u05de\u05e2\u05d5\u05e6\u05d1 \u05d1\u05e1\u05d2\u05e0\u05d5\u05df\u00a0\u05de\u05d9\u05d5\u05d7\u05d3 \u05d1\u05de\u05d9\u05e0\u05d5 \u05e2\u05dd \u05e8\u05d0\u05e9 \u05d2\u05e9\u05dd \u05de\u05e4\u05e0\u05e7<br \/>\u2666\u00a0 \u05de\u05d2\u05d1\u05d5\u05ea \u05d5\u05d7\u05dc\u05d5\u05e7\u05d9 \u05e8\u05d7\u05e6\u05d4 \u05de\u05e4\u05e0\u05e7\u05d9\u05dd<br \/>\u2666\u00a0 \u05de\u05d9\u05d8\u05d4 \u05d6\u05d5\u05d2\u05d9\u05ea \u05de\u05e2\u05d5\u05e6\u05d1\u05ea \u05e8\u05db\u05d4 \u05d5\u05de\u05d6\u05de\u05d9\u05e0\u05d4<br \/>\u2666\u00a0 \u05d7\u05dc\u05d1 \u05d9\u05d5\u05d2\u05d5\u05e8\u05d8\u05d9\u05dd, \u05d1\u05e7\u05d1\u05d5\u05e7 \u05d9\u05d9\u05df, \u05e9\u05d5\u05e7\u05d5\u05dc\u05d3\u05d9\u05dd \u05d5\u05e1\u05dc\u05e1\u05dc\u05ea \u05e4\u05d9\u05e8\u05d5\u05ea \u05d4\u05e2\u05d5\u05e0\u05d4 (\u05d7\u05d1\u05d9\u05dc\u05ea VIP)<br \/>\u2666\u00a0 \u05de\u05d8\u05d1\u05d7\u05d5\u05df \u05de\u05d0\u05d5\u05d1\u05d6\u05e8\u00a0\u05d1\u05de\u05e7\u05e8\u05e8, \u05de\u05d9\u05e7\u05e8\u05d5\u05d2\u05dc, \u05e4\u05d9\u05e0\u05ea \u05e7\u05e4\u05d4<br \/>\u2666\u00a0 \u05e4\u05d9\u05e0\u05ea \u05d0\u05d5\u05db\u05dc<br \/>\u2666\u00a0 \u05de\u05db\u05d5\u05e0\u05ea \u05d0\u05e1\u05e4\u05e8\u05e1\u05d5 \u05dc\u05e7\u05e4\u05d4 \u05d0\u05e8\u05d5\u05de\u05d8\u05d9<br \/>\u2666\u00a0 \u05e4\u05d9\u05e0\u05ea \u05d9\u05e9\u05d9\u05d1\u05d4 \u05e0\u05d5\u05d7\u05d4 \u05d1\u05e2\u05d9\u05e6\u05d5\u05d1 \u05de\u05e7\u05d5\u05e8\u05d9 \u05d0\u05d5\u05ea\u05e0\u05d8\u05d9<br \/>\u2666\u00a0 \u05d8\u05dc\u05d5\u05d5\u05d9\u05d6\u05d9\u05d4 \u05d1\u05db\u05d1\u05dc\u05d9\u05dd <a href=\"https:\/\/zimmernorth.co.il\/%d7%a2%d7%a8%d7%95%d7%a6%d7%99-%d7%98%d7%9c%d7%95%d7%99%d7%96%d7%99%d7%94-%d7%91%d7%91%d7%a7%d7%aa%d7%94\/\"><span style=\"color: #ff6600;\">\u05e2\u05e8\u05d5\u05e6\u05d9\u00a0YES\u00a0<\/span><\/a>\u05d5\u05de\u05e2\u05e8\u05db\u05ea\u00a0DVD<br \/>\u2666\u00a0 \u05de\u05e9\u05d7\u05e7\u05d9 \u05d7\u05e9\u05d9\u05d1\u05d4 \u05d5\u05d7\u05d5\u05d1\u05e8\u05d5\u05ea \u05e7\u05e8\u05d9\u05d0\u05d4 \u05e2\u05d3\u05db\u05e0\u05d9\u05d5\u05ea<br \/>\u2666\u00a0 \u05dc\u05d4\u05e8\u05d7\u05d1\u05d4 \u05e2\u05dc \u05d4\u05e1\u05d8\u05e0\u05d3\u05e8\u05d8 \u05e9\u05dc\u05e0\u05d5 <a href=\"https:\/\/www.zimmernorth.co.il\/%d7%9e%d7%94-%d7%9b%d7%9c%d7%95%d7%9c-%d7%91%d7%9e%d7%97%d7%99%d7%a8-%d7%a6%d7%99%d7%9e%d7%a8-%d7%91%d7%a6%d7%a4%d7%95%d7%9f\/\">\u05dc\u05d7\u05e5 \u05db\u05d0\u05df >><\/a><\/p><p><a href=\"https:\/\/zimmernorth.co.il\/breakfast\/\"><span style=\"color: #ff6600;\">\u05d0\u05e8\u05d5\u05d7\u05ea \u05d1\u05d5\u05e7\u05e8 \u05d2\u05dc\u05d9\u05dc\u05d9\u05ea <\/span><\/a>\u05e2\u05e9\u05d9\u05e8\u05d4 \u05d5\u05d0\u05e8\u05d5\u05d7\u05ea \u05e2\u05e8\u05d1 \u05ea\u05d5\u05d2\u05e9 \u05dc\u05e1\u05d5\u05d5\u05d9\u05d8\u05d5\u05ea \u05d1\u05ea\u05e9\u05dc\u05d5\u05dd \u05e0\u05e4\u05e8\u05d3 \u05d5\u05d1\u05d4\u05d6\u05de\u05e0\u05d4 \u05de\u05e8\u05d0\u05e9.<\/p><p>\u05dc\u05d7\u05d5\u05d5\u05d9\u05d4 \u05e7\u05d5\u05dc\u05d9\u05e0\u05e8\u05d9\u05ea \u05d1\u05e1\u05d2\u05e0\u05d5\u05df \u05d0\u05d7\u05e8 \u05d5\u05d1\u05ea\u05d0\u05d5\u05dd \u05de\u05e8\u05d0\u05e9 \u05d0\u05e8\u05d5\u05d7\u05ea \u05e9\u05e3 \u05d1\u05d4\u05d6\u05de\u05e0\u05d4\u00a0\u05d0\u05d5 <a href=\"https:\/\/zimmernorth.co.il\/\u05d0\u05e8\u05d5\u05d7\u05d5\u05ea-\u05e9\u05e3-\u05d5\u05e1\u05d3\u05e0\u05d0\u05d5\u05ea-\u05d1\u05d9\u05e9\u05d5\u05dc\/\"><span style=\"color: #ff6600;\">\u05dc\u05d1\u05e9\u05dc \u05e2\u05dd \u05e9\u05e3<\/span><\/a><span style=\"color: #ff6600;\">.<\/span><\/p><p>\u05e0\u05d9\u05ea\u05df \u05dc\u05d4\u05d6\u05de\u05d9\u05df <a href=\"https:\/\/zimmernorth.co.il\/%d7%98%d7%99%d7%a4%d7%95%d7%9c%d7%99%d7%9d-%d7%91%d7%a8%d7%99%d7%90%d7%95%d7%aa-%d7%a4%d7%99%d7%a0%d7%95%d7%a7\/\"><span style=\"color: #ff6600;\">\u05d8\u05d9\u05e4\u05d5\u05dc\u05d9\u05dd \u05d5\u05e2\u05d9\u05e1\u05d5\u05d9\u05d9\u05dd \u05de\u05e4\u05e0\u05e7\u05d9\u05dd <\/span><\/a>\u05d1\u05ea\u05e9\u05dc\u05d5\u05dd \u05e0\u05e4\u05e8\u05d3, \u05e9\u05d9\u05d5\u05e2\u05e0\u05e7\u05d5 \u05e2\"\u05d9 \u05e6\u05d5\u05d5\u05ea \u05de\u05e2\u05e1\u05d9\u05dd \u05de\u05e7\u05e6\u05d5\u05e2\u05d9 \u05d1\u05de\u05ea\u05d7\u05dd.<\/p><p>\u05d1\u05e2\u05d5\u05e0\u05ea \u05d4\u05e8\u05d7\u05e6\u05d4 \u05ea\u05d9\u05e0\u05ea\u05df \u05db\u05e0\u05d9\u05e1\u05d4 \u05d7\u05d5\u05e4\u05e9\u05d9\u05ea <a href=\"https:\/\/www.zimmernorth.co.il\/%d7%91%d7%a8%d7%99%d7%9b%d7%aa-%d7%a9%d7%97%d7%99%d7%94-%d7%90%d7%9e%d7%99%d7%a8%d7%99%d7%9d\/\"><span style=\"color: #ff6600;\">\u05dc\u05d1\u05e8\u05d9\u05db\u05ea \u05d4\u05e9\u05d7\u05d9\u05d9\u05d4 \u05d1\u05d9\u05d9\u05e9\u05d5\u05d1.<\/span><\/a><\/p><p>\u05d1\u05d9\u05d9\u05e9\u05d5\u05d1 \u05d5\u05d1\u05e7\u05e8\u05d1\u05ea \u05d1\u05e1\u05d5\u05d5\u05d9\u05d8\u05d5\u05ea \u05ea\u05de\u05e6\u05d0\u05d5:\u00a0\u05de\u05e1\u05dc\u05d5\u05dc\u05d9 \u05d8\u05d9\u05d5\u05dc, \u05d2\u05dc\u05e8\u05d9\u05d5\u05ea, <a href=\"https:\/\/zimmernorth.co.il\/%d7%9e%d7%a1%d7%a2%d7%93%d7%95%d7%aa-%d7%91%d7%aa%d7%99-%d7%a7%d7%a4%d7%94-%d7%91%d7%90%d7%9e%d7%99%d7%a8%d7%99\/\"><span style=\"color: #ff6600;\">\u05de\u05e1\u05e2\u05d3\u05d5\u05ea \u05de\u05d9\u05d5\u05d7\u05d3\u05d5\u05ea \u05e6\u05de\u05d7\u05d5\u05e0\u05d9\u05d5\u05ea \u05d5\u05d1\u05ea\u05d9 \u05e7\u05e4\u05d4<\/span><\/a>, \u05ea\u05e6\u05e4\u05d9\u05d5\u05ea \u05e0\u05d5\u05e3, \u05d8\u05d9\u05d5\u05dc\u05d9 \u05d2'\u05d9\u05e4\u05d9\u05dd \u05d5\u05e2\u05d5\u05d3.<\/p><p>\u05de\u05d5\u05e9\u05d1 \u05d0\u05de\u05d9\u05e8\u05d9\u05dd \u05de\u05e7\u05d3\u05dd\u00a0\u05d3\u05ea\u05d9\u05d9\u05dd \u05d1\u05d1\u05e8\u05db\u05d4 \u05d5\u05d1\u05d9\u05e9\u05d5\u05d1 <a href=\"https:\/\/www.zimmernorth.co.il\/%d7%91%d7%99%d7%aa-%d7%9b%d7%a0%d7%a1%d7%aa-%d7%9e%d7%a7%d7%95%d7%95%d7%94-%d7%91%d7%90%d7%9e%d7%99%d7%a8%d7%99%d7%9d-%d7%91%d7%a6%d7%a4%d7%95\/\">\u05d1\u05d9\u05ea \u05db\u05e0\u05e1\u05ea \u05d5\u05de\u05e7\u05d5\u05d5\u05d4<\/a>.<\/p><p><span style=\"line-height: 20.7999992370605px;\">\u05d1\u05d0\u05de\u05d9\u05e8\u05d9\u05dd \u05d5\u05d1\u05e1\u05d1\u05d9\u05d1\u05d4 \u05ea\u05d5\u05db\u05dc\u05d5 \u05dc\u05de\u05e6\u05d5\u05d0 \u05e9\u05dc\u05dc \u05d0\u05d8\u05e8\u05e7\u05e6\u05d9\u05d5\u05ea \u05dc\u05d7\u05e6\u05d5\u00a0<\/span><a style=\"line-height: 20.7999992370605px;\" href=\"https:\/\/www.zimmernorth.co.il\/%D7%90%D7%98%D7%A8%D7%A7%D7%A8%D7%A6%D7%99%D7%95%D7%AA-%D7%91%D7%90%D7%9E%D7%99%D7%A8%D7%99%D7%9D-%D7%91%D7%A6%D7%A4%D7%95%D7%9F\/\">\u05db\u05d0\u05df \u05dc\u05d4\u05e8\u05d7\u05d1\u05d4 >><\/a><\/p><h3>\u05d4\u05d1\u05e7\u05ea\u05d4 \u05dc\u05d0\u05d5\u05d4\u05d1\u05d9\u05dd \u05de\u05d7\u05db\u05d4 \u05dc\u05db\u05dd \u05d1\u05d7\u05d5\u05e4\u05e9\u05d4 \u05d4\u05de\u05e4\u05e0\u05e7\u05ea \u05d4\u05d1\u05d0\u05d4 \u05e9\u05dc\u05db\u05dd..<\/h3><table style=\"width: 350px; height: 300px;\" border=\"0\" cellpadding=\"1\" align=\"right\"><tbody><tr><td><strong><span style=\"color: #af3b08;\"><iframe src=\"\/\/www.youtube-nocookie.com\/embed\/NfcB8LH5XFY?rel=0\" width=\"450\" height=\"330\" frameborder=\"0\" scrolling=\"no\" allowfullscreen=\"allowfullscreen\"><\/iframe><\/span><\/strong><\/td><\/tr><\/tbody><\/table><p>\u00a0<\/p><p><strong><span style=\"color: #af3b08;\">\u05de\u05d7\u05db\u05d9\u05dd \u05dc\u05db\u05dd:<\/span><\/strong><\/p><p><span style=\"font-size: 18px;\"><span style=\"color: #af3b08;\">\u05d3\u05d1\u05d9 \u05d5\u05e9\u05dc\u05d5\u05dd<\/span><\/span><br \/>\u05d0\u05d5\u05e8 \u05d1\u05e8\u05d0\u05e9\u05d9\u05ea \u05e6\u05d9\u05de\u05e8\u05d9\u05dd\u00a0\u05d1\u05e6\u05e4\u05d5\u05df \u05d1\u05d0\u05de\u05d9\u05e8\u05d9\u05dd<br \/><strong><span style=\"font-size: 16px;\"><span style=\"color: #af3b08;\">\u05d7\u05d5\u05d5\u05d9\u05d4 \u05de\u05d5\u05e9\u05dc\u05de\u05ea \u05dc\u05d6\u05d5\u05d2\u05d5\u05ea \u05d0\u05d5\u05d4\u05d1\u05d9\u05dd..<\/span><\/span><\/strong><br \/>054-5747691<\/p>","_et_gb_content_width":"","_joinchat":[],"footnotes":"","_links_to":"","_links_to_target":""},"class_list":["post-11315","page","type-page","status-publish","hentry"],"acf":[],"aioseo_notices":[],"_links":{"self":[{"href":"https:\/\/zimmernorth.co.il\/fr\/wp-json\/wp\/v2\/pages\/11315","targetHints":{"allow":["GET"]}}],"collection":[{"href":"https:\/\/zimmernorth.co.il\/fr\/wp-json\/wp\/v2\/pages"}],"about":[{"href":"https:\/\/zimmernorth.co.il\/fr\/wp-json\/wp\/v2\/types\/page"}],"author":[{"embeddable":true,"href":"https:\/\/zimmernorth.co.il\/fr\/wp-json\/wp\/v2\/users\/3"}],"replies":[{"embeddable":true,"href":"https:\/\/zimmernorth.co.il\/fr\/wp-json\/wp\/v2\/comments?post=11315"}],"version-history":[{"count":9,"href":"https:\/\/zimmernorth.co.il\/fr\/wp-json\/wp\/v2\/pages\/11315\/revisions"}],"predecessor-version":[{"id":17673,"href":"https:\/\/zimmernorth.co.il\/fr\/wp-json\/wp\/v2\/pages\/11315\/revisions\/17673"}],"wp:attachment":[{"href":"https:\/\/zimmernorth.co.il\/fr\/wp-json\/wp\/v2\/media?parent=11315"}],"curies":[{"name":"wp","href":"https:\/\/api.w.org\/{rel}","templated":true}]}}