{"id":11291,"date":"2016-08-15T12:04:38","date_gmt":"2016-08-15T09:04:38","guid":{"rendered":"https:\/\/www.zimmernorth.co.il\/fr\/?page_id=11291"},"modified":"2024-10-07T15:36:06","modified_gmt":"2024-10-07T12:36:06","slug":"le-chalet-romantique","status":"publish","type":"page","link":"https:\/\/zimmernorth.co.il\/fr\/le-chalet-romantique\/","title":{"rendered":"Le Chalet romantique"},"content":{"rendered":"<p>[et_pb_section fb_built=\u00a0\u00bb1&Prime; _builder_version=\u00a0\u00bb4.16&Prime; global_colors_info=\u00a0\u00bb{}\u00a0\u00bb][et_pb_row _builder_version=\u00a0\u00bb4.16&Prime; background_size=\u00a0\u00bbinitial\u00a0\u00bb background_position=\u00a0\u00bbtop_left\u00a0\u00bb background_repeat=\u00a0\u00bbrepeat\u00a0\u00bb global_colors_info=\u00a0\u00bb{}\u00a0\u00bb][et_pb_column type=\u00a0\u00bb4_4&Prime; _builder_version=\u00a0\u00bb4.16&Prime; custom_padding=\u00a0\u00bb|||\u00a0\u00bb global_colors_info=\u00a0\u00bb{}\u00a0\u00bb custom_padding__hover=\u00a0\u00bb|||\u00a0\u00bb][et_pb_text _builder_version=\u00a0\u00bb4.16&Prime; custom_margin_tablet=\u00a0\u00bb\u00a0\u00bb custom_margin_phone=\u00a0\u00bb10px|||\u00a0\u00bb custom_margin_last_edited=\u00a0\u00bbon|phone\u00a0\u00bb global_colors_info=\u00a0\u00bb{}\u00a0\u00bb]<\/p>\n<h1 dir=\"ltr\" style=\"text-align: center;\"><strong>Le Chalet romantique<\/strong><\/h1>\n<p>&nbsp;<\/p>\n<p>[\/et_pb_text][et_pb_text disabled_on=\u00a0\u00bb||on\u00a0\u00bb admin_label=\u00a0\u00bb\u05d8\u05e7\u05e1\u05d8 \u05dc\u05e0\u05d9\u05d9\u05d3\u00a0\u00bb _builder_version=\u00a0\u00bb4.16&Prime; custom_margin_tablet=\u00a0\u00bb\u00a0\u00bb custom_margin_phone=\u00a0\u00bb-50px|||\u00a0\u00bb custom_margin_last_edited=\u00a0\u00bbon|phone\u00a0\u00bb global_colors_info=\u00a0\u00bb{}\u00a0\u00bb]<\/p>\n<p dir=\"ltr\" style=\"text-align: left;\"><span style=\"line-height: 1.7em;\">Nich\u00e9 au c\u0153ur d\u2019un petit coin de for\u00eat, berc\u00e9 par le chant des oiseaux et des cigales, ce chalet est une v\u00e9ritable invitation au bonheur. L\u2019intimit\u00e9 parfaite qu\u2019il vous offre, aussi bien dans son int\u00e9rieur ravissant, d\u00e9cor\u00e9 avec un soin amoureux, que dehors dans un environnement verdoyant, vous assure un s\u00e9jour romantique \u00e0 souhait. En hiver, aupr\u00e8s de la chemin\u00e9e ou en \u00e9t\u00e9 dans la piscine de sa belle terrasse en teck, vous adorerez s\u00e9journer dans cet ilot chaleureux de bien-\u00eatre et de d\u00e9tente\u00a0!<\/span><\/p>\n<p>[\/et_pb_text][\/et_pb_column][\/et_pb_row][et_pb_row column_structure=\u00a0\u00bb3_5,2_5&Prime; _builder_version=\u00a0\u00bb4.16&Prime; custom_margin=\u00a0\u00bb-90px|||\u00a0\u00bb custom_margin_tablet=\u00a0\u00bb\u00a0\u00bb custom_margin_phone=\u00a0\u00bb\u00a0\u00bb custom_margin_last_edited=\u00a0\u00bbon|desktop\u00a0\u00bb global_colors_info=\u00a0\u00bb{}\u00a0\u00bb][et_pb_column type=\u00a0\u00bb3_5&Prime; admin_label=\u00a0\u00bbColonne\u00a0\u00bb _builder_version=\u00a0\u00bb4.16&Prime; custom_padding=\u00a0\u00bb|||\u00a0\u00bb global_colors_info=\u00a0\u00bb{}\u00a0\u00bb custom_padding__hover=\u00a0\u00bb|||\u00a0\u00bb][et_pb_gallery gallery_ids=\u00a0\u00bb15881,16743,16745,16230,15884,15899,15902,15905,15917,15908,15911,15914,15920,15921,15924,15927,15933,15938,15941,15944,15947,15950,16744,16736&Prime; fullwidth=\u00a0\u00bbon\u00a0\u00bb _builder_version=\u00a0\u00bb4.23.4&Prime; auto=\u00a0\u00bbon\u00a0\u00bb auto_speed=\u00a0\u00bb3000&Prime; hover_enabled=\u00a0\u00bb0&Prime; global_colors_info=\u00a0\u00bb{}\u00a0\u00bb custom_margin=\u00a0\u00bb20px||||false|false\u00a0\u00bb sticky_enabled=\u00a0\u00bb0&Prime;][\/et_pb_gallery][et_pb_text admin_label=\u00a0\u00bbTexte\u00a0\u00bb _builder_version=\u00a0\u00bb4.23.4&Prime; custom_margin_tablet=\u00a0\u00bb\u00a0\u00bb custom_margin_phone=\u00a0\u00bb20px||||false|false\u00a0\u00bb custom_margin_last_edited=\u00a0\u00bbon|phone\u00a0\u00bb hover_enabled=\u00a0\u00bb0&Prime; global_colors_info=\u00a0\u00bb{}\u00a0\u00bb sticky_enabled=\u00a0\u00bb0&Prime;]<\/p>\n<h2 dir=\"ltr\" style=\"text-align: left;\"><strong>Dans le Chalet romantique<\/strong> <strong>vous trouverez\u00a0: <\/strong><\/h2>\n<ul dir=\"ltr\" style=\"text-align: left;\">\n<li>Une terrasse en teck avec vue magique sur la Galil\u00e9e<\/li>\n<li>Une piscine priv\u00e9e de 4 m\u00e8tres de diam\u00e8tre chauff\u00e9e en hiver<\/li>\n<li>Un jacuzzi \u00e9clair\u00e9 aux bougies<\/li>\n<li>Une chemin\u00e9e pour se lover au coin du feu en hiver<\/li>\n<li>Un grand lit double avec draperie de qualit\u00e9<\/li>\n<li>Une salle de bain \u00e9quip\u00e9e avec douche \u00e0 effet pluie de for\u00eat<\/li>\n<li>Peignoirs et draps de bains \u00e9pais pour chaque convive<\/li>\n<li>Coin salon confortable, jeux de soci\u00e9t\u00e9, magazines<\/li>\n<li>Cuisine \u00e9quip\u00e9e avec four \u00e0 micro-ondes et r\u00e9frig\u00e9rateur bien garni<\/li>\n<li>Biscuits, crackers, lait, beurre, confiture, yaourts<\/li>\n<li>T\u00e9l\u00e9vision grand \u00e9cran, dvd, c\u00e2bles, vid\u00e9oth\u00e8que<\/li>\n<li>Machine \u00e0 expresso et capsules<\/li>\n<li>Vin et chocolats fins, fruits de saison<\/li>\n<\/ul>\n<h2 dir=\"ltr\" style=\"text-align: left;\"><strong>Vous pouvez commander dans votre chalet, en suppl\u00e9ment\u00a0:<\/strong><\/h2>\n<ul dir=\"ltr\" style=\"text-align: left;\">\n<li>Un d\u00e9licieux petit d\u00e9jeuner<\/li>\n<li>Des repas exquis<\/li>\n<li>Des massages et des soins esth\u00e9tiques professionnels<strong>\u00a0<\/strong><\/li>\n<\/ul>\n<h2 dir=\"ltr\" style=\"text-align: left;\"><strong>Par ailleurs, vous trouverez \u00e0 proximit\u00e9 de votre chalet, dans le village et les environs\u00a0:<\/strong><\/h2>\n<ul dir=\"ltr\">\n<li style=\"text-align: left;\">L\u2019atelier-galerie de vitraux de Debbie, o\u00f9 vous trouverez des cr\u00e9ations originales pour vos cadeaux ou participer \u00e0 un atelier d\u2019initiation de 2-3 heures (\u00e0 r\u00e9server \u00e0 l\u2019avance).<\/li>\n<li style=\"text-align: left;\">L\u2019acc\u00e8s gratuit en saison \u00e0 la superbe piscine du village<\/li>\n<li style=\"text-align: left;\">Le jardin des sculptures exposant des pi\u00e8ces de collection du Mus\u00e9e d\u2019Isra\u00ebl<\/li>\n<li style=\"text-align: left;\">Galeries d\u2019art, restaurants (v\u00e9g\u00e9ta*ien), spa et m\u00e9decines alternatives<\/li>\n<li style=\"text-align: left;\">De tr\u00e8s belles balades, belv\u00e9d\u00e8res, circuits et r\u00e9serves naturelles<\/li>\n<li style=\"text-align: left;\">Des excursions en v\u00e9hicule tout terrain, des ateliers cuisine, sant\u00e9 et bien-\u00eatre<\/li>\n<li style=\"text-align: left;\">Synagogues, mikv\u00e9, cours de Torah et restauration casher<\/li>\n<\/ul>\n<p>[\/et_pb_text][et_pb_text admin_label=\u00a0\u00bb\u05ea\u05de\u05d5\u05e0\u05d4\u00a0\u00bb _builder_version=\u00a0\u00bb4.16&Prime; global_colors_info=\u00a0\u00bb{}\u00a0\u00bb]<\/p>\n<p><a href=\"https:\/\/zimmernorth.co.il\/wp-content\/uploads\/2021\/12\/2222.jpg\"><img fetchpriority=\"high\" fetchpriority=\"high\" decoding=\"async\" class=\"alignnone wp-image-16254 size-full\" src=\"https:\/\/zimmernorth.co.il\/wp-content\/uploads\/2021\/12\/2222.jpg\" alt=\"\" width=\"1016\" height=\"640\" srcset=\"https:\/\/zimmernorth.co.il\/wp-content\/uploads\/2021\/12\/2222.jpg 1016w, https:\/\/zimmernorth.co.il\/wp-content\/uploads\/2021\/12\/2222-300x189.jpg 300w, https:\/\/zimmernorth.co.il\/wp-content\/uploads\/2021\/12\/2222-768x484.jpg 768w\" sizes=\"(max-width: 1016px) 100vw, 1016px\" \/><\/a><\/p>\n<p>[\/et_pb_text][\/et_pb_column][et_pb_column type=\u00a0\u00bb2_5&Prime; admin_label=\u00a0\u00bbColonne\u00a0\u00bb _builder_version=\u00a0\u00bb4.16&Prime; custom_padding=\u00a0\u00bb|||\u00a0\u00bb global_colors_info=\u00a0\u00bb{}\u00a0\u00bb custom_padding__hover=\u00a0\u00bb|||\u00a0\u00bb][et_pb_text disabled_on=\u00a0\u00bbon|on|\u00a0\u00bb admin_label=\u00a0\u00bb\u05d8\u05e7\u05e1\u05d8 \u05dc\u05de\u05d7\u05e9\u05d1\u00a0\u00bb _builder_version=\u00a0\u00bb4.16&Prime; global_colors_info=\u00a0\u00bb{}\u00a0\u00bb]<\/p>\n<p dir=\"ltr\" style=\"text-align: left;\"><span style=\"line-height: 1.7em;\">Nich\u00e9 au c\u0153ur d\u2019un petit coin de for\u00eat, berc\u00e9 par le chant des oiseaux et des cigales, ce chalet est une v\u00e9ritable invitation au bonheur. L\u2019intimit\u00e9 parfaite qu\u2019il vous offre, aussi bien dans son int\u00e9rieur ravissant, d\u00e9cor\u00e9 avec un soin amoureux, que dehors dans un environnement verdoyant, vous assure un s\u00e9jour romantique \u00e0 souhait. En hiver, aupr\u00e8s de la chemin\u00e9e ou en \u00e9t\u00e9 dans la piscine de sa belle terrasse en teck, vous adorerez s\u00e9journer dans cet ilot chaleureux de bien-\u00eatre et de d\u00e9tente\u00a0!<\/span><\/p>\n<p>[\/et_pb_text][\/et_pb_column][\/et_pb_row][\/et_pb_section]<\/p>\n","protected":false},"excerpt":{"rendered":"<p>Le Chalet romantique &nbsp; Nich\u00e9 au c\u0153ur d\u2019un petit coin de for\u00eat, berc\u00e9 par le chant des oiseaux et des cigales, ce chalet est une v\u00e9ritable invitation au bonheur. L\u2019intimit\u00e9 parfaite qu\u2019il vous offre, aussi bien dans son int\u00e9rieur ravissant, d\u00e9cor\u00e9 avec un soin amoureux, que dehors dans un environnement verdoyant, vous assure un s\u00e9jour [&hellip;]<\/p>\n","protected":false},"author":3,"featured_media":0,"parent":0,"menu_order":0,"comment_status":"closed","ping_status":"closed","template":"","meta":{"_acf_changed":false,"_et_pb_use_builder":"on","_et_pb_old_content":"<h1>\u05d4\u05d1\u05e7\u05ea\u05d4 \u05d4\u05e8\u05d5\u05de\u05e0\u05d8\u05d9\u05ea - \u05e6\u05d9\u05de\u05e8 \u05d1\u05e6\u05e4\u05d5\u05df \u05d1\u05d0\u05de\u05d9\u05e8\u05d9\u05dd<\/h1>\r\n<h2>\u05d1\u05e7\u05ea\u05ea \u05e2\u05e5 \u05de\u05d1\u05d5\u05d3\u05d3\u05ea \u05d1\u05d7\u05d5\u05e8\u05e9 \u05d8\u05d1\u05e2\u05d9 \u05e2\u05dd \u05d1\u05e8\u05d9\u05db\u05d4 \u05e4\u05e8\u05d8\u05d9\u05ea \u05de\u05d7\u05d5\u05de\u05de\u05ea \u05db\u05dc \u05d4\u05e9\u05e0\u05d4, \u05e6\u05d5\u05e4\u05d4 \u05dc\u05e0\u05d5\u05e3 \u05d9\u05e8\u05d5\u05e7<\/h2>\r\n\u00a0\r\n\r\n\u05d0<a href=\"https:\/\/zimmernorth.co.il\/\u05de\u05d7\u05d9\u05e8\u05d9\u05dd\/\"><img class=\"alignright size-full wp-image-1538\" style=\"width: 166px; float: left; height: 70px; margin-left: 10px; margin-right: 10px; border: 0px solid;\" title=\"\u05dc\u05d7\u05e5 \u05dc\u05de\u05d7\u05d9\u05e8\u05d5\u05df \u05d5\u05d4\u05d6\u05de\u05e0\u05d4 - \u05d0\u05d5\u05e8 \u05d1\u05e8\u05d0\u05e9\u05d9\u05ea \u05e6\u05d9\u05de\u05e8\u05d9\u05dd \u05d1\u05d0\u05de\u05d9\u05e8\u05d9\u05dd\" src=\"https:\/\/zimmernorth.co.il\/wp-content\/uploads\/2012\/03\/Rates-and-Booking.png\" alt=\"\" \/><\/a>\u05dd \u05d7\u05dc\u05de\u05ea\u05dd \u05e2\u05dc \u05d7\u05d5\u05e4\u05e9\u05d4 \u05d2\u05dc\u05d9\u05dc\u05d9\u05ea \u05d9\u05e8\u05d5\u05e7\u05d4 \u05d5\u05de\u05d5\u05e9\u05dc\u05de\u05ea, \u05de\u05d5\u05dc \u05e0\u05d5\u05e3 \u05d4\u05db\u05e0\u05e8\u05ea \u05d4\u05db\u05d7\u05d5\u05dc\u05d4 \u05d5\u05d4\u05e8\u05d9 \u05d4\u05d2\u05dc\u05d9\u05dc \u05d4\u05d9\u05e8\u05d5\u05e7\u05d9\u05dd, \u05d4\u05e8\u05d9 \u05e9\u05de\u05ea\u05d7\u05dd \u05d4\u05e1\u05d5\u05d5\u05d9\u05d8\u05d5\u05ea \u05e6\u05d9\u05de\u05e8\u05d9\u05dd \u05d0\u05d5\u05e8 \u05d1\u05e8\u05d0\u05e9\u05d9\u05ea\u00a0\u05d1\u05e6\u05e4\u05d5\u05df \u05d4\u05d9\u05e0\u05d5 \u05d4\u05de\u05e7\u05d5\u05dd \u05d4\u05de\u05d5\u05e9\u05dc\u05dd \u05e2\u05d1\u05d5\u05e8\u05db\u05dd.\r\n\u05d4\u05e6\u05d9\u05de\u05e8\u00a0\u05d1\u05e7\u05ea\u05ea \u05e2\u05e5 \u05e8\u05d5\u05de\u05e0\u05d8\u05d9\u05ea,\u00a0\u05de\u05d1\u05d5\u05d3\u05d3 \u05d5\u05de\u05d5\u05e7\u05e3 \u05e0\u05d5\u05e4\u05d9\u05dd \u05d9\u05e8\u05d5\u05e7\u05d9\u05dd \u05de\u05e8\u05d4\u05d9\u05d1\u05d9\u05dd, \u05d4\u05de\u05d1\u05d8\u05d9\u05d7\u05d9\u05dd \u05dc\u05db\u05dd \u05d7\u05d5\u05e4\u05e9\u05d4 \u05de\u05d5\u05e9\u05dc\u05de\u05ea.\r\n\r\n\u05d4\u05e1\u05d5\u05d5\u05d9\u05d8\u05d4 \u05de\u05e2\u05d5\u05e6\u05d1\u05ea \u05d1\u05e7\u05e4\u05d9\u05d3\u05d4 \u05e2\u05dd \u05e0\u05d2\u05d9\u05e2\u05d5\u05ea \u05d0\u05d4\u05d1\u05d4 \u05d5\u05e8\u05d5\u05de\u05e0\u05d8\u05d9\u05e7\u05d4 \u05d1\u05db\u05dc \u05e4\u05d9\u05e0\u05d4 \u05e4\u05e8\u05d7\u05d9\u05dd \u05e8\u05d9\u05d7\u05e0\u05d9\u05d9\u05dd, \u05e0\u05e8\u05d5\u05ea \u05e8\u05d5\u05de\u05e0\u05d8\u05d9\u05d9\u05dd \u05dc\u05d4\u05e2\u05e9\u05e8\u05ea \u05d4\u05d0\u05d5\u05d5\u05d9\u05e8\u05d4, \u05e1\u05dc\u05e1\u05dc\u05ea \u05e4\u05d9\u05e8\u05d5\u05ea, \u05e7\u05e4\u05d4 \u05d0\u05e1\u05e4\u05e8\u05e1\u05d5 \u05d5\u05de\u05d1\u05d7\u05e8 \u05e4\u05d9\u05e0\u05d5\u05e7\u05d9\u05dd \u05de\u05ea\u05d5\u05e7\u05d9\u05dd.\r\n<h3>\u05d2\u05dc\u05e8\u05d9\u05d9\u05ea \u05ea\u05de\u05d5\u05e0\u05d5\u05ea \u05d4\u05d1\u05e7\u05ea\u05d4 \u05d4\u05e8\u05d5\u05de\u05e0\u05d8\u05d9\u05ea:<\/h3>\r\n<span style=\"line-height: 20.7999992370605px;\">[g-slider gid=\"5966\" width=\"100%\" height=\"60%\"]<\/span>\r\n<h3>\u05d1\u05d1\u05e7\u05ea\u05d4 \u05d4\u05e8\u05d5\u05de\u05e0\u05d8\u05d9\u05ea \/ \u05d1\u05e1\u05d5\u05d5\u05d9\u05d8\u05d4 \u05ea\u05de\u05e6\u05d0\u05d5:<\/h3>\r\n<table style=\"width: 250px;\" summary=\"\u05dc\u05d7\u05e5\u05dc\u05d4\u05d2\u05d3\u05dc\u05d4\" align=\"left\">\r\n<tbody>\r\n<tr>\r\n<td style=\"text-align: right;\"><a href=\"https:\/\/zimmernorth.co.il\/wp-content\/uploads\/2012\/02\/Zimmer-North-Romantic-Cabin-200.png\"><img style=\"width: 250px; height: 119px;\" src=\"https:\/\/zimmernorth.co.il\/wp-content\/uploads\/2012\/02\/Zimmer-North-Romantic-Cabin-200.png\" alt=\"\" \/><\/a><\/td>\r\n<\/tr>\r\n<tr>\r\n<td style=\"text-align: center;\">\u05dc\u05d7\u05e5 \u05dc\u05d4\u05d2\u05d3\u05dc\u05d4<\/td>\r\n<\/tr>\r\n<\/tbody>\r\n<\/table>\r\n\u2666\u00a0 \u05de\u05e8\u05e4\u05e1\u05ea \u05de\u05e8\u05d5\u05e6\u05e4\u05ea \u05d3\u05e7, \u05e2\u05dd \u05e4\u05d9\u05e0\u05ea \u05d9\u05e9\u05d9\u05d1\u05d4 \u05e0\u05d5\u05d7\u05d4, \u05e0\u05d5\u05e3\u00a0\u05d9\u05e8\u05d5\u05e7 \u05d5\u05e2\u05d5\u05e6\u05e8 \u05e0\u05e9\u05d9\u05de\u05d4\r\n\u05e9\u05dc \u05d4\u05d2\u05dc\u05d9\u05dc \u05d4\u05d9\u05e8\u05d5\u05e7\r\n\u2666\u00a0 \u05d1\u05e8\u05d9\u05db\u05d4 \u05e4\u05e8\u05d8\u05d9\u05ea \u05d1\u05e7\u05d5\u05d8\u05e8 3 \u05de\u05d8\u05e8 \u05dc\u05e9\u05db\u05e9\u05d5\u05da \u05de\u05d7\u05d5\u05de\u05de\u05ea \u05db\u05dc \u05d4\u05e9\u05e0\u05d4\r\n<span style=\"line-height: 20.7999992370605px;\">(\u05d4\u05d1\u05e8\u05d9\u05db\u05d4 \u05dc\u05d0 \u05de\u05e7\u05d5\u05e8\u05d4 \u05d5\u05d1\u05d9\u05de\u05d9\u05dd \u05e7\u05e8\u05d9\u05dd \u05de\u05d0\u05d5\u05d3 \u05dc\u05d0 \u05e0\u05d9\u05ea\u05df \u05dc\u05d4\u05db\u05e0\u05e1 \u05dc\u05d1\u05e8\u05d9\u05db\u05d4)<\/span>\r\n\u2666\u00a0 \u05d2'\u05e7\u05d5\u05d6\u05d9 \u05d6\u05d5\u05d2\u05d9 \u05de\u05e8\u05d5\u05d5\u05d7 \u05de\u05d5\u05e7\u05e3 \u05e0\u05e8\u05d5\u05ea\r\n\u2666\u00a0 \u05d0\u05d7 \/ \u05e7\u05de\u05d9\u05df \u05e2\u05e6\u05d9\u05dd \u05dc\u05d7\u05d5\u05e8\u05e3\u00a0\u05e8\u05d5\u05de\u05e0\u05d8\u05d9 \u05d5\u05de\u05d6\u05d2\u05df\r\n\u2666\u00a0 \u05d7\u05d3\u05e8 \u05e8\u05d7\u05e6\u05d4 \u05de\u05e8\u05d5\u05d5\u05d7\u00a0\u05de\u05e2\u05d5\u05e6\u05d1 \u05d1\u05e1\u05d2\u05e0\u05d5\u05df\u00a0\u05de\u05d9\u05d5\u05d7\u05d3 \u05d1\u05de\u05d9\u05e0\u05d5 \u05e2\u05dd \u05e8\u05d0\u05e9 \u05d2\u05e9\u05dd \u05de\u05e4\u05e0\u05e7\r\n\u2666\u00a0 \u05de\u05d2\u05d1\u05d5\u05ea \u05d5\u05d7\u05dc\u05d5\u05e7\u05d9 \u05e8\u05d7\u05e6\u05d4 \u05de\u05e4\u05e0\u05e7\u05d9\u05dd\r\n\u2666\u00a0 \u05de\u05d9\u05d8\u05d4 \u05d6\u05d5\u05d2\u05d9\u05ea \u05d2\u05d3\u05d5\u05dc\u05d4 \u05d5\u05de\u05e2\u05d5\u05e6\u05d1\u05ea, \u05e8\u05db\u05d4 \u05d5\u05de\u05d6\u05de\u05d9\u05e0\u05d4\r\n\u2666 \u00a0\u05d9\u05d5\u05d2\u05d5\u05e8\u05d8\u05d9\u05dd, \u05d7\u05dc\u05d1, \u05d1\u05e7\u05d1\u05d5\u05e7 \u05d9\u05d9\u05df, \u05e9\u05d5\u05e7\u05d5\u05dc\u05d3\u05d9\u05dd \u05d5\u05e1\u05dc\u05e1\u05dc\u05ea \u05e4\u05d9\u05e8\u05d5\u05ea \u05d4\u05e2\u05d5\u05e0\u05d4 (\u05d7\u05d1\u05d9\u05dc\u05ea VIP)\r\n\u2666\u00a0 \u05de\u05d8\u05d1\u05d7\u05d5\u05df \u05de\u05d0\u05d5\u05d1\u05d6\u05e8\u00a0\u05d1\u05de\u05e7\u05e8\u05e8, \u05de\u05d9\u05e7\u05e8\u05d5\u05d2\u05dc, \u05e4\u05d9\u05e0\u05ea \u05e7\u05e4\u05d4\r\n\u2666\u00a0 \u05e4\u05d9\u05e0\u05ea \u05d0\u05d5\u05db\u05dc\r\n\u2666\u00a0 \u05de\u05db\u05d5\u05e0\u05ea \u05d0\u05e1\u05e4\u05e8\u05e1\u05d5 \u05dc\u05e7\u05e4\u05d4 \u05d0\u05e8\u05d5\u05de\u05d8\u05d9\r\n\u2666\u00a0 \u05e4\u05d9\u05e0\u05ea \u05d9\u05e9\u05d9\u05d1\u05d4 \u05e0\u05d5\u05d7\u05d4 \u05d1\u05e2\u05d9\u05e6\u05d5\u05d1 \u05de\u05e7\u05d5\u05e8\u05d9 \u05d0\u05d5\u05ea\u05e0\u05d8\u05d9\r\n\u2666\u00a0 \u05d8\u05dc\u05d5\u05d5\u05d9\u05d6\u05d9\u05d4 \u05d1\u05db\u05d1\u05dc\u05d9\u05dd <a href=\"https:\/\/zimmernorth.co.il\/%d7%a2%d7%a8%d7%95%d7%a6%d7%99-%d7%98%d7%9c%d7%95%d7%99%d7%96%d7%99%d7%94-%d7%91%d7%91%d7%a7%d7%aa%d7%94\/\"><span style=\"color: #ff6600;\">\u05e2\u05e8\u05d5\u05e6\u05d9\u05d9\u00a0YES\u00a0<\/span><\/a>\u05d5\u05de\u05e2\u05e8\u05db\u05ea\u00a0DVD\r\n\u2666 \u00a0\u05de\u05e9\u05d7\u05e7\u05d9 \u05d7\u05e9\u05d9\u05d1\u05d4 <a href=\"http:\/\/www.booking.com\/hotel\/il\/genesis-light.he.html?aid=330843;sid=f43ba0449ad20ad2c359ac28f7d1eaaf;dist=0&group_adults=2&sb_price_type=total&type=total&\" target=\"_blank\" rel=\"noopener\">\u05d5\u05d7\u05d5\u05d1\u05e8\u05d5\u05ea \u05e7\u05e8\u05d9\u05d0\u05d4 \u05e2\u05d3\u05db\u05e0\u05d9\u05d5\u05ea<\/a>\r\n<p dir=\"rtl\">\u00a0\u00a0 \u2666 \u00a0\u05dc\u05d4\u05e8\u05d7\u05d1\u05d4 \u05e2\u05dc \u05d4\u05e1\u05d8\u05e0\u05d3\u05e8\u05d8 \u05e9\u05dc\u05e0\u05d5 <a href=\"https:\/\/www.zimmernorth.co.il\/%d7%9e%d7%94-%d7%9b%d7%9c%d7%95%d7%9c-%d7%91%d7%9e%d7%97%d7%99%d7%a8-%d7%a6%d7%99%d7%9e%d7%a8-%d7%91%d7%a6%d7%a4%d7%95%d7%9f\/\"><span style=\"color: #ff6600;\">\u05dc\u05d7\u05e5 \u05db\u05d0\u05df >><\/span><\/a><\/p>\r\n<a href=\"https:\/\/zimmernorth.co.il\/breakfast\/\"><span style=\"color: #ff6600;\">\u05d0\u05e8\u05d5\u05d7\u05ea \u05d1\u05d5\u05e7\u05e8 \u05d2\u05dc\u05d9\u05dc\u05d9\u05ea <\/span><\/a><span style=\"color: #000000;\">\u05e2\u05e9\u05d9\u05e8\u05d4 \u05d5\u05d0\u05e8\u05d5\u05d7\u05ea \u05e2\u05e8\u05d1 \u05ea\u05d5\u05d2\u05e9 \u05dc\u05e1\u05d5\u05d5\u05d9\u05d8\u05d5\u05ea \u05d1\u05ea\u05e9\u05dc\u05d5\u05dd \u05e0\u05e4\u05e8\u05d3 \u05d5\u05d1\u05d4\u05d6\u05de\u05e0\u05d4 \u05de\u05e8\u05d0\u05e9.<\/span>\r\n\r\n<span style=\"color: #000000;\">\u05dc\u05d7\u05d5\u05d5\u05d9\u05d4 \u05e7\u05d5\u05dc\u05d9\u05e0\u05e8\u05d9\u05ea \u05d1\u05e1\u05d2\u05e0\u05d5\u05df \u05d0\u05d7\u05e8 \u05d5\u05d1\u05ea\u05d0\u05d5\u05dd \u05de\u05e8\u05d0\u05e9 \u05d0\u05e8\u05d5\u05d7\u05ea \u05e9\u05e3 \u05d1\u05d4\u05d6\u05de\u05e0\u05d4\u00a0\u05d0\u05d5 <\/span><a href=\"https:\/\/zimmernorth.co.il\/\u05d0\u05e8\u05d5\u05d7\u05d5\u05ea-\u05e9\u05e3-\u05d5\u05e1\u05d3\u05e0\u05d0\u05d5\u05ea-\u05d1\u05d9\u05e9\u05d5\u05dc\/\"><span style=\"color: #ff6600;\">\u05dc\u05d1\u05e9\u05dc \u05e2\u05dd \u05e9\u05e3<\/span><\/a><span style=\"color: #0000ff;\">.<\/span>\r\n\r\n<span style=\"color: #000000;\">\u05e0\u05d9\u05ea\u05df \u05dc\u05d4\u05d6\u05de\u05d9\u05df <\/span><a href=\"https:\/\/zimmernorth.co.il\/%d7%98%d7%99%d7%a4%d7%95%d7%9c%d7%99%d7%9d-%d7%91%d7%a8%d7%99%d7%90%d7%95%d7%aa-%d7%a4%d7%99%d7%a0%d7%95%d7%a7\/\"><span style=\"color: #ff6600;\">\u05d8\u05d9\u05e4\u05d5\u05dc\u05d9\u05dd \u05d5\u05e2\u05d9\u05e1\u05d5\u05d9\u05d9\u05dd \u05de\u05e4\u05e0\u05e7\u05d9\u05dd <\/span><\/a>\u05d1\u05ea\u05e9\u05dc\u05d5\u05dd \u05e0\u05e4\u05e8\u05d3, \u05e9\u05d9\u05d5\u05e2\u05e0\u05e7\u05d5 \u05e2\"\u05d9 \u05e6\u05d5\u05d5\u05ea \u05de\u05e2\u05e1\u05d9\u05dd \u05de\u05e7\u05e6\u05d5\u05e2\u05d9 \u05d1\u05de\u05ea\u05d7\u05dd.\r\n\r\n\u05d1\u05de\u05ea\u05d7\u05dd \u05d4\u05e6\u05d9\u05de\u05e8\u05d9\u05dd \u05e9\u05dc\u05e0\u05d5 \u05e0\u05de\u05e6\u05d0\u05ea \u05d4\u05d2\u05dc\u05e8\u05d9\u05d4 \u05e1\u05d8\u05d3\u05d9\u05d5 \u05e9\u05dc \u05d3\u05d1\u05d9 \u05d0\u05d5\u05de\u05e0\u05d5\u05ea \u05d1\u05d6\u05db\u05d5\u05db\u05d9\u05ea, \u05e0\u05d9\u05ea\u05df \u05dc\u05d4\u05d6\u05de\u05d9\u05df \u05de\u05e8\u05d0\u05e9 <a href=\"https:\/\/www.zimmernorth.co.il\/%d7%a1%d7%93%d7%a0%d7%90%d7%aa-%d7%99%d7%a6%d7%99%d7%a8%d7%aa-%d7%95%d7%99%d7%98%d7%a8%d7%90%d7%96-%d7%a6%d7%99%d7%9e%d7%a8-%d7%90%d7%95%d7%a8-%d7%91%d7%a8%d7%90%d7%a9%d7%99%d7%aa\/\">\u05e1\u05d3\u05e0\u05ea \u05d5\u05d9\u05d8\u05e8\u05d0\u05d6' <\/a>\u05dc\u05d7\u05d5\u05d5\u05d9\u05ea \u05d9\u05e6\u05d9\u05e8\u05d4 \u05de\u05d9\u05d5\u05d7\u05d3\u05ea.\r\n\r\n\u05d1\u05e2\u05d5\u05e0\u05ea \u05d4\u05e8\u05d7\u05e6\u05d4 \u05ea\u05d9\u05e0\u05ea\u05df \u05db\u05e0\u05d9\u05e1\u05d4 \u05d7\u05d5\u05e4\u05e9\u05d9\u05ea <a href=\"https:\/\/www.zimmernorth.co.il\/%d7%91%d7%a8%d7%99%d7%9b%d7%aa-%d7%a9%d7%97%d7%99%d7%94-%d7%90%d7%9e%d7%99%d7%a8%d7%99%d7%9d\/\"><span style=\"color: #ff6600;\">\u05dc\u05d1\u05e8\u05d9\u05db\u05ea \u05d4\u05e9\u05d7\u05d9\u05d9\u05d4 \u05d1\u05d9\u05d9\u05e9\u05d5\u05d1.<\/span><\/a>\r\n\r\n\u05d1\u05d9\u05d9\u05e9\u05d5\u05d1 \u05d5\u05d1\u05e7\u05e8\u05d1\u05ea \u05d1\u05e1\u05d5\u05d5\u05d9\u05d8\u05d5\u05ea \u05ea\u05de\u05e6\u05d0\u05d5: \u05de\u05e1\u05dc\u05d5\u05dc\u05d9 \u05d8\u05d9\u05d5\u05dc, \u05d2\u05dc\u05e8\u05d9\u05d5\u05ea, <a href=\"https:\/\/zimmernorth.co.il\/%d7%9e%d7%a1%d7%a2%d7%93%d7%95%d7%aa-%d7%91%d7%aa%d7%99-%d7%a7%d7%a4%d7%94-%d7%91%d7%90%d7%9e%d7%99%d7%a8%d7%99\/\"><span style=\"color: #ff6600;\">\u05de\u05e1\u05e2\u05d3\u05d5\u05ea \u05de\u05d9\u05d5\u05d7\u05d3\u05d5\u05ea \u05e6\u05de\u05d7\u05d5\u05e0\u05d9\u05d5\u05ea \u05d5\u05d1\u05ea\u05d9 \u05e7\u05e4\u05d4<\/span><\/a><span style=\"color: #ff6600;\">,<\/span> \u05ea\u05e6\u05e4\u05d9\u05d5\u05ea \u05e0\u05d5\u05e3, \u05d8\u05d9\u05d5\u05dc\u05d9 \u05d2'\u05d9\u05e4\u05d9\u05dd \u05d5\u05e2\u05d5\u05d3.\r\n\r\n\u05de\u05d5\u05e9\u05d1 \u05d0\u05de\u05d9\u05e8\u05d9\u05dd \u05de\u05e7\u05d3\u05dd\u00a0\u05d3\u05ea\u05d9\u05d9\u05dd \u05d1\u05d1\u05e8\u05db\u05d4 \u05d5\u05d1\u05d9\u05e9\u05d5\u05d1 <a href=\"https:\/\/www.zimmernorth.co.il\/%d7%91%d7%99%d7%aa-%d7%9b%d7%a0%d7%a1%d7%aa-%d7%9e%d7%a7%d7%95%d7%95%d7%94-%d7%91%d7%90%d7%9e%d7%99%d7%a8%d7%99%d7%9d-%d7%91%d7%a6%d7%a4%d7%95\/\">\u05d1\u05d9\u05ea \u05db\u05e0\u05e1\u05ea \u05d5\u05de\u05e7\u05d5\u05d5\u05d4<\/a>.\r\n\r\n\u05d1\u05d0\u05de\u05d9\u05e8\u05d9\u05dd \u05d5\u05d1\u05e1\u05d1\u05d9\u05d1\u05d4 \u05ea\u05d5\u05db\u05dc\u05d5 \u05dc\u05de\u05e6\u05d5\u05d0 \u05e9\u05dc\u05dc \u05d0\u05d8\u05e8\u05e7\u05e6\u05d9\u05d5\u05ea \u05dc\u05d7\u05e6\u05d5 <a href=\"https:\/\/www.zimmernorth.co.il\/%D7%90%D7%98%D7%A8%D7%A7%D7%A8%D7%A6%D7%99%D7%95%D7%AA-%D7%91%D7%90%D7%9E%D7%99%D7%A8%D7%99%D7%9D-%D7%91%D7%A6%D7%A4%D7%95%D7%9F\/\">\u05db\u05d0\u05df \u05dc\u05d4\u05e8\u05d7\u05d1\u05d4 >><\/a>\r\n<h3>\u05d4\u05d1\u05e7\u05ea\u05d4 \u05d4\u05e8\u05d5\u05de\u05e0\u05d8\u05d9\u05ea \u05de\u05d7\u05db\u05d4 \u05dc\u05db\u05dd \u05d1\u05d7\u05d5\u05e4\u05e9\u05d4 \u05d4\u05de\u05e4\u05e0\u05e7\u05ea \u05d4\u05d1\u05d0\u05d4 \u05e9\u05dc\u05db\u05dd..<\/h3>\r\n<table style=\"width: 400px; height: 300px;\" border=\"0\" cellpadding=\"1\" align=\"right\">\r\n<tbody>\r\n<tr>\r\n<td><strong><span style=\"color: #af3b08;\"><iframe src=\"\/\/www.youtube-nocookie.com\/embed\/akAz4n4bKBc?rel=0\" width=\"450\" height=\"330\" frameborder=\"0\" scrolling=\"no\" allowfullscreen=\"allowfullscreen\"><\/iframe><\/span><\/strong><\/td>\r\n<\/tr>\r\n<\/tbody>\r\n<\/table>\r\n<strong><span style=\"color: #af3b08;\">\u00a0\u00a0 \u05de\u05d7\u05db\u05d9\u05dd \u05dc\u05db\u05dd:<\/span><\/strong>\r\n\r\n<span style=\"font-size: 18px;\"><span style=\"color: #af3b08;\">\u00a0\u05d3\u05d1\u05d9 \u05d5\u05e9\u05dc\u05d5\u05dd<\/span><\/span>\r\n\u05d0\u05d5\u05e8 \u05d1\u05e8\u05d0\u05e9\u05d9\u05ea \u05e6\u05d9\u05de\u05e8\u05d9\u05dd \u05d1\u05e6\u05e4\u05d5\u05df \u05d1\u05d0\u05de\u05d9\u05e8\u05d9\u05dd\r\n<strong><span style=\"font-size: 16px;\"><span style=\"color: #af3b08;\">\u00a0\u05d7\u05d5\u05d5\u05d9\u05d4 \u05de\u05d5\u05e9\u05dc\u05de\u05ea \u05dc\u05d6\u05d5\u05d2\u05d5\u05ea \u05d0\u05d5\u05d4\u05d1\u05d9\u05dd..<\/span><\/span><\/strong>\r\n054-5747691\r\n\r\n\u00a0\r\n\r\n\u00a0\r\n\r\n\u00a0","_et_gb_content_width":"","_joinchat":[],"footnotes":"","_links_to":"","_links_to_target":""},"class_list":["post-11291","page","type-page","status-publish","hentry"],"acf":[],"aioseo_notices":[],"_links":{"self":[{"href":"https:\/\/zimmernorth.co.il\/fr\/wp-json\/wp\/v2\/pages\/11291","targetHints":{"allow":["GET"]}}],"collection":[{"href":"https:\/\/zimmernorth.co.il\/fr\/wp-json\/wp\/v2\/pages"}],"about":[{"href":"https:\/\/zimmernorth.co.il\/fr\/wp-json\/wp\/v2\/types\/page"}],"author":[{"embeddable":true,"href":"https:\/\/zimmernorth.co.il\/fr\/wp-json\/wp\/v2\/users\/3"}],"replies":[{"embeddable":true,"href":"https:\/\/zimmernorth.co.il\/fr\/wp-json\/wp\/v2\/comments?post=11291"}],"version-history":[{"count":17,"href":"https:\/\/zimmernorth.co.il\/fr\/wp-json\/wp\/v2\/pages\/11291\/revisions"}],"predecessor-version":[{"id":17671,"href":"https:\/\/zimmernorth.co.il\/fr\/wp-json\/wp\/v2\/pages\/11291\/revisions\/17671"}],"wp:attachment":[{"href":"https:\/\/zimmernorth.co.il\/fr\/wp-json\/wp\/v2\/media?parent=11291"}],"curies":[{"name":"wp","href":"https:\/\/api.w.org\/{rel}","templated":true}]}}