{"id":11247,"date":"2016-08-11T18:20:58","date_gmt":"2016-08-11T15:20:58","guid":{"rendered":"https:\/\/www.zimmernorth.co.il\/fr\/?page_id=11247"},"modified":"2024-10-07T15:34:48","modified_gmt":"2024-10-07T12:34:48","slug":"la-suite-enchantee","status":"publish","type":"page","link":"https:\/\/zimmernorth.co.il\/fr\/la-suite-enchantee\/","title":{"rendered":"La Suite enchant\u00e9e"},"content":{"rendered":"<p>[et_pb_section fb_built=\u00a0\u00bb1&Prime; _builder_version=\u00a0\u00bb4.16&Prime; background_color=\u00a0\u00bb#ffffff\u00a0\u00bb custom_margin_tablet=\u00a0\u00bb\u00a0\u00bb custom_margin_phone=\u00a0\u00bb|10px||10px\u00a0\u00bb custom_margin_last_edited=\u00a0\u00bbon|phone\u00a0\u00bb global_colors_info=\u00a0\u00bb{}\u00a0\u00bb][et_pb_row admin_label=\u00a0\u00bbLigne\u00a0\u00bb _builder_version=\u00a0\u00bb4.16&Prime; background_size=\u00a0\u00bbinitial\u00a0\u00bb background_position=\u00a0\u00bbtop_left\u00a0\u00bb background_repeat=\u00a0\u00bbrepeat\u00a0\u00bb global_colors_info=\u00a0\u00bb{}\u00a0\u00bb][et_pb_column type=\u00a0\u00bb4_4&Prime; _builder_version=\u00a0\u00bb4.16&Prime; custom_padding=\u00a0\u00bb|||\u00a0\u00bb global_colors_info=\u00a0\u00bb{}\u00a0\u00bb custom_padding__hover=\u00a0\u00bb|||\u00a0\u00bb][et_pb_text _builder_version=\u00a0\u00bb4.16&Prime; custom_margin_tablet=\u00a0\u00bb\u00a0\u00bb custom_margin_phone=\u00a0\u00bb15px|||\u00a0\u00bb custom_margin_last_edited=\u00a0\u00bbon|phone\u00a0\u00bb global_colors_info=\u00a0\u00bb{}\u00a0\u00bb]<\/p>\n<h1 dir=\"ltr\" style=\"text-align: center;\"><strong>La Suite enchant\u00e9e <\/strong><\/h1>\n<p>[\/et_pb_text][et_pb_text disabled_on=\u00a0\u00bb|on|on\u00a0\u00bb admin_label=\u00a0\u00bb\u05d8\u05e7\u05e1\u05d8 \u05dc\u05e0\u05d9\u05d3\u00a0\u00bb _builder_version=\u00a0\u00bb4.16&Prime; custom_margin_tablet=\u00a0\u00bb\u00a0\u00bb custom_margin_phone=\u00a0\u00bb-20px|||\u00a0\u00bb custom_margin_last_edited=\u00a0\u00bbon|phone\u00a0\u00bb global_colors_info=\u00a0\u00bb{}\u00a0\u00bb]<\/p>\n<p dir=\"ltr\" style=\"text-align: left;\">La Suite enchant\u00e9e est r\u00e9ellement magique. Bord\u00e9e d\u2019orangers et de pacaniers, avec sa vue sublime sur le Kinnereth, son emplacement parfait vous assure des vacances sereines au charme f\u00e9\u00e9rique.<br \/>Poutres de bois et\u00a0 vieilles pierres autour d\u2019un somptueux jacuzzi parfaitement int\u00e9gr\u00e9 \u00e0 ce d\u00e9cor aux couleurs chaudes, au sein duquel, en hiver, vous pourrez allumer un feu de bois dans la chemin\u00e9e et en \u00e9t\u00e9 vous relaxer sur la terrasse au bord de votre piscine priv\u00e9e.<br \/>La Suite enchant\u00e9e \u00a0comporte une chambre suppl\u00e9mentaire avec quatre couchages et convient aussi bien aux couples qu\u2019aux familles.<\/p>\n<p>[\/et_pb_text][\/et_pb_column][\/et_pb_row][et_pb_row column_structure=\u00a0\u00bb3_5,2_5&Prime; _builder_version=\u00a0\u00bb4.16&Prime; custom_margin=\u00a0\u00bb-120px|||\u00a0\u00bb custom_margin_tablet=\u00a0\u00bb\u00a0\u00bb custom_margin_phone=\u00a0\u00bb\u00a0\u00bb custom_margin_last_edited=\u00a0\u00bbon|desktop\u00a0\u00bb global_colors_info=\u00a0\u00bb{}\u00a0\u00bb][et_pb_column type=\u00a0\u00bb3_5&Prime; _builder_version=\u00a0\u00bb4.16&Prime; custom_padding=\u00a0\u00bb|||\u00a0\u00bb global_colors_info=\u00a0\u00bb{}\u00a0\u00bb custom_padding__hover=\u00a0\u00bb|||\u00a0\u00bb][et_pb_gallery gallery_ids=\u00a0\u00bb15688,15691,15694,15697,15700,15703,15706,15709,15712,15715,15718,15721,15724,15727,15728,15731,15734,15737,15740,15745,15748,15751,15754,15757,15760,15763,15766,15769,15772,15877&Prime; fullwidth=\u00a0\u00bbon\u00a0\u00bb _builder_version=\u00a0\u00bb4.23.4&Prime; auto=\u00a0\u00bbon\u00a0\u00bb auto_speed=\u00a0\u00bb3000&Prime; hover_enabled=\u00a0\u00bb0&Prime; global_colors_info=\u00a0\u00bb{}\u00a0\u00bb admin_label=\u00a0\u00bbGalerie\u00a0\u00bb sticky_enabled=\u00a0\u00bb0&Prime; custom_margin=\u00a0\u00bb20px||||false|false\u00a0\u00bb][\/et_pb_gallery][et_pb_text _builder_version=\u00a0\u00bb4.23.4&Prime; custom_margin_tablet=\u00a0\u00bb\u00a0\u00bb custom_margin_phone=\u00a0\u00bb20px||||false|false\u00a0\u00bb custom_margin_last_edited=\u00a0\u00bbon|phone\u00a0\u00bb hover_enabled=\u00a0\u00bb0&Prime; global_colors_info=\u00a0\u00bb{}\u00a0\u00bb sticky_enabled=\u00a0\u00bb0&Prime;]<\/p>\n<h2 dir=\"ltr\" style=\"text-align: left;\"><strong>Dans la Suite enchant\u00e9e vous trouverez\u00a0: <\/strong><\/h2>\n<ul dir=\"ltr\" style=\"text-align: left;\">\n<li>Une terrasse en teck avec vue magique sur la Galil\u00e9e<\/li>\n<li>Une piscine priv\u00e9e de 2 X 4\u00a0m\u00e8tres de diam\u00e8tre chauff\u00e9e en hiver<\/li>\n<li>Une chemin\u00e9e pour se lover au coin du feu en hiver<\/li>\n<li>Un jacuzzi \u00e9clair\u00e9 aux bougies<\/li>\n<li>Un grand lit double avec draperie de qualit\u00e9<\/li>\n<li>Une salle de bain avec douche \u00e0 effet pluie de for\u00eat<\/li>\n<li>Peignoirs et draps de bains \u00e9pais pour chaque convive<\/li>\n<li>T\u00e9l\u00e9vision grand \u00e9cran, DVD, c\u00e2bles, vid\u00e9oth\u00e8que<\/li>\n<li>Coin salon confortable, jeux de soci\u00e9t\u00e9, magazines<\/li>\n<li>Machine \u00e0 expresso et capsules<\/li>\n<li>Cuisine \u00e9quip\u00e9e avec four \u00e0 micro-ondes et r\u00e9frig\u00e9rateur garni<\/li>\n<li>Biscuits, crackers, lait, beurre, confiture, yaourts<\/li>\n<li>Vin et chocolats fins, fruits de saison<\/li>\n<\/ul>\n<h1 dir=\"ltr\" style=\"text-align: left;\"><strong>\u00a0<\/strong><strong>Vous pouvez commander dans votre chalet, en suppl\u00e9ment\u00a0:<\/strong><\/h1>\n<ul dir=\"ltr\" style=\"text-align: left;\">\n<li>Un d\u00e9licieux petit d\u00e9jeuner<\/li>\n<li>Des repas exquis<\/li>\n<li>Des massages et des soins esth\u00e9tiques professionnels<strong>\u00a0<\/strong><\/li>\n<\/ul>\n<h2 dir=\"ltr\" style=\"text-align: left;\"><strong>Par ailleurs, vous trouverez \u00e0 proximit\u00e9 de votre chalet, dans le village et les environs\u00a0:<\/strong><\/h2>\n<ul dir=\"ltr\">\n<li style=\"text-align: left;\">L\u2019atelier-galerie de vitraux de Debbie, o\u00f9 vous trouverez des cr\u00e9ations originales pour vos cadeaux ou pour participer \u00e0 un atelier de 2-3 heures (\u00e0 r\u00e9server \u00e0 l\u2019avance).<\/li>\n<li style=\"text-align: left;\">L\u2019acc\u00e8s gratuit en saison \u00e0 la superbe piscine du village<\/li>\n<li style=\"text-align: left;\">Le jardin des sculptures exposant des pi\u00e8ces de collection du Mus\u00e9e d\u2019Isra\u00ebl<\/li>\n<li style=\"text-align: left;\">Galeries d\u2019art, restaurants (v\u00e9g\u00e9ta*ien), spa et m\u00e9decines alternatives<\/li>\n<li style=\"text-align: left;\">De tr\u00e8s belles balades, belv\u00e9d\u00e8res, circuits et r\u00e9serves naturelles<\/li>\n<li style=\"text-align: left;\">Des excursions en v\u00e9hicule tout terrain, des ateliers cuisine, sant\u00e9 et bien-\u00eatre<\/li>\n<li style=\"text-align: left;\">Synagogues, mikv\u00e9, cours de Torah et restauration casher<\/li>\n<\/ul>\n<p>[\/et_pb_text][et_pb_text admin_label=\u00a0\u00bb\u05ea\u05de\u05d5\u05e0\u05d4\u00a0\u00bb _builder_version=\u00a0\u00bb4.16&Prime; global_colors_info=\u00a0\u00bb{}\u00a0\u00bb]<\/p>\n<p><a href=\"https:\/\/www.zimmernorth.co.il\/wp-content\/uploads\/2013\/07\/The-Magical-Suite-zimmer-north-5001.png\"><img fetchpriority=\"high\" fetchpriority=\"high\" decoding=\"async\" class=\"wp-image-12860 alignleft\" src=\"https:\/\/www.zimmernorth.co.il\/wp-content\/uploads\/2013\/07\/The-Magical-Suite-zimmer-north-5001-300x194.png\" alt=\"\" width=\"648\" height=\"420\" srcset=\"https:\/\/zimmernorth.co.il\/wp-content\/uploads\/2013\/07\/The-Magical-Suite-zimmer-north-5001-300x194.png 300w, https:\/\/zimmernorth.co.il\/wp-content\/uploads\/2013\/07\/The-Magical-Suite-zimmer-north-5001-768x497.png 768w, https:\/\/zimmernorth.co.il\/wp-content\/uploads\/2013\/07\/The-Magical-Suite-zimmer-north-5001-1024x663.png 1024w, https:\/\/zimmernorth.co.il\/wp-content\/uploads\/2013\/07\/The-Magical-Suite-zimmer-north-5001-1080x699.png 1080w, https:\/\/zimmernorth.co.il\/wp-content\/uploads\/2013\/07\/The-Magical-Suite-zimmer-north-5001.png 1976w\" sizes=\"(max-width: 648px) 100vw, 648px\" \/><\/a><\/p>\n<p>[\/et_pb_text][\/et_pb_column][et_pb_column type=\u00a0\u00bb2_5&Prime; _builder_version=\u00a0\u00bb4.16&Prime; custom_padding=\u00a0\u00bb|||\u00a0\u00bb global_colors_info=\u00a0\u00bb{}\u00a0\u00bb custom_padding__hover=\u00a0\u00bb|||\u00a0\u00bb][et_pb_text disabled_on=\u00a0\u00bbon||\u00a0\u00bb admin_label=\u00a0\u00bb\u05d8\u05e7\u05e1\u05d8 \u05dc\u05de\u05d7\u05e9\u05d1\u00a0\u00bb _builder_version=\u00a0\u00bb4.16&Prime; global_colors_info=\u00a0\u00bb{}\u00a0\u00bb]<\/p>\n<p dir=\"ltr\" style=\"text-align: left;\">La Suite enchant\u00e9e est r\u00e9ellement magique. Bord\u00e9e d\u2019orangers et de pacaniers, avec sa vue sublime sur le Kinnereth, son emplacement parfait vous assure des vacances sereines au charme f\u00e9\u00e9rique.<br \/>Poutres de bois et\u00a0 vieilles pierres autour d\u2019un somptueux jacuzzi parfaitement int\u00e9gr\u00e9 \u00e0 ce d\u00e9cor aux couleurs chaudes, au sein duquel, en hiver, vous pourrez allumer un feu de bois dans la chemin\u00e9e et en \u00e9t\u00e9 vous relaxer sur la terrasse au bord de votre piscine priv\u00e9e.<br \/>La Suite enchant\u00e9e \u00a0comporte une chambre suppl\u00e9mentaire avec quatre couchages et convient aussi bien aux couples qu\u2019aux familles.<\/p>\n<p>[\/et_pb_text][\/et_pb_column][\/et_pb_row][\/et_pb_section]<\/p>\n","protected":false},"excerpt":{"rendered":"<p>La Suite enchant\u00e9e La Suite enchant\u00e9e est r\u00e9ellement magique. Bord\u00e9e d\u2019orangers et de pacaniers, avec sa vue sublime sur le Kinnereth, son emplacement parfait vous assure des vacances sereines au charme f\u00e9\u00e9rique.Poutres de bois et\u00a0 vieilles pierres autour d\u2019un somptueux jacuzzi parfaitement int\u00e9gr\u00e9 \u00e0 ce d\u00e9cor aux couleurs chaudes, au sein duquel, en hiver, vous [&hellip;]<\/p>\n","protected":false},"author":3,"featured_media":0,"parent":0,"menu_order":0,"comment_status":"closed","ping_status":"closed","template":"","meta":{"_acf_changed":false,"_et_pb_use_builder":"on","_et_pb_old_content":"<h1>\u05d4\u05d1\u05e7\u05ea\u05d4 \u05d4\u05e7\u05e1\u05d5\u05de\u05d4 \u05e0\u05d5\u05e3 \u05dc\u05db\u05d9\u05e0\u05e8\u05ea \u05d5\u05d1\u05e8\u05d9\u05db\u05d4 \u05e4\u05e8\u05d8\u05d9\u05ea \u05de\u05d7\u05d5\u05de\u05de\u05ea \u05db\u05dc \u05d4\u05e9\u05e0\u05d4 - \u05e6\u05d9\u05de\u05e8 \u05d1\u05e6\u05e4\u05d5\u05df \u05d1\u05d0\u05de\u05d9\u05e8\u05d9\u05dd<\/h1>\r\n\u05d1\u05d9\u05df \u05d4\u05e2\u05e6\u05d9\u05dd\u00a0\u05e6\u05d5\u05e4\u05d4 \u05dc\u05e0\u05d5\u05e3 \u05db\u05d9\u05e0\u05e8\u05ea \u05d9\u05e8\u05d5\u05e7 \u05e2\u05dd \u05d1\u05e8\u05d9\u05db\u05d4 \u05e4\u05e8\u05d8\u05d9\u05ea \u05de\u05d7\u05d5\u05de\u05de\u05ea \u05d1\u05d7\u05d5\u05e8\u05e3\r\n\u05d0\u05dd \u05d7\u05dc\u05de\u05ea\u05dd \u05e2\u05dc \u05d7\u05d5\u05e4\u05e9\u05d4 \u05d2\u05dc\u05d9\u05dc\u05d9\u05ea \u05d9\u05e8\u05d5\u05e7\u05d4 \u05d5\u05de\u05d5\u05e9\u05dc\u05de\u05ea, \u05de\u05d5\u05dc \u05e0\u05d5\u05e3 \u05d4\u05db\u05e0\u05e8\u05ea \u05d4\u05db\u05d7\u05d5\u05dc\u05d4 \u05d5\u05d4\u05e8\u05d9 \u05d4\u05d2\u05dc\u05d9\u05dc \u05d4\u05d9\u05e8\u05d5\u05e7\u05d9\u05dd, \u05d4\u05e8\u05d9 \u05e9\u05de\u05ea\u05d7\u05dd \u05d4\u05e1\u05d5\u05d5\u05d9\u05d8\u05d5\u05ea \u05e6\u05d9\u05de\u05e8\u05d9\u05dd \u05d0\u05d5\u05e8 \u05d1\u05e8\u05d0\u05e9\u05d9\u05ea\u00a0\u05d1\u05e6\u05e4\u05d5\u05df \u05d4\u05d9\u05e0\u05d5 \u05d4\u05de\u05e7\u05d5\u05dd \u05d4\u05de\u05d5\u05e9\u05dc\u05dd \u05e2\u05d1\u05d5\u05e8\u05db\u05dd.\r\n\u05d4\u05e6\u05d9\u05de\u05e8\u00a0\u05e1\u05d5\u05d5\u05d9\u05d8\u05d4 \u05d1\u05e7\u05ea\u05ea \u05e2\u05e5 \u05de\u05e8\u05d5\u05d5\u05d7\u05ea \u05d5\u05e8\u05d5\u05de\u05e0\u05d8\u05d9\u05ea, \u05de\u05d5\u05e7\u05e4\u05ea \u05e0\u05d5\u05e4\u05d9\u05dd \u05d9\u05e8\u05d5\u05e7\u05d9\u05dd \u05de\u05e8\u05d4\u05d9\u05d1\u05d9\u05dd, \u05d4\u05de\u05d1\u05d8\u05d9\u05d7\u05d9\u05dd \u05dc\u05db\u05dd \u05d7\u05d5\u05e4\u05e9\u05d4 \u05de\u05d5\u05e9\u05dc\u05de\u05ea.\r\n\u05d4\u05e1\u05d5\u05d5\u05d9\u05d8\u05d4 \u05e2\u05dd \u05d7\u05d3\u05e8 \u05e0\u05d5\u05e1\u05e3, \u05de\u05e2\u05d5\u05e6\u05d1\u05ea \u05d1\u05e7\u05e4\u05d9\u05d3\u05d4 \u05e2\u05dd \u05e0\u05d2\u05d9\u05e2\u05d5\u05ea \u05d0\u05d4\u05d1\u05d4 \u05d5\u05e8\u05d5\u05de\u05e0\u05d8\u05d9\u05e7\u05d4 \u05d1\u05db\u05dc \u05e4\u05d9\u05e0\u05d4 \u05e4\u05e8\u05d7\u05d9\u05dd \u05e8\u05d9\u05d7\u05e0\u05d9\u05d9\u05dd, \u05e0\u05e8\u05d5\u05ea \u05e8\u05d5\u05de\u05e0\u05d8\u05d9\u05d9\u05dd \u05dc\u05d4\u05e2\u05e9\u05e8\u05ea \u05d4\u05d0\u05d5\u05d5\u05d9\u05e8\u05d4, \u05e1\u05dc\u05e1\u05dc\u05ea \u05e4\u05d9\u05e8\u05d5\u05ea, \u05e7\u05e4\u05d4 \u05d0\u05e1\u05e4\u05e8\u05e1\u05d5 \u05d5\u05de\u05d1\u05d7\u05e8 \u05e4\u05d9\u05e0\u05d5\u05e7\u05d9\u05dd \u05de\u05ea\u05d5\u05e7\u05d9\u05dd.\r\n<h3>\u05d2\u05dc\u05e8\u05d9\u05d9\u05ea \u05ea\u05de\u05d5\u05e0\u05d5\u05ea \u05d4\u05d1\u05e7\u05ea\u05d4 \u05d4\u05e7\u05e1\u05d5\u05de\u05d4:<\/h3>\r\n<span style=\"line-height: 20.7999992370605px;\">[g-slider gid=\"9001\" width=\"100%\" height=\"60%\"]<\/span>\r\n<h3>\u05d1\u05e1\u05d5\u05d5\u05d9\u05d8\u05d4 \u05d4\u05e7\u05e1\u05d5\u05de\u05d4 \/ \u05d1\u05d1\u05e7\u05ea\u05d4 \u05ea\u05de\u05e6\u05d0\u05d5:<\/h3>\r\n\u2666 \u00a0\u05de\u05e8\u05e4\u05e1\u05ea \u05de\u05e8\u05d5\u05e6\u05e4\u05ea \u05d3\u05e7, \u05e2\u05dd \u05e4\u05d9\u05e0\u05ea \u05d9\u05e9\u05d9\u05d1\u05d4 \u05e0\u05d5\u05d7\u05d4, \u05e0\u05d5\u05e3\u00a0\u05d9\u05e8\u05d5\u05e7 \u05d5\u05e2\u05d5\u05e6\u05e8 \u05e0\u05e9\u05d9\u05de\u05d4\u00a0\u05e9\u05dc \u05d4\u05d2\u05dc\u05d9\u05dc \u05d4\u05d9\u05e8\u05d5\u05e7\r\n\u2666 \u00a0\u05d7\u05d3\u05e8 \u05e0\u05d5\u05e1\u05e3 \u05d4\u05d9\u05db\u05d5\u05dc \u05dc\u05e9\u05de\u05e9 \u05db\u05d7\u05d3\u05e8 \u05d9\u05dc\u05d3\u05d9\u05dd \u05d0\u05d5 \u05dc\u05d6\u05d5\u05d2 \u05d7\u05d1\u05e8\u05d9\u05dd \u05e0\u05d5\u05e1\u05e3\r\n\u2666\u00a0 \u05d1\u05e8\u05d9\u05db\u05d4 \u05e4\u05e8\u05d8\u05d9\u05ea \u05d1\u05d2\u05d5\u05d3\u05dc 2 \u05e2\u05dc 4 \u05de\u05d8\u05e8\u00a0\u05dc\u05e9\u05db\u05e9\u05d5\u05da \u05de\u05d7\u05d5\u05de\u05de\u05ea \u05db\u05dc \u05d4\u05e9\u05e0\u05d4\r\n(\u05d4\u05d1\u05e8\u05d9\u05db\u05d4 \u05dc\u05d0 \u05de\u05e7\u05d5\u05e8\u05d4 \u05d5\u05d1\u05d9\u05de\u05d9\u05dd \u05e7\u05e8\u05d9\u05dd \u05de\u05d0\u05d5\u05d3 \u05dc\u05d0 \u05e0\u05d9\u05ea\u05df \u05dc\u05d4\u05d9\u05db\u05e0\u05e1 \u05dc\u05d1\u05e8\u05d9\u05db\u05d4)\r\n\u2666\u00a0 \u05d2'\u05e7\u05d5\u05d6\u05d9 \u05d6\u05d5\u05d2\u05d9 \u05de\u05e8\u05d5\u05d5\u05d7 \u05de\u05d5\u05e7\u05e3 \u05e0\u05e8\u05d5\u05ea\r\n\u2666\u00a0 \u05d0\u05d7 \/ \u05e7\u05de\u05d9\u05df \u05e2\u05e6\u05d9\u05dd \u05dc\u05d7\u05d5\u05e8\u05e3\u00a0\u05e8\u05d5\u05de\u05e0\u05d8\u05d9 \u05d5\u05de\u05d6\u05d2\u05df\r\n\u2666\u00a0 \u05d7\u05d3\u05e8 \u05e8\u05d7\u05e6\u05d4 \u05de\u05e8\u05d5\u05d5\u05d7\u00a0\u05de\u05e2\u05d5\u05e6\u05d1 \u05d1\u05e1\u05d2\u05e0\u05d5\u05df\u00a0\u05de\u05d9\u05d5\u05d7\u05d3 \u05d1\u05de\u05d9\u05e0\u05d5 \u05e2\u05dd \u05e8\u05d0\u05e9 \u05d2\u05e9\u05dd \u05de\u05e4\u05e0\u05e7\r\n\u2666\u00a0 \u05de\u05d2\u05d1\u05d5\u05ea \u05d5\u05d7\u05dc\u05d5\u05e7\u05d9 \u05e8\u05d7\u05e6\u05d4 \u05de\u05e4\u05e0\u05e7\u05d9\u05dd\r\n\u2666\u00a0 \u05de\u05d9\u05d8\u05d4 \u05d6\u05d5\u05d2\u05d9\u05ea \u05d2\u05d3\u05d5\u05dc\u05d4 \u05d5\u05de\u05e2\u05d5\u05e6\u05d1\u05ea, \u05e8\u05db\u05d4 \u05d5\u05de\u05d6\u05de\u05d9\u05e0\u05d4\r\n\u2666 \u00a0\u05d1\u05e7\u05d1\u05d5\u05e7 \u05d9\u05d9\u05df, \u05e9\u05d5\u05e7\u05d5\u05dc\u05d3\u05d9\u05dd \u05d5\u05e1\u05dc\u05e1\u05dc\u05ea \u05e4\u05d9\u05e8\u05d5\u05ea \u05d4\u05e2\u05d5\u05e0\u05d4\r\n\u2666\u00a0 \u05de\u05d8\u05d1\u05d7\u05d5\u05df \u05de\u05d0\u05d5\u05d1\u05d6\u05e8\u00a0\u05d1\u05de\u05e7\u05e8\u05e8, \u05de\u05d9\u05e7\u05e8\u05d5\u05d2\u05dc, \u05e4\u05d9\u05e0\u05ea \u05e7\u05e4\u05d4, \u05d7\u05dc\u05d1, \u05d9\u05d5\u05d2\u05d5\u05e8\u05d8\u05d9\u05dd\r\n\u2666\u00a0 \u05e4\u05d9\u05e0\u05ea \u05d0\u05d5\u05db\u05dc\r\n\u2666\u00a0 \u05de\u05db\u05d5\u05e0\u05ea \u05d0\u05e1\u05e4\u05e8\u05e1\u05d5 \u05dc\u05e7\u05e4\u05d4 \u05d0\u05e8\u05d5\u05de\u05d8\u05d9\r\n\u2666\u00a0 \u05e4\u05d9\u05e0\u05ea \u05d9\u05e9\u05d9\u05d1\u05d4 \u05e0\u05d5\u05d7\u05d4 \u05d1\u05e2\u05d9\u05e6\u05d5\u05d1 \u05de\u05e7\u05d5\u05e8\u05d9 \u05d0\u05d5\u05ea\u05e0\u05d8\u05d9\r\n\u2666\u00a0 \u05d8\u05dc\u05d5\u05d5\u05d9\u05d6\u05d9\u05d4 \u05d1\u05db\u05d1\u05dc\u05d9\u05dd <a href=\"https:\/\/zimmernorth.co.il\/%d7%a2%d7%a8%d7%95%d7%a6%d7%99-%d7%98%d7%9c%d7%95%d7%99%d7%96%d7%99%d7%94-%d7%91%d7%91%d7%a7%d7%aa%d7%94\/\"><span style=\"color: #ff6600;\">\u05e2\u05e8\u05d5\u05e6\u05d9\u05d9\u00a0YES\u00a0<\/span><\/a>\u05d5\u05de\u05e2\u05e8\u05db\u05ea\u00a0DVD\r\n\u2666 \u00a0\u05de\u05e9\u05d7\u05e7\u05d9 \u05d7\u05e9\u05d9\u05d1\u05d4 \u05d5\u05d7\u05d5\u05d1\u05e8\u05d5\u05ea \u05e7\u05e8\u05d9\u05d0\u05d4 \u05e2\u05d3\u05db\u05e0\u05d9\u05d5\u05ea\r\n\r\n\u05dc\u05d4\u05e8\u05d7\u05d1\u05d4 \u05e2\u05dc \u05d4\u05e1\u05d8\u05e0\u05d3\u05e8\u05d8 \u05e9\u05dc\u05e0\u05d5 <a href=\"https:\/\/www.zimmernorth.co.il\/%d7%9e%d7%94-%d7%9b%d7%9c%d7%95%d7%9c-%d7%91%d7%9e%d7%97%d7%99%d7%a8-%d7%a6%d7%99%d7%9e%d7%a8-%d7%91%d7%a6%d7%a4%d7%95%d7%9f\/\"><span style=\"color: #ff6600;\">\u05dc\u05d7\u05e5 \u05db\u05d0\u05df >><\/span><\/a>\r\n\r\n<a href=\"https:\/\/zimmernorth.co.il\/breakfast\/\"><span style=\"color: #ff6600;\">\u05d0\u05e8\u05d5\u05d7\u05ea \u05d1\u05d5\u05e7\u05e8 \u05d2\u05dc\u05d9\u05dc\u05d9\u05ea <\/span><\/a><span style=\"color: #000000;\">\u05e2\u05e9\u05d9\u05e8\u05d4 \u05d5\u05d0\u05e8\u05d5\u05d7\u05ea \u05e2\u05e8\u05d1 \u05ea\u05d5\u05d2\u05e9 \u05dc\u05e1\u05d5\u05d5\u05d9\u05d8\u05d5\u05ea \u05d1\u05ea\u05e9\u05dc\u05d5\u05dd \u05e0\u05e4\u05e8\u05d3 \u05d5\u05d1\u05d4\u05d6\u05de\u05e0\u05d4 \u05de\u05e8\u05d0\u05e9.<\/span>\r\n\r\n<span style=\"color: #000000;\">\u05e0\u05d9\u05ea\u05df \u05dc\u05d4\u05d6\u05de\u05d9\u05df <\/span><a href=\"https:\/\/zimmernorth.co.il\/%d7%98%d7%99%d7%a4%d7%95%d7%9c%d7%99%d7%9d-%d7%91%d7%a8%d7%99%d7%90%d7%95%d7%aa-%d7%a4%d7%99%d7%a0%d7%95%d7%a7\/\"><span style=\"color: #ff6600;\">\u05d8\u05d9\u05e4\u05d5\u05dc\u05d9\u05dd \u05d5\u05e2\u05d9\u05e1\u05d5\u05d9\u05d9\u05dd \u05de\u05e4\u05e0\u05e7\u05d9\u05dd <\/span><\/a>\u05d1\u05ea\u05e9\u05dc\u05d5\u05dd \u05e0\u05e4\u05e8\u05d3, \u05e9\u05d9\u05d5\u05e2\u05e0\u05e7\u05d5 \u05e2\"\u05d9 \u05e6\u05d5\u05d5\u05ea \u05de\u05e2\u05e1\u05d9\u05dd \u05de\u05e7\u05e6\u05d5\u05e2\u05d9 \u05d1\u05de\u05ea\u05d7\u05dd.\r\n\r\n\u05d1\u05de\u05ea\u05d7\u05dd \u05d4\u05e6\u05d9\u05de\u05e8\u05d9\u05dd \u05e9\u05dc\u05e0\u05d5 \u05e0\u05de\u05e6\u05d0\u05ea \u05d4\u05d2\u05dc\u05e8\u05d9\u05d4 \u05e1\u05d8\u05d5\u05d3\u05d9\u05d5 \u05e9\u05dc \u05d3\u05d1\u05d9 \u05d0\u05d5\u05de\u05e0\u05d5\u05ea \u05d1\u05d6\u05db\u05d5\u05db\u05d9\u05ea, \u05e0\u05d9\u05ea\u05df \u05dc\u05d4\u05d6\u05de\u05d9\u05df \u05de\u05e8\u05d0\u05e9 <a href=\"https:\/\/www.zimmernorth.co.il\/%d7%a1%d7%93%d7%a0%d7%90%d7%aa-%d7%99%d7%a6%d7%99%d7%a8%d7%aa-%d7%95%d7%99%d7%98%d7%a8%d7%90%d7%96-%d7%a6%d7%99%d7%9e%d7%a8-%d7%90%d7%95%d7%a8-%d7%91%d7%a8%d7%90%d7%a9%d7%99%d7%aa\/\">\u05e1\u05d3\u05e0\u05ea \u05d5\u05d9\u05d8\u05e8\u05d0\u05d6' <\/a>\u05dc\u05d7\u05d5\u05d5\u05d9\u05ea \u05d9\u05e6\u05d9\u05e8\u05d4 \u05de\u05d9\u05d5\u05d7\u05d3\u05ea.\r\n\r\n\u05d1\u05e2\u05d5\u05e0\u05ea \u05d4\u05e8\u05d7\u05e6\u05d4 \u05ea\u05d9\u05e0\u05ea\u05df \u05db\u05e0\u05d9\u05e1\u05d4 \u05d7\u05d5\u05e4\u05e9\u05d9\u05ea <a href=\"https:\/\/www.zimmernorth.co.il\/%d7%91%d7%a8%d7%99%d7%9b%d7%aa-%d7%a9%d7%97%d7%99%d7%94-%d7%90%d7%9e%d7%99%d7%a8%d7%99%d7%9d\/\"><span style=\"color: #ff6600;\">\u05dc\u05d1\u05e8\u05d9\u05db\u05ea \u05d4\u05e9\u05d7\u05d9\u05d9\u05d4 \u05d1\u05d9\u05d9\u05e9\u05d5\u05d1.<\/span><\/a>\r\n<a href=\"https:\/\/zimmernorth.co.il\/wp-content\/uploads\/2013\/07\/The-Magical-Suite-zimmer-north-5001-300x194.png\"><img class=\"alignnone  wp-image-12858\" src=\"https:\/\/zimmernorth.co.il\/wp-content\/uploads\/2013\/07\/The-Magical-Suite-zimmer-north-5001-300x194.png\" alt=\"\" width=\"467\" height=\"302\" \/><\/a>\r\n\r\n<strong><span style=\"color: #af3b08;\">\u05de\u05d7\u05db\u05d9\u05dd \u05dc\u05db\u05dd:\u00a0<\/span><\/strong><span style=\"font-size: 18px;\"><span style=\"color: #af3b08;\">\u05d3\u05d1\u05d9 \u05d5\u05e9\u05dc\u05d5\u05dd<\/span><\/span>\r\n\u05d0\u05d5\u05e8 \u05d1\u05e8\u05d0\u05e9\u05d9\u05ea \u05e6\u05d9\u05de\u05e8\u05d9\u05dd \u05d1\u05e6\u05e4\u05d5\u05df \u05d1\u05d0\u05de\u05d9\u05e8\u05d9\u05dd\r\n<strong><span style=\"font-size: 16px;\"><span style=\"color: #af3b08;\">\u05d7\u05d5\u05d5\u05d9\u05d4 \u05de\u05d5\u05e9\u05dc\u05de\u05ea \u05dc\u05d6\u05d5\u05d2\u05d5\u05ea \u05d0\u05d5\u05d4\u05d1\u05d9\u05dd..<\/span><\/span><\/strong>\r\n054-5747691","_et_gb_content_width":"","_joinchat":[],"footnotes":"","_links_to":"","_links_to_target":""},"class_list":["post-11247","page","type-page","status-publish","hentry"],"acf":[],"aioseo_notices":[],"_links":{"self":[{"href":"https:\/\/zimmernorth.co.il\/fr\/wp-json\/wp\/v2\/pages\/11247","targetHints":{"allow":["GET"]}}],"collection":[{"href":"https:\/\/zimmernorth.co.il\/fr\/wp-json\/wp\/v2\/pages"}],"about":[{"href":"https:\/\/zimmernorth.co.il\/fr\/wp-json\/wp\/v2\/types\/page"}],"author":[{"embeddable":true,"href":"https:\/\/zimmernorth.co.il\/fr\/wp-json\/wp\/v2\/users\/3"}],"replies":[{"embeddable":true,"href":"https:\/\/zimmernorth.co.il\/fr\/wp-json\/wp\/v2\/comments?post=11247"}],"version-history":[{"count":14,"href":"https:\/\/zimmernorth.co.il\/fr\/wp-json\/wp\/v2\/pages\/11247\/revisions"}],"predecessor-version":[{"id":17670,"href":"https:\/\/zimmernorth.co.il\/fr\/wp-json\/wp\/v2\/pages\/11247\/revisions\/17670"}],"wp:attachment":[{"href":"https:\/\/zimmernorth.co.il\/fr\/wp-json\/wp\/v2\/media?parent=11247"}],"curies":[{"name":"wp","href":"https:\/\/api.w.org\/{rel}","templated":true}]}}